{"id":102,"date":"2022-06-01T11:33:13","date_gmt":"2022-06-01T11:33:13","guid":{"rendered":"https:\/\/deubefevents.com\/iadce\/?page_id=102"},"modified":"2022-07-03T12:49:46","modified_gmt":"2022-07-03T12:49:46","slug":"sergi-ve-performans-basvurusu","status":"publish","type":"page","link":"http:\/\/deubefevents.com\/iadce\/sergi-ve-performans-basvurusu\/","title":{"rendered":"Sergi ve Performans Ba\u015fvurusu"},"content":{"rendered":"\n<p><strong>SERG\u0130 BA\u015eVURUSU<\/strong><\/p>\n\n\n\n<p>Sempozyum sergisi online ortamda 23 g\u00fcn a\u00e7\u0131k kalacakt\u0131r.<\/p>\n\n\n\n<p>Sempozyum kapsam\u0131nda uluslararas\u0131 ve j\u00fcrili sergi d\u00fczenlenecektir. Sergiye kat\u0131lacaklar\u0131n eserlerinin de\u011ferlendirmeye al\u0131nabilmesi i\u00e7in eser g\u00f6rselini (300dpi \u00e7\u00f6z\u00fcn\u00fcrl\u00fckte jpeg format\u0131nda) ve bilgilerini sempozyum web sayfas\u0131nda bulunan sergi ba\u015fvuru formunu doldurarak&nbsp;g\u00f6ndermeleri gerekmektedir.<\/p>\n\n\n\n<p><\/p>\n\n\n\n<p><strong>PERFORMANS BA\u015eVURUSU<\/strong><\/p>\n\n\n\n<p>Sempozyum performans sergisi online ortamda 23 g\u00fcn a\u00e7\u0131k kalacakt\u0131r.<\/p>\n\n\n\n<p>Sempozyum kapsam\u0131nda uluslararas\u0131 ve j\u00fcrili performans sergisi d\u00fczenlenecektir. Performans sergisine kat\u0131lacaklar\u0131n eserlerinin de\u011ferlendirmeye al\u0131nabilmesi i\u00e7in sempozyum web sayfas\u0131nda bulunan sergi ba\u015fvuru formunu doldurmalar\u0131 ve performans videolar\u0131 (10 dakikadan fazla olmamal\u0131d\u0131r) ile birlikte g\u00f6ndermeleri gerekmektedir.<\/p>\n\n\n\n<p>Not: Performans videosu (ki\u015fiye ba\u011fl\u0131 olarak gizli veya herkese a\u00e7\u0131k bi\u00e7imde) Youtube, Vimeo gibi bir payla\u015f\u0131m sitesine y\u00fcklenip linkin forma eklenmesi ile g\u00f6nderilebilir.<\/p>\n\n\n\n<p><\/p>\n\n\n\n<p><a href=\"http:\/\/deubefevents.com\/iadce\/wp-content\/uploads\/2022\/06\/Eser-basvuru-formu.doc\">Sergi ve Performans Ba\u015fvuru formu i\u00e7in t\u0131klay\u0131n\u0131z.<\/a><\/p>\n\n\n\n<p><\/p>\n\n\n\n<p>Dosyaya t\u0131klad\u0131\u011f\u0131n\u0131zda taray\u0131c\u0131ndan kaynakl\u0131 indirme problemi ya\u015farsan\u0131z, yukar\u0131daki ba\u011flant\u0131ya sa\u011f t\u0131klay\u0131p, &#8220;Ba\u011flant\u0131y\u0131 Farkl\u0131 Kaydet&#8221;e t\u0131klay\u0131p indirebilirsiniz. Dosyay\u0131 indirdikten sonra gerekli bilgileri doldurup sisteme y\u00fckleyiniz. <\/p>\n\n\n\n<div class=\"wp-block-buttons is-layout-flex wp-block-buttons-is-layout-flex\">\n<div class=\"wp-block-button\"><a class=\"wp-block-button__link\" href=\"https:\/\/deubefevents.com\/iadcesubmit\/openconf\/openconf.php\" target=\"_blank\" rel=\"noreferrer noopener\">Sergi ve Performans Ba\u015fvuru sistemi i\u00e7in t\u0131klay\u0131n\u0131z.<\/a><\/div>\n<\/div>\n\n\n\n<p><\/p>\n\n\n\n<p><\/p>\n\n\n\n<p>Not: Sisteme y\u00fckleme yapmak i\u00e7in gerekli bilgiler y\u00f6nergede sunulmu\u015ftur.<\/p>\n\n\n\n<div data-wp-interactive=\"core\/file\" class=\"wp-block-file\"><object data-wp-bind--hidden=\"!state.hasPdfPreview\" hidden class=\"wp-block-file__embed\" data=\"http:\/\/deubefevents.com\/iadce\/wp-content\/uploads\/2022\/07\/iadce_yazarlara_yonergeler.pdf\" type=\"application\/pdf\" style=\"width:100%;height:600px\" aria-label=\"iadce_yazarlara_yonergeler g\u00f6m\u00fcs\u00fc. g\u00f6m\u00fcs\u00fc.\"><\/object><a id=\"wp-block-file--media-3a396ca9-2f9e-4f64-ad93-c892b848f831\" href=\"http:\/\/deubefevents.com\/iadce\/wp-content\/uploads\/2022\/07\/iadce_yazarlara_yonergeler.pdf\">iadce_yazarlara_yonergeler<\/a><a href=\"http:\/\/deubefevents.com\/iadce\/wp-content\/uploads\/2022\/07\/iadce_yazarlara_yonergeler.pdf\" class=\"wp-block-file__button\" download aria-describedby=\"wp-block-file--media-3a396ca9-2f9e-4f64-ad93-c892b848f831\">\u0130ndir<\/a><\/div>\n","protected":false},"excerpt":{"rendered":"<p>SERG\u0130 BA\u015eVURUSU Sempozyum sergisi online ortamda 23 g\u00fcn a\u00e7\u0131k kalacakt\u0131r. Sempozyum kapsam\u0131nda uluslararas\u0131 ve j\u00fcrili sergi d\u00fczenlenecektir. Sergiye kat\u0131lacaklar\u0131n eserlerinin de\u011ferlendirmeye al\u0131nabilmesi i\u00e7in eser g\u00f6rselini (300dpi \u00e7\u00f6z\u00fcn\u00fcrl\u00fckte jpeg format\u0131nda) ve bilgilerini sempozyum web sayfas\u0131nda bulunan sergi ba\u015fvuru formunu doldurarak&nbsp;g\u00f6ndermeleri gerekmektedir. PERFORMANS BA\u015eVURUSU Sempozyum performans sergisi online ortamda 23 g\u00fcn a\u00e7\u0131k kalacakt\u0131r. Sempozyum kapsam\u0131nda uluslararas\u0131 ve &hellip;<\/p>\n<p class=\"read-more\"> <a class=\"\" href=\"http:\/\/deubefevents.com\/iadce\/sergi-ve-performans-basvurusu\/\"> <span class=\"screen-reader-text\">Sergi ve Performans Ba\u015fvurusu<\/span> Devam\u0131 &raquo;<\/a><\/p>\n","protected":false},"author":3,"featured_media":0,"parent":0,"menu_order":0,"comment_status":"closed","ping_status":"closed","template":"","meta":{"site-sidebar-layout":"default","site-content-layout":"default","ast-global-header-display":"","ast-main-header-display":"","ast-hfb-above-header-display":"","ast-hfb-below-header-display":"","ast-hfb-mobile-header-display":"","site-post-title":"","ast-breadcrumbs-content":"","ast-featured-img":"","footer-sml-layout":"","theme-transparent-header-meta":"","adv-header-id-meta":"","stick-header-meta":"","header-above-stick-meta":"","header-main-stick-meta":"","header-below-stick-meta":"","footnotes":""},"class_list":["post-102","page","type-page","status-publish","hentry"],"_links":{"self":[{"href":"http:\/\/deubefevents.com\/iadce\/wp-json\/wp\/v2\/pages\/102","targetHints":{"allow":["GET"]}}],"collection":[{"href":"http:\/\/deubefevents.com\/iadce\/wp-json\/wp\/v2\/pages"}],"about":[{"href":"http:\/\/deubefevents.com\/iadce\/wp-json\/wp\/v2\/types\/page"}],"author":[{"embeddable":true,"href":"http:\/\/deubefevents.com\/iadce\/wp-json\/wp\/v2\/users\/3"}],"replies":[{"embeddable":true,"href":"http:\/\/deubefevents.com\/iadce\/wp-json\/wp\/v2\/comments?post=102"}],"version-history":[{"count":12,"href":"http:\/\/deubefevents.com\/iadce\/wp-json\/wp\/v2\/pages\/102\/revisions"}],"predecessor-version":[{"id":355,"href":"http:\/\/deubefevents.com\/iadce\/wp-json\/wp\/v2\/pages\/102\/revisions\/355"}],"wp:attachment":[{"href":"http:\/\/deubefevents.com\/iadce\/wp-json\/wp\/v2\/media?parent=102"}],"curies":[{"name":"wp","href":"https:\/\/api.w.org\/{rel}","templated":true}]}}