{"id":400,"date":"2022-08-04T19:31:20","date_gmt":"2022-08-04T19:31:20","guid":{"rendered":"http:\/\/deubefevents.com\/iadce\/?page_id=400"},"modified":"2022-08-04T19:31:21","modified_gmt":"2022-08-04T19:31:21","slug":"biographies-of-keynote-speakers","status":"publish","type":"page","link":"http:\/\/deubefevents.com\/iadce\/biographies-of-keynote-speakers\/","title":{"rendered":"Biographies of Keynote Speakers"},"content":{"rendered":"\n<p><\/p>\n\n\n\n<p><strong>Prof. Xander van Eck PhD<\/strong><\/p>\n\n\n\n<p>Xander van Eck (1962) is an art historian who originally specialized in the European Renaissance and Baroque, but currently focusses on art in Izmir around 1900. After graduating from Groningen University in 1983 and obataining an MA in Art History from Amsterdam University, he got his PhD at the Free University of Amsterdam in 1994. In that same year, he started working as a lecturer at Utrecht University. Thirteen years later he moved to Izmir to work as associate professor (from 2011 full professor) at the Fashion Department of the Faculty of Fine Arts and Design at Izmir University of Economics. In the year 2013, he organized the exhibition \u2018Traits of Tolerance: Religious Tolerance in the Golden Age\u2019 in the Museum Catharijneconvent in Utrecht. In 2020, he transferred to the dept. of Industrial Design of Izmir Institute of Technology.<\/p>\n\n\n\n<p><strong>Prof. Karen Keifer-Boyd PhD<\/strong><\/p>\n\n\n\n<p>Karen Keifer-Boyd, Professor of Art Education and Women\u2019s, Gender, and Sexuality Studies at Penn State University, co-authored several books:&nbsp;<a href=\"https:\/\/nam10.safelinks.protection.outlook.com\/?url=https%3A%2F%2Fwww.amazon.com%2FIncluding-Difference-Michelle-Kraft%2Fdp%2F1890160598&amp;data=04%7C01%7Cktk2%40psu.edu%7C2556f03a530a4f5d9e5108d992fa3f82%7C7cf48d453ddb4389a9c1c115526eb52e%7C0%7C0%7C637702425763102888%7CUnknown%7CTWFpbGZsb3d8eyJWIjoiMC4wLjAwMDAiLCJQIjoiV2luMzIiLCJBTiI6Ik1haWwiLCJXVCI6Mn0%3D%7C1000&amp;sdata=KV67mZ6o8JUEI54Zu7%2B38jdM%2B2kKdF1JN%2Fh%2FOVrJjcU%3D&amp;reserved=0\" target=\"_blank\" rel=\"noreferrer noopener\"><em>Including Difference<\/em>&nbsp;<\/a>(NAEA, 2013);&nbsp;<a href=\"https:\/\/nam10.safelinks.protection.outlook.com\/?url=http%3A%2F%2Fwww.amazon.com%2FInCITE-InSIGHT-InSITE-Journal-Education%2Fdp%2FB002PMHRRU&amp;data=04%7C01%7Cktk2%40psu.edu%7C2556f03a530a4f5d9e5108d992fa3f82%7C7cf48d453ddb4389a9c1c115526eb52e%7C0%7C0%7C637702425763102888%7CUnknown%7CTWFpbGZsb3d8eyJWIjoiMC4wLjAwMDAiLCJQIjoiV2luMzIiLCJBTiI6Ik1haWwiLCJXVCI6Mn0%3D%7C1000&amp;sdata=26LbjPsrzOmLFlOXiIdMQmSKRyYJocRVATyo3vyEfHs%3D&amp;reserved=0\" target=\"_blank\" rel=\"noreferrer noopener\"><em>InCITE, InSIGHT, InSITE<\/em><\/a>&nbsp;(NAEA, 2008);&nbsp;<a href=\"https:\/\/nam10.safelinks.protection.outlook.com\/?url=http%3A%2F%2Fwww.davisart.com%2FProducts%2F775-0%2Fengaging-visual-culture.aspx&amp;data=04%7C01%7Cktk2%40psu.edu%7C2556f03a530a4f5d9e5108d992fa3f82%7C7cf48d453ddb4389a9c1c115526eb52e%7C0%7C0%7C637702425763112850%7CUnknown%7CTWFpbGZsb3d8eyJWIjoiMC4wLjAwMDAiLCJQIjoiV2luMzIiLCJBTiI6Ik1haWwiLCJXVCI6Mn0%3D%7C1000&amp;sdata=HZIcOSS6k81k1kt3B%2BbQ1r9hN1KPq2pJzzn6PcFoMsI%3D&amp;reserved=0\" target=\"_blank\" rel=\"noreferrer noopener\"><em>Engaging Visual Culture<\/em><\/a>&nbsp;(Davis, 2007); co-edited&nbsp;<a href=\"https:\/\/nam10.safelinks.protection.outlook.com\/?url=https%3A%2F%2Fwww.arteducators.org%2Fresearch%2Farticles%2F818-coming-soon-naea-women-s-caucus-book&amp;data=04%7C01%7Cktk2%40psu.edu%7C2556f03a530a4f5d9e5108d992fa3f82%7C7cf48d453ddb4389a9c1c115526eb52e%7C0%7C0%7C637702425763122812%7CUnknown%7CTWFpbGZsb3d8eyJWIjoiMC4wLjAwMDAiLCJQIjoiV2luMzIiLCJBTiI6Ik1haWwiLCJXVCI6Mn0%3D%7C1000&amp;sdata=9t0HHlhTUWI5NMMtpRgx3VTbuiKED1g7gvZswBSIi9M%3D&amp;reserved=0\" target=\"_blank\" rel=\"noreferrer noopener\"><em>Lobby Activism<\/em><\/a><em>&nbsp;<\/em>(NAEA, 2021);&nbsp;<a href=\"https:\/\/nam10.safelinks.protection.outlook.com\/?url=https%3A%2F%2Fwww.amazon.com%2FReal-World-Readings-Art-Education-Professor%2Fdp%2F0815335415&amp;data=04%7C01%7Cktk2%40psu.edu%7C2556f03a530a4f5d9e5108d992fa3f82%7C7cf48d453ddb4389a9c1c115526eb52e%7C0%7C0%7C637702425763122812%7CUnknown%7CTWFpbGZsb3d8eyJWIjoiMC4wLjAwMDAiLCJQIjoiV2luMzIiLCJBTiI6Ik1haWwiLCJXVCI6Mn0%3D%7C1000&amp;sdata=LDYoN2q5Kd%2BMsPq4bXkwi4i1tSiGyw4X%2FbVPtUrHeLU%3D&amp;reserved=0\" target=\"_blank\" rel=\"noreferrer noopener\">Real-World Readings in Art Education<\/a>&nbsp;(Falmer, 2000); and has more than 80 journal publications. Her research on feminist art pedagogy, transcultural dialogue, and eco-social justice art education has been translated and published in several countries. She is a recipient of a National Art Education Foundation grant (2017-2018) for social justice art education and a National Science Foundation grant (2010-2012) regarding gender barriers.<\/p>\n\n\n\n<p><strong>Prof. Dr. Semra Da\u015f\u00e7\u0131<\/strong><\/p>\n\n\n\n<p>\u0130stanbul\u2019da do\u011fdu. 1995 y\u0131l\u0131nda \u0130stanbul \u00dcniversitesi, Edebiyat Fak\u00fcltesi, Sanat Tarihi B\u00f6l\u00fcm\u00fc\u2019nden mezun oldu. \u0130stanbul \u00dcniversitesi, Sosyal Bilimler Enstit\u00fcs\u00fc Sanat Tarihi Anabilim Dal\u0131\u2019nda Avrupa resim sanat\u0131 konusunda 1997 y\u0131l\u0131nda Y\u00fcksek Lisans, 2001 y\u0131l\u0131nda Doktoras\u0131n\u0131 tamamlad\u0131. 1999 y\u0131l\u0131nda Ege \u00dcniversitesi, Sanat Tarihi B\u00f6l\u00fcm\u00fc, Bat\u0131 Sanat\u0131 ve \u00c7a\u011fda\u015f Sanat Anabilim Dal\u0131\u2019nda ba\u015flam\u0131\u015f oldu\u011fu g\u00f6revini s\u00fcrd\u00fcrmekte ve Avrupa Sanat\u0131 dersleri vermektedir. <em>Avrupa Resminde \u00c7ocuk \u0130mgesi <\/em>(\u0130mge 2008), <em>Dersaadet\u2019te Bir T\u00fcrk Dostu: Francis Hopkinson Smith (1838-1915)<\/em> (Bilge K\u00fclt\u00fcr Sanat 2012) ve <em>\u0130zmir\u2019de Oryantalist Ressamlar <\/em>(\u0130zelman 2022) adl\u0131 kitaplar\u0131 bulunmaktad\u0131r. 15-19 y\u00fczy\u0131l Avrupa resim sanat\u0131, Oryantalizm, Osmanl\u0131 T\u00fcrkiye\u2019sine gelen yabanc\u0131 sanat\u00e7\u0131 ve gezginler ile Osmanl\u0131-Avrupa k\u00fclt\u00fcr sanat ili\u015fkileri konular\u0131nda \u00e7al\u0131\u015fmakta, bu konularla ilgili \u00e7e\u015fitli ara\u015ft\u0131rma ve yay\u0131nlar\u0131 bulunmaktad\u0131r.&nbsp;<\/p>\n\n\n\n<p><strong>Christa Coogan<\/strong><\/p>\n\n\n\n<p>Christa Coogan is on the faculty of the Department of Elemental Music Pedagogy at the University for Music and Theater in Munich, Germany and was their outreach coordinator from 2015-2020 for work with refugee populations. Her extensive work with young people includes teaching dance and creating dance\/music performances in schools and theaters throughout Germany. Christa taught at the Orff Institute (1993-2002), is on the faculty of the San Francisco Orff Course, and is a team member of the European Mentorship Programme in Orff Schulwerk Pedagogy. She was recently elected to the board of the International Orff Schulwerk Forum Salzburg.&nbsp; Christa teaches internationally as a movement specialist in Orff Schulwerk. B.F.A. degree in dance&nbsp; &#8211; Juilliard School in NYC. M.A. in Musicology and Dance Studies &#8211; University Salzburg, Austria<\/p>\n\n\n\n<p><strong>Prof. Dr. Simber Rana Atay<\/strong><strong><\/strong><\/p>\n\n\n\n<p>She was born in Gaziantep. She graduated from Egean University, Faculty of Fine Arts, Cinema-TV Department. Undergraduate thesis: &#8220;Kemal Sunal Comedy&#8221; (1980). Master Thesis: &#8220;Early Photography and Ottoman Photographers&#8221; (1983); Doctoral Thesis: &#8220;Approaches in Turkish Film Criticism&#8221; (1990). She is currently the Head of the Department of Photography at Dokuz Eylul University, Fine Arts Faculty. She taught also at Anadolu University, Faculty of Communication Sciences in 2006-2011. Research Interests: Theories of Photography, Postmodern Cinema, Philosophy of Distance Education. Courses: Theories of Photography I-II (Undergraduate), Cyber \u200b\u200bCulture and Visual Arts (Master&#8217;s), Intertextuality and Visual Arts I-II (Sufficiency in Art), Post-Truth Age and Photographic Art (PhD), Postmodernism and Cinema (PhD), Cultural Memory and Cinema (PhD).<\/p>\n\n\n\n<p><strong>Gabriela Karin Konkol PhD<\/strong><\/p>\n\n\n\n<p>Gabriela Karin Konkol, PhD, associate professor at the Faculty of Choral Conducting, Church Music, Artistic Education, Eurhythmics and Jazz of the Stanislaw Moniuszko Academy of Music in Gdansk, Poland. Author of the <em>European Integration \u2013 Bologna Process. Implications for Music Education<\/em> monograph, over 40 articles and chapters in books in the field of music education. Member of the Editorial Board of The Journal of Music Education (Ljubljana) and \u0160kolski vjesnik \u2013 Journal for Pedagogic Theory and Practice (Split). Lecturer\/workshop leader in many European countries and also in Israel, Russia and Turkey. Jury member of international music competitions and Olympiad. Member of ISME. Elected European Association for Music in Schools board member (2009-2013). EAS National Coordinator for Poland.<\/p>\n\n\n\n<p><strong>Do\u00e7. Dr. H\u00fcseyin Sami S\u00f6z\u00fcer<\/strong><\/p>\n\n\n\n<p>1958 y\u0131l\u0131nda Salihli\u2019de do\u011fan Sami S\u00f6z\u00fcer 1983 y\u0131l\u0131nda Bo\u011fazi\u00e7i \u00dcniversitesi Fizik B\u00f6l\u00fcm\u00fcnden mezun olmu\u015ftur. Doktoras\u0131n\u0131 1992 y\u0131l\u0131nda Amerika Birle\u015fik Devletleri Wyoming \u00dcniversitesinde tamamlayan S\u00f6z\u00fcer, doktora sonras\u0131 \u00e7al\u0131\u015fmalar\u0131n\u0131 1992-1994 y\u0131llar\u0131nda New York Amerika Birle\u015fik Devletleri Rensselaer Polytechnic Enstit\u00fcs\u00fcnde, 1994-1995 y\u0131llar\u0131nda ise Amerika Birle\u015fik Devletleri Mississippi Devlet \u00dcniversitesinde ger\u00e7ekle\u015ftirmi\u015ftir. Optik, Fotonik kristaller, fotonik kristal dalga klavuzlar\u0131 ve parallel hesaplama alanlar\u0131nda \u00e7al\u0131\u015fmakta olan S\u00f6z\u00fcer, 1997-1999 y\u0131llar\u0131 aras\u0131nda Dokuz Eyl\u00fcl \u00dcniversitesi Fen Fak\u00fcltesi Fizik B\u00f6l\u00fcm\u00fcnde, 1999 y\u0131l\u0131ndan beri de \u0130zmir Y\u00fcksek Teknoloji Enstit\u00fcs\u00fc Fen Fak\u00fcltesi Fizik B\u00f6l\u00fcm\u00fcnde \u00f6\u011fretim \u00fcyesi olarak g\u00f6rev yapmaktad\u0131r. Amerika Optik Toplulu\u011fu \u00fcyesi olan S\u00f6z\u00fcer, Optik, Klasik Mekanik, Kuantum Mekani\u011fi ve Fotonik Yap\u0131lar derslerini y\u00fcr\u00fctmektedir.<\/p>\n","protected":false},"excerpt":{"rendered":"<p>Prof. Xander van Eck PhD Xander van Eck (1962) is an art historian who originally specialized in the European Renaissance and Baroque, but currently focusses on art in Izmir around 1900. After graduating from Groningen University in 1983 and obataining an MA in Art History from Amsterdam University, he got his PhD at the Free &hellip;<\/p>\n<p class=\"read-more\"> <a class=\"\" href=\"http:\/\/deubefevents.com\/iadce\/biographies-of-keynote-speakers\/\"> <span class=\"screen-reader-text\">Biographies of Keynote Speakers<\/span> Devam\u0131 &raquo;<\/a><\/p>\n","protected":false},"author":4,"featured_media":0,"parent":0,"menu_order":0,"comment_status":"closed","ping_status":"closed","template":"","meta":{"site-sidebar-layout":"default","site-content-layout":"default","ast-global-header-display":"","ast-main-header-display":"","ast-hfb-above-header-display":"","ast-hfb-below-header-display":"","ast-hfb-mobile-header-display":"","site-post-title":"","ast-breadcrumbs-content":"","ast-featured-img":"","footer-sml-layout":"","theme-transparent-header-meta":"","adv-header-id-meta":"","stick-header-meta":"","header-above-stick-meta":"","header-main-stick-meta":"","header-below-stick-meta":"","footnotes":""},"class_list":["post-400","page","type-page","status-publish","hentry"],"_links":{"self":[{"href":"http:\/\/deubefevents.com\/iadce\/wp-json\/wp\/v2\/pages\/400","targetHints":{"allow":["GET"]}}],"collection":[{"href":"http:\/\/deubefevents.com\/iadce\/wp-json\/wp\/v2\/pages"}],"about":[{"href":"http:\/\/deubefevents.com\/iadce\/wp-json\/wp\/v2\/types\/page"}],"author":[{"embeddable":true,"href":"http:\/\/deubefevents.com\/iadce\/wp-json\/wp\/v2\/users\/4"}],"replies":[{"embeddable":true,"href":"http:\/\/deubefevents.com\/iadce\/wp-json\/wp\/v2\/comments?post=400"}],"version-history":[{"count":1,"href":"http:\/\/deubefevents.com\/iadce\/wp-json\/wp\/v2\/pages\/400\/revisions"}],"predecessor-version":[{"id":401,"href":"http:\/\/deubefevents.com\/iadce\/wp-json\/wp\/v2\/pages\/400\/revisions\/401"}],"wp:attachment":[{"href":"http:\/\/deubefevents.com\/iadce\/wp-json\/wp\/v2\/media?parent=400"}],"curies":[{"name":"wp","href":"https:\/\/api.w.org\/{rel}","templated":true}]}}