{"id":404,"date":"2022-08-22T20:21:41","date_gmt":"2022-08-22T20:21:41","guid":{"rendered":"http:\/\/deubefevents.com\/iadce\/?page_id=404"},"modified":"2022-09-06T08:27:14","modified_gmt":"2022-09-06T08:27:14","slug":"program","status":"publish","type":"page","link":"http:\/\/deubefevents.com\/iadce\/program\/","title":{"rendered":"Program"},"content":{"rendered":"\n<div data-wp-interactive=\"core\/file\" class=\"wp-block-file\"><object data-wp-bind--hidden=\"!state.hasPdfPreview\" hidden class=\"wp-block-file__embed\" data=\"https:\/\/deubefevents.com\/iadce\/wp-content\/uploads\/2022\/09\/IADCE-2022-PROGRAM-1.pdf\" type=\"application\/pdf\" style=\"width:100%;height:798px\" aria-label=\"IADCE-2022-PROGRAM-1 g\u00f6m\u00fcs\u00fc. g\u00f6m\u00fcs\u00fc.\"><\/object><a id=\"wp-block-file--media-90104d92-e3c0-42f6-b77e-2f9356df497e\" href=\"https:\/\/deubefevents.com\/iadce\/wp-content\/uploads\/2022\/09\/IADCE-2022-PROGRAM-1.pdf\">IADCE-2022-PROGRAM-1<\/a><a href=\"https:\/\/deubefevents.com\/iadce\/wp-content\/uploads\/2022\/09\/IADCE-2022-PROGRAM-1.pdf\" class=\"wp-block-file__button\" download aria-describedby=\"wp-block-file--media-90104d92-e3c0-42f6-b77e-2f9356df497e\">\u0130ndir<\/a><\/div>\n","protected":false},"excerpt":{"rendered":"","protected":false},"author":4,"featured_media":0,"parent":0,"menu_order":0,"comment_status":"closed","ping_status":"closed","template":"","meta":{"site-sidebar-layout":"default","site-content-layout":"default","ast-global-header-display":"","ast-main-header-display":"","ast-hfb-above-header-display":"","ast-hfb-below-header-display":"","ast-hfb-mobile-header-display":"","site-post-title":"","ast-breadcrumbs-content":"","ast-featured-img":"","footer-sml-layout":"","theme-transparent-header-meta":"","adv-header-id-meta":"","stick-header-meta":"","header-above-stick-meta":"","header-main-stick-meta":"","header-below-stick-meta":"","footnotes":""},"class_list":["post-404","page","type-page","status-publish","hentry"],"_links":{"self":[{"href":"http:\/\/deubefevents.com\/iadce\/wp-json\/wp\/v2\/pages\/404","targetHints":{"allow":["GET"]}}],"collection":[{"href":"http:\/\/deubefevents.com\/iadce\/wp-json\/wp\/v2\/pages"}],"about":[{"href":"http:\/\/deubefevents.com\/iadce\/wp-json\/wp\/v2\/types\/page"}],"author":[{"embeddable":true,"href":"http:\/\/deubefevents.com\/iadce\/wp-json\/wp\/v2\/users\/4"}],"replies":[{"embeddable":true,"href":"http:\/\/deubefevents.com\/iadce\/wp-json\/wp\/v2\/comments?post=404"}],"version-history":[{"count":3,"href":"http:\/\/deubefevents.com\/iadce\/wp-json\/wp\/v2\/pages\/404\/revisions"}],"predecessor-version":[{"id":438,"href":"http:\/\/deubefevents.com\/iadce\/wp-json\/wp\/v2\/pages\/404\/revisions\/438"}],"wp:attachment":[{"href":"http:\/\/deubefevents.com\/iadce\/wp-json\/wp\/v2\/media?parent=404"}],"curies":[{"name":"wp","href":"https:\/\/api.w.org\/{rel}","templated":true}]}}