{"id":407,"date":"2022-08-22T20:22:50","date_gmt":"2022-08-22T20:22:50","guid":{"rendered":"http:\/\/deubefevents.com\/iadce\/?page_id=407"},"modified":"2022-09-06T08:38:32","modified_gmt":"2022-09-06T08:38:32","slug":"iadce-program","status":"publish","type":"page","link":"http:\/\/deubefevents.com\/iadce\/en\/iadce-program\/","title":{"rendered":"IADCE Program"},"content":{"rendered":"\n<div data-wp-interactive=\"core\/file\" class=\"wp-block-file\"><object data-wp-bind--hidden=\"!state.hasPdfPreview\" hidden class=\"wp-block-file__embed\" data=\"https:\/\/deubefevents.com\/iadce\/wp-content\/uploads\/2022\/09\/IADCE-2022-PROGRAM.pdf\" type=\"application\/pdf\" style=\"width:100%;height:600px\" aria-label=\"IADCE-2022-PROGRAM g\u00f6m\u00fcs\u00fc. g\u00f6m\u00fcs\u00fc.\"><\/object><a id=\"wp-block-file--media-11754d79-1d10-40a5-b5c8-796f30f5896e\" href=\"https:\/\/deubefevents.com\/iadce\/wp-content\/uploads\/2022\/09\/IADCE-2022-PROGRAM.pdf\">IADCE-2022-PROGRAM<\/a><a href=\"https:\/\/deubefevents.com\/iadce\/wp-content\/uploads\/2022\/09\/IADCE-2022-PROGRAM.pdf\" class=\"wp-block-file__button\" download aria-describedby=\"wp-block-file--media-11754d79-1d10-40a5-b5c8-796f30f5896e\">Download<\/a><\/div>\n","protected":false},"excerpt":{"rendered":"","protected":false},"author":4,"featured_media":0,"parent":0,"menu_order":0,"comment_status":"closed","ping_status":"closed","template":"","meta":{"site-sidebar-layout":"default","site-content-layout":"default","ast-global-header-display":"","ast-main-header-display":"","ast-hfb-above-header-display":"","ast-hfb-below-header-display":"","ast-hfb-mobile-header-display":"","site-post-title":"","ast-breadcrumbs-content":"","ast-featured-img":"","footer-sml-layout":"","theme-transparent-header-meta":"","adv-header-id-meta":"","stick-header-meta":"","header-above-stick-meta":"","header-main-stick-meta":"","header-below-stick-meta":"","footnotes":""},"class_list":["post-407","page","type-page","status-publish","hentry"],"_links":{"self":[{"href":"http:\/\/deubefevents.com\/iadce\/wp-json\/wp\/v2\/pages\/407","targetHints":{"allow":["GET"]}}],"collection":[{"href":"http:\/\/deubefevents.com\/iadce\/wp-json\/wp\/v2\/pages"}],"about":[{"href":"http:\/\/deubefevents.com\/iadce\/wp-json\/wp\/v2\/types\/page"}],"author":[{"embeddable":true,"href":"http:\/\/deubefevents.com\/iadce\/wp-json\/wp\/v2\/users\/4"}],"replies":[{"embeddable":true,"href":"http:\/\/deubefevents.com\/iadce\/wp-json\/wp\/v2\/comments?post=407"}],"version-history":[{"count":6,"href":"http:\/\/deubefevents.com\/iadce\/wp-json\/wp\/v2\/pages\/407\/revisions"}],"predecessor-version":[{"id":440,"href":"http:\/\/deubefevents.com\/iadce\/wp-json\/wp\/v2\/pages\/407\/revisions\/440"}],"wp:attachment":[{"href":"http:\/\/deubefevents.com\/iadce\/wp-json\/wp\/v2\/media?parent=407"}],"curies":[{"name":"wp","href":"https:\/\/api.w.org\/{rel}","templated":true}]}}