{"id":422,"date":"2022-08-23T23:34:01","date_gmt":"2022-08-23T23:34:01","guid":{"rendered":"http:\/\/deubefevents.com\/iadce\/?page_id=422"},"modified":"2022-08-23T23:34:01","modified_gmt":"2022-08-23T23:34:01","slug":"tam-metin","status":"publish","type":"page","link":"http:\/\/deubefevents.com\/iadce\/tam-metin\/","title":{"rendered":"Tam Metin"},"content":{"rendered":"\n<p>Tam metin g\u00f6ndermek isteyen kat\u0131l\u0131mc\u0131lar ekteki format\u0131 kullanarak haz\u0131rlad\u0131klar\u0131 dosyay\u0131 bef.iadce@gmail.com adresine iletebilirler.<\/p>\n\n\n\n<div class=\"wp-block-file\"><a id=\"wp-block-file--media-fdd5d85c-4e58-47e1-880c-ce5355eebedc\" href=\"http:\/\/deubefevents.com\/iadce\/wp-content\/uploads\/2022\/08\/FULL-PAPER-FORMAT.docx\">FULL-PAPER-FORMAT<\/a><a href=\"http:\/\/deubefevents.com\/iadce\/wp-content\/uploads\/2022\/08\/FULL-PAPER-FORMAT.docx\" class=\"wp-block-file__button\" download aria-describedby=\"wp-block-file--media-fdd5d85c-4e58-47e1-880c-ce5355eebedc\">\u0130ndir<\/a><\/div>\n","protected":false},"excerpt":{"rendered":"<p>Tam metin g\u00f6ndermek isteyen kat\u0131l\u0131mc\u0131lar ekteki format\u0131 kullanarak haz\u0131rlad\u0131klar\u0131 dosyay\u0131 bef.iadce@gmail.com adresine iletebilirler.<\/p>\n","protected":false},"author":4,"featured_media":0,"parent":0,"menu_order":0,"comment_status":"closed","ping_status":"closed","template":"","meta":{"site-sidebar-layout":"default","site-content-layout":"default","ast-global-header-display":"","ast-main-header-display":"","ast-hfb-above-header-display":"","ast-hfb-below-header-display":"","ast-hfb-mobile-header-display":"","site-post-title":"","ast-breadcrumbs-content":"","ast-featured-img":"","footer-sml-layout":"","theme-transparent-header-meta":"","adv-header-id-meta":"","stick-header-meta":"","header-above-stick-meta":"","header-main-stick-meta":"","header-below-stick-meta":"","footnotes":""},"class_list":["post-422","page","type-page","status-publish","hentry"],"_links":{"self":[{"href":"http:\/\/deubefevents.com\/iadce\/wp-json\/wp\/v2\/pages\/422","targetHints":{"allow":["GET"]}}],"collection":[{"href":"http:\/\/deubefevents.com\/iadce\/wp-json\/wp\/v2\/pages"}],"about":[{"href":"http:\/\/deubefevents.com\/iadce\/wp-json\/wp\/v2\/types\/page"}],"author":[{"embeddable":true,"href":"http:\/\/deubefevents.com\/iadce\/wp-json\/wp\/v2\/users\/4"}],"replies":[{"embeddable":true,"href":"http:\/\/deubefevents.com\/iadce\/wp-json\/wp\/v2\/comments?post=422"}],"version-history":[{"count":1,"href":"http:\/\/deubefevents.com\/iadce\/wp-json\/wp\/v2\/pages\/422\/revisions"}],"predecessor-version":[{"id":424,"href":"http:\/\/deubefevents.com\/iadce\/wp-json\/wp\/v2\/pages\/422\/revisions\/424"}],"wp:attachment":[{"href":"http:\/\/deubefevents.com\/iadce\/wp-json\/wp\/v2\/media?parent=422"}],"curies":[{"name":"wp","href":"https:\/\/api.w.org\/{rel}","templated":true}]}}