{"id":448,"date":"2022-09-09T08:23:37","date_gmt":"2022-09-09T08:23:37","guid":{"rendered":"https:\/\/deubefevents.com\/iadce\/?page_id=448"},"modified":"2022-09-09T08:24:02","modified_gmt":"2022-09-09T08:24:02","slug":"poster-bildiri","status":"publish","type":"page","link":"http:\/\/deubefevents.com\/iadce\/poster-bildiri\/","title":{"rendered":"Poster Bildiri"},"content":{"rendered":"\n<div data-wp-interactive=\"core\/file\" class=\"wp-block-file\"><object data-wp-bind--hidden=\"!state.hasPdfPreview\" hidden class=\"wp-block-file__embed\" data=\"https:\/\/deubefevents.com\/iadce\/wp-content\/uploads\/2022\/09\/Poste-Bildiri-1.pdf\" type=\"application\/pdf\" style=\"width:100%;height:600px\" aria-label=\"Poste-Bildiri-1 g\u00f6m\u00fcs\u00fc. g\u00f6m\u00fcs\u00fc.\"><\/object><a id=\"wp-block-file--media-fa72dccf-0952-402a-947b-2135effd31a2\" href=\"https:\/\/deubefevents.com\/iadce\/wp-content\/uploads\/2022\/09\/Poste-Bildiri-1.pdf\">Poste-Bildiri-1<\/a><a href=\"https:\/\/deubefevents.com\/iadce\/wp-content\/uploads\/2022\/09\/Poste-Bildiri-1.pdf\" class=\"wp-block-file__button\" download aria-describedby=\"wp-block-file--media-fa72dccf-0952-402a-947b-2135effd31a2\">\u0130ndir<\/a><\/div>\n","protected":false},"excerpt":{"rendered":"","protected":false},"author":4,"featured_media":0,"parent":0,"menu_order":0,"comment_status":"closed","ping_status":"closed","template":"","meta":{"site-sidebar-layout":"default","site-content-layout":"default","ast-global-header-display":"","ast-main-header-display":"","ast-hfb-above-header-display":"","ast-hfb-below-header-display":"","ast-hfb-mobile-header-display":"","site-post-title":"","ast-breadcrumbs-content":"","ast-featured-img":"","footer-sml-layout":"","theme-transparent-header-meta":"","adv-header-id-meta":"","stick-header-meta":"","header-above-stick-meta":"","header-main-stick-meta":"","header-below-stick-meta":"","footnotes":""},"class_list":["post-448","page","type-page","status-publish","hentry"],"_links":{"self":[{"href":"http:\/\/deubefevents.com\/iadce\/wp-json\/wp\/v2\/pages\/448","targetHints":{"allow":["GET"]}}],"collection":[{"href":"http:\/\/deubefevents.com\/iadce\/wp-json\/wp\/v2\/pages"}],"about":[{"href":"http:\/\/deubefevents.com\/iadce\/wp-json\/wp\/v2\/types\/page"}],"author":[{"embeddable":true,"href":"http:\/\/deubefevents.com\/iadce\/wp-json\/wp\/v2\/users\/4"}],"replies":[{"embeddable":true,"href":"http:\/\/deubefevents.com\/iadce\/wp-json\/wp\/v2\/comments?post=448"}],"version-history":[{"count":1,"href":"http:\/\/deubefevents.com\/iadce\/wp-json\/wp\/v2\/pages\/448\/revisions"}],"predecessor-version":[{"id":451,"href":"http:\/\/deubefevents.com\/iadce\/wp-json\/wp\/v2\/pages\/448\/revisions\/451"}],"wp:attachment":[{"href":"http:\/\/deubefevents.com\/iadce\/wp-json\/wp\/v2\/media?parent=448"}],"curies":[{"name":"wp","href":"https:\/\/api.w.org\/{rel}","templated":true}]}}