{"id":462,"date":"2022-09-13T12:50:52","date_gmt":"2022-09-13T12:50:52","guid":{"rendered":"https:\/\/deubefevents.com\/iadce\/?page_id=462"},"modified":"2022-09-20T11:04:03","modified_gmt":"2022-09-20T11:04:03","slug":"sergi","status":"publish","type":"page","link":"http:\/\/deubefevents.com\/iadce\/sergi\/","title":{"rendered":"Sergi ve Performans"},"content":{"rendered":"\n<p><strong>Sergi<\/strong><\/p>\n\n\n\n<iframe loading=\"lazy\" width=\"640\" height=\"480\" src=\"https:\/\/www.artsteps.com\/embed\/631df9bfa624e56a75c72485\/560\/315\" frameborder=\"0\" allowfullscreen=\"\"><\/iframe>\n\n\n\n<p><\/p>\n\n\n\n<p><\/p>\n\n\n\n<hr class=\"wp-block-separator alignwide has-alpha-channel-opacity is-style-wide\"\/>\n\n\n\n<p><\/p>\n\n\n\n<p><\/p>\n\n\n\n<p><\/p>\n\n\n\n<p><\/p>\n\n\n\n<p><strong>Performans<\/strong><\/p>\n\n\n\n<p><\/p>\n\n\n\n<p><strong>Eser Ad\u0131: S. Mercadante Mi Min\u00f6r Fl\u00fct Kon\u00e7ertosu II. B\u00f6l\u00fcm<\/strong><\/p>\n\n\n\n<iframe loading=\"lazy\" src=\"https:\/\/drive.google.com\/file\/d\/1k9HGBdnstsmfRfwcIt-P5NPEbCgZYNTH\/preview\" width=\"640\" height=\"480\" allow=\"autoplay\"><\/iframe>\n\n\n\n<p class=\"has-text-align-left\"><em>\u00d6\u011fr. G\u00f6r. Emel DO\u011eAN U\u011eURLU<\/em><\/p>\n\n\n\n<p class=\"has-text-align-left\"><em>Zonguldak B\u00fclent Ecevit \u00dcniversitesi Devlet Konservatuvar\u0131<\/em><\/p>\n\n\n\n<p><\/p>\n\n\n\n<p><\/p>\n\n\n\n<p><\/p>\n\n\n\n<p><\/p>\n\n\n\n<hr class=\"wp-block-separator alignwide has-alpha-channel-opacity is-style-wide\"\/>\n\n\n\n<p><\/p>\n\n\n\n<p><strong>Eser Ad\u0131: S. Mercadante Mi Min\u00f6r Fl\u00fct Kon\u00e7ertosu III. B\u00f6l\u00fcm<\/strong><\/p>\n\n\n\n<iframe loading=\"lazy\" src=\"https:\/\/drive.google.com\/file\/d\/1ppEmEEre-cxeekP2js960QsySp_xuXFc\/preview\" width=\"640\" height=\"480\" allow=\"autoplay\"><\/iframe>\n\n\n\n<p class=\"has-text-align-left\"><em>\u00d6\u011fr. G\u00f6r. Emel DO\u011eAN U\u011eURLU<\/em><\/p>\n\n\n\n<p class=\"has-text-align-left\"><em>Zonguldak B\u00fclent Ecevit \u00dcniversitesi Devlet Konservatuvar\u0131<\/em><\/p>\n\n\n\n<p><\/p>\n\n\n\n<p><\/p>\n\n\n\n<p><\/p>\n\n\n\n<p><\/p>\n\n\n\n<hr class=\"wp-block-separator alignwide has-alpha-channel-opacity is-style-wide\"\/>\n\n\n\n<p>Eser Ad\u0131: \u201cK\u00c2T\u0130B\u0130M\u201d \u00dcsk\u00fcdar\u2019a Gider \u0130ken \/ Yedikule (Pente Xronia Dikasmenos)<\/p>\n\n\n\n<iframe loading=\"lazy\" width=\"640\" height=\"480\" src=\"https:\/\/www.youtube.com\/embed\/YEJbsilchoI\" title=\"YouTube video player\" frameborder=\"0\" allow=\"accelerometer; autoplay; clipboard-write; encrypted-media; gyroscope; picture-in-picture\" allowfullscreen><\/iframe>\n\n\n\n\n<p><em>Seymen \u00d6ZDEN\u0130Z<\/em><\/p>\n\n\n\n<p><em>Dokuz Eyl\u00fcl \u00dcniversitesi Buca E\u011fitim Fak\u00fcltesi M\u00fczik \u00d6\u011fretmenli\u011fi Anabilim Dal\u0131<\/em><\/p>\n","protected":false},"excerpt":{"rendered":"<p>Sergi Performans Eser Ad\u0131: S. Mercadante Mi Min\u00f6r Fl\u00fct Kon\u00e7ertosu II. B\u00f6l\u00fcm \u00d6\u011fr. G\u00f6r. Emel DO\u011eAN U\u011eURLU Zonguldak B\u00fclent Ecevit \u00dcniversitesi Devlet Konservatuvar\u0131 Eser Ad\u0131: S. Mercadante Mi Min\u00f6r Fl\u00fct Kon\u00e7ertosu III. B\u00f6l\u00fcm \u00d6\u011fr. G\u00f6r. Emel DO\u011eAN U\u011eURLU Zonguldak B\u00fclent Ecevit \u00dcniversitesi Devlet Konservatuvar\u0131 Eser Ad\u0131: \u201cK\u00c2T\u0130B\u0130M\u201d \u00dcsk\u00fcdar\u2019a Gider \u0130ken \/ Yedikule (Pente Xronia Dikasmenos) &hellip;<\/p>\n<p class=\"read-more\"> <a class=\"\" href=\"http:\/\/deubefevents.com\/iadce\/sergi\/\"> <span class=\"screen-reader-text\">Sergi ve Performans<\/span> Devam\u0131 &raquo;<\/a><\/p>\n","protected":false},"author":4,"featured_media":0,"parent":0,"menu_order":0,"comment_status":"closed","ping_status":"closed","template":"","meta":{"site-sidebar-layout":"default","site-content-layout":"default","ast-global-header-display":"","ast-main-header-display":"","ast-hfb-above-header-display":"","ast-hfb-below-header-display":"","ast-hfb-mobile-header-display":"","site-post-title":"","ast-breadcrumbs-content":"","ast-featured-img":"","footer-sml-layout":"","theme-transparent-header-meta":"","adv-header-id-meta":"","stick-header-meta":"","header-above-stick-meta":"","header-main-stick-meta":"","header-below-stick-meta":"","footnotes":""},"class_list":["post-462","page","type-page","status-publish","hentry"],"_links":{"self":[{"href":"http:\/\/deubefevents.com\/iadce\/wp-json\/wp\/v2\/pages\/462","targetHints":{"allow":["GET"]}}],"collection":[{"href":"http:\/\/deubefevents.com\/iadce\/wp-json\/wp\/v2\/pages"}],"about":[{"href":"http:\/\/deubefevents.com\/iadce\/wp-json\/wp\/v2\/types\/page"}],"author":[{"embeddable":true,"href":"http:\/\/deubefevents.com\/iadce\/wp-json\/wp\/v2\/users\/4"}],"replies":[{"embeddable":true,"href":"http:\/\/deubefevents.com\/iadce\/wp-json\/wp\/v2\/comments?post=462"}],"version-history":[{"count":13,"href":"http:\/\/deubefevents.com\/iadce\/wp-json\/wp\/v2\/pages\/462\/revisions"}],"predecessor-version":[{"id":485,"href":"http:\/\/deubefevents.com\/iadce\/wp-json\/wp\/v2\/pages\/462\/revisions\/485"}],"wp:attachment":[{"href":"http:\/\/deubefevents.com\/iadce\/wp-json\/wp\/v2\/media?parent=462"}],"curies":[{"name":"wp","href":"https:\/\/api.w.org\/{rel}","templated":true}]}}