{"id":71,"date":"2022-05-30T21:09:28","date_gmt":"2022-05-30T21:09:28","guid":{"rendered":"http:\/\/deubefevents.com\/iadce\/?page_id=71"},"modified":"2022-05-30T21:09:29","modified_gmt":"2022-05-30T21:09:29","slug":"konferans-temalari","status":"publish","type":"page","link":"http:\/\/deubefevents.com\/iadce\/konferans-temalari\/","title":{"rendered":"Konferans Temalar\u0131"},"content":{"rendered":"\n<p class=\"has-text-align-center\"><strong>Konferans Temalar\u0131<\/strong><\/p>\n\n\n\n<p class=\"has-text-align-center\">G\u00fczel Sanatlar<\/p>\n\n\n\n<p class=\"has-text-align-center\">Sanat ve E\u011fitim<\/p>\n\n\n\n<p class=\"has-text-align-center\">Sanat ve Felsefe<\/p>\n\n\n\n<p class=\"has-text-align-center\">Sanat ve Psikoloji<\/p>\n\n\n\n<p class=\"has-text-align-center\">Sanat ve Sosyoloji<\/p>\n\n\n\n<p class=\"has-text-align-center\">Sanat ve K\u00fclt\u00fcrel \u00c7al\u0131\u015fmalar<\/p>\n\n\n\n<p class=\"has-text-align-center\">Sanat Terapisi<\/p>\n\n\n\n<p class=\"has-text-align-center\">Tasar\u0131m<\/p>\n\n\n\n<p class=\"has-text-align-center\">Sinema<\/p>\n\n\n\n<p class=\"has-text-align-center\">Foto\u011fraf<\/p>\n\n\n\n<p class=\"has-text-align-center\">\u0130ll\u00fcstrasyon<\/p>\n\n\n\n<p class=\"has-text-align-center\">Animasyon<\/p>\n\n\n\n<p class=\"has-text-align-center\">Sanat Tarihi<\/p>\n\n\n\n<p class=\"has-text-align-center\">M\u00fczik Terapisi<\/p>\n\n\n\n<p class=\"has-text-align-center\">M\u00fczik ve E\u011fitim<\/p>\n\n\n\n<p class=\"has-text-align-center\">M\u00fczik ve Felsefe<\/p>\n\n\n\n<p class=\"has-text-align-center\">M\u00fczik ve Psikoloji<\/p>\n\n\n\n<p class=\"has-text-align-center\">M\u00fczik ve Sosyoloji<\/p>\n\n\n\n<p class=\"has-text-align-center\">M\u00fczik ve K\u00fclt\u00fcrel \u00c7al\u0131\u015fmalar<\/p>\n\n\n\n<p class=\"has-text-align-center\">Hareket\/Dans Terapisi<\/p>\n\n\n\n<p class=\"has-text-align-center\">Hareket\/Dans ve E\u011fitim<\/p>\n\n\n\n<p class=\"has-text-align-center\">Hareket\/Dans ve Felsefe<\/p>\n\n\n\n<p class=\"has-text-align-center\">Hareket\/Dans ve Psikoloji<\/p>\n\n\n\n<p class=\"has-text-align-center\">Hareket\/Dans ve Sosyoloji<\/p>\n\n\n\n<p class=\"has-text-align-center\">Hareket\/Dans ve K\u00fclt\u00fcrel \u00c7al\u0131\u015fmalar<\/p>\n\n\n\n<p class=\"has-text-align-center\"><strong>\u201c\u0130zmir\u2019in Kurtulu\u015funun 100.Y\u0131l\u0131 An\u0131s\u0131na\u201d <\/strong>temal\u0131 \u00f6zel oturumlar<\/p>\n","protected":false},"excerpt":{"rendered":"<p>Konferans Temalar\u0131 G\u00fczel Sanatlar Sanat ve E\u011fitim Sanat ve Felsefe Sanat ve Psikoloji Sanat ve Sosyoloji Sanat ve K\u00fclt\u00fcrel \u00c7al\u0131\u015fmalar Sanat Terapisi Tasar\u0131m Sinema Foto\u011fraf \u0130ll\u00fcstrasyon Animasyon Sanat Tarihi M\u00fczik Terapisi M\u00fczik ve E\u011fitim M\u00fczik ve Felsefe M\u00fczik ve Psikoloji M\u00fczik ve Sosyoloji M\u00fczik ve K\u00fclt\u00fcrel \u00c7al\u0131\u015fmalar Hareket\/Dans Terapisi Hareket\/Dans ve E\u011fitim Hareket\/Dans ve Felsefe &hellip;<\/p>\n<p class=\"read-more\"> <a class=\"\" href=\"http:\/\/deubefevents.com\/iadce\/konferans-temalari\/\"> <span class=\"screen-reader-text\">Konferans Temalar\u0131<\/span> Devam\u0131 &raquo;<\/a><\/p>\n","protected":false},"author":1,"featured_media":0,"parent":0,"menu_order":0,"comment_status":"closed","ping_status":"closed","template":"","meta":{"site-sidebar-layout":"default","site-content-layout":"default","ast-global-header-display":"","ast-main-header-display":"","ast-hfb-above-header-display":"","ast-hfb-below-header-display":"","ast-hfb-mobile-header-display":"","site-post-title":"disabled","ast-breadcrumbs-content":"","ast-featured-img":"","footer-sml-layout":"","theme-transparent-header-meta":"","adv-header-id-meta":"","stick-header-meta":"","header-above-stick-meta":"","header-main-stick-meta":"","header-below-stick-meta":"","footnotes":""},"class_list":["post-71","page","type-page","status-publish","hentry"],"_links":{"self":[{"href":"http:\/\/deubefevents.com\/iadce\/wp-json\/wp\/v2\/pages\/71","targetHints":{"allow":["GET"]}}],"collection":[{"href":"http:\/\/deubefevents.com\/iadce\/wp-json\/wp\/v2\/pages"}],"about":[{"href":"http:\/\/deubefevents.com\/iadce\/wp-json\/wp\/v2\/types\/page"}],"author":[{"embeddable":true,"href":"http:\/\/deubefevents.com\/iadce\/wp-json\/wp\/v2\/users\/1"}],"replies":[{"embeddable":true,"href":"http:\/\/deubefevents.com\/iadce\/wp-json\/wp\/v2\/comments?post=71"}],"version-history":[{"count":1,"href":"http:\/\/deubefevents.com\/iadce\/wp-json\/wp\/v2\/pages\/71\/revisions"}],"predecessor-version":[{"id":72,"href":"http:\/\/deubefevents.com\/iadce\/wp-json\/wp\/v2\/pages\/71\/revisions\/72"}],"wp:attachment":[{"href":"http:\/\/deubefevents.com\/iadce\/wp-json\/wp\/v2\/media?parent=71"}],"curies":[{"name":"wp","href":"https:\/\/api.w.org\/{rel}","templated":true}]}}