{"id":92,"date":"2022-12-02T12:15:40","date_gmt":"2022-12-02T12:15:40","guid":{"rendered":"http:\/\/deubefevents.com\/uebasen\/?page_id=92"},"modified":"2023-03-18T19:08:29","modified_gmt":"2023-03-18T19:08:29","slug":"duzenleme-kurulu","status":"publish","type":"page","link":"http:\/\/deubefevents.com\/uebasen\/tr\/duzenleme-kurulu\/","title":{"rendered":"Organisation Committee"},"content":{"rendered":"\n<figure class=\"wp-block-table is-style-stripes\"><table><tbody><tr><td>PROF.DR. D\u0130\u011eDEM M\u00dcGE S\u0130YEZ<\/td><td>Dokuz Eyl\u00fcl University<\/td><\/tr><tr><td>ASSOC.PROF.DR.&nbsp; AHMET MURAT ELLEZ&nbsp;&nbsp;<\/td><td>Dokuz Eyl\u00fcl University<\/td><\/tr><tr><td>PROF.DR. FATMA EBRU \u0130K\u0130Z<\/td><td>Dokuz Eyl\u00fcl University<\/td><\/tr><tr><td>PROF.DR.\u0130RFAN YURDABAKAN<\/td><td>Dokuz Eyl\u00fcl University<\/td><\/tr><tr><td>ASSOC.PROF.DR. NECLA \u015eAH\u0130N FIRAT<\/td><td>Dokuz Eyl\u00fcl University<\/td><\/tr><tr><td>ASSOC.PROF.DR. YA\u011eMUR SOYLU<\/td><td>Dokuz Eyl\u00fcl University<\/td><\/tr><tr><td>ASST.PROF.DR. MELTEM G\u00d6KDA\u011e BALTAO\u011eLU<\/td><td>Dokuz Eyl\u00fcl University<\/td><\/tr><tr><td>RESEARCH ASS\u0130STANT DR.&nbsp; SEVG\u0130 UYGUR<\/td><td>Dokuz Eyl\u00fcl University<\/td><\/tr><\/tbody><\/table><\/figure>\n","protected":false},"excerpt":{"rendered":"<p>PROF.DR. D\u0130\u011eDEM M\u00dcGE S\u0130YEZ Dokuz Eyl\u00fcl University ASSOC.PROF.DR.&nbsp; AHMET MURAT ELLEZ&nbsp;&nbsp; Dokuz Eyl\u00fcl University PROF.DR. FATMA EBRU \u0130K\u0130Z Dokuz Eyl\u00fcl University PROF.DR.\u0130RFAN YURDABAKAN Dokuz Eyl\u00fcl University ASSOC.PROF.DR. NECLA \u015eAH\u0130N FIRAT Dokuz Eyl\u00fcl University ASSOC.PROF.DR. YA\u011eMUR SOYLU Dokuz Eyl\u00fcl University ASST.PROF.DR. MELTEM G\u00d6KDA\u011e BALTAO\u011eLU Dokuz Eyl\u00fcl University RESEARCH ASS\u0130STANT DR.&nbsp; SEVG\u0130 UYGUR Dokuz Eyl\u00fcl University<\/p>\n","protected":false},"author":1,"featured_media":0,"parent":0,"menu_order":0,"comment_status":"closed","ping_status":"closed","template":"","meta":{"footnotes":""},"class_list":["post-92","page","type-page","status-publish","hentry"],"_links":{"self":[{"href":"http:\/\/deubefevents.com\/uebasen\/wp-json\/wp\/v2\/pages\/92","targetHints":{"allow":["GET"]}}],"collection":[{"href":"http:\/\/deubefevents.com\/uebasen\/wp-json\/wp\/v2\/pages"}],"about":[{"href":"http:\/\/deubefevents.com\/uebasen\/wp-json\/wp\/v2\/types\/page"}],"author":[{"embeddable":true,"href":"http:\/\/deubefevents.com\/uebasen\/wp-json\/wp\/v2\/users\/1"}],"replies":[{"embeddable":true,"href":"http:\/\/deubefevents.com\/uebasen\/wp-json\/wp\/v2\/comments?post=92"}],"version-history":[{"count":11,"href":"http:\/\/deubefevents.com\/uebasen\/wp-json\/wp\/v2\/pages\/92\/revisions"}],"predecessor-version":[{"id":349,"href":"http:\/\/deubefevents.com\/uebasen\/wp-json\/wp\/v2\/pages\/92\/revisions\/349"}],"wp:attachment":[{"href":"http:\/\/deubefevents.com\/uebasen\/wp-json\/wp\/v2\/media?parent=92"}],"curies":[{"name":"wp","href":"https:\/\/api.w.org\/{rel}","templated":true}]}}