{"id":109,"date":"2022-06-01T11:34:24","date_gmt":"2022-06-01T11:34:24","guid":{"rendered":"https:\/\/deubefevents.com\/iadce\/?page_id=109"},"modified":"2022-06-01T11:34:25","modified_gmt":"2022-06-01T11:34:25","slug":"uluslararasi-tam-metin-kitabi","status":"publish","type":"page","link":"https:\/\/deubefevents.com\/iadce\/uluslararasi-tam-metin-kitabi\/","title":{"rendered":"Uluslararas\u0131 Tam Metin Kitab\u0131"},"content":{"rendered":"\n<p>Son g\u00f6nderim tarihi 8 Ekim 2022 olan tam metin dili \u0130ngilizcedir. 2022 Aral\u0131k ay\u0131nda bas\u0131lmas\u0131 planlanmaktad\u0131r. Tam metin g\u00f6nderiler, Banu \u00d6zevin, Sibel Almelek \u0130\u015fman, \u00c7\u0131nla \u015eeker, Bahar So\u011fukkuyu, ve Esin U\u00e7al Canakay edit\u00f6rl\u00fc\u011f\u00fcnde, \u201cArts for Peace\u201d ba\u015fl\u0131kl\u0131 uluslararas\u0131 bildiri kitab\u0131 yay\u0131mlanacakt\u0131r.<\/p>\n","protected":false},"excerpt":{"rendered":"<p>Son g\u00f6nderim tarihi 8 Ekim 2022 olan tam metin dili \u0130ngilizcedir. 2022 Aral\u0131k ay\u0131nda bas\u0131lmas\u0131 planlanmaktad\u0131r. Tam metin g\u00f6nderiler, Banu \u00d6zevin, Sibel Almelek \u0130\u015fman, \u00c7\u0131nla \u015eeker, Bahar So\u011fukkuyu, ve Esin U\u00e7al Canakay edit\u00f6rl\u00fc\u011f\u00fcnde, \u201cArts for Peace\u201d ba\u015fl\u0131kl\u0131 uluslararas\u0131 bildiri kitab\u0131 yay\u0131mlanacakt\u0131r.<\/p>\n","protected":false},"author":3,"featured_media":0,"parent":0,"menu_order":0,"comment_status":"closed","ping_status":"closed","template":"","meta":{"site-sidebar-layout":"default","site-content-layout":"default","ast-global-header-display":"","ast-main-header-display":"","ast-hfb-above-header-display":"","ast-hfb-below-header-display":"","ast-hfb-mobile-header-display":"","site-post-title":"","ast-breadcrumbs-content":"","ast-featured-img":"","footer-sml-layout":"","theme-transparent-header-meta":"","adv-header-id-meta":"","stick-header-meta":"","header-above-stick-meta":"","header-main-stick-meta":"","header-below-stick-meta":"","footnotes":""},"class_list":["post-109","page","type-page","status-publish","hentry"],"_links":{"self":[{"href":"https:\/\/deubefevents.com\/iadce\/wp-json\/wp\/v2\/pages\/109","targetHints":{"allow":["GET"]}}],"collection":[{"href":"https:\/\/deubefevents.com\/iadce\/wp-json\/wp\/v2\/pages"}],"about":[{"href":"https:\/\/deubefevents.com\/iadce\/wp-json\/wp\/v2\/types\/page"}],"author":[{"embeddable":true,"href":"https:\/\/deubefevents.com\/iadce\/wp-json\/wp\/v2\/users\/3"}],"replies":[{"embeddable":true,"href":"https:\/\/deubefevents.com\/iadce\/wp-json\/wp\/v2\/comments?post=109"}],"version-history":[{"count":1,"href":"https:\/\/deubefevents.com\/iadce\/wp-json\/wp\/v2\/pages\/109\/revisions"}],"predecessor-version":[{"id":110,"href":"https:\/\/deubefevents.com\/iadce\/wp-json\/wp\/v2\/pages\/109\/revisions\/110"}],"wp:attachment":[{"href":"https:\/\/deubefevents.com\/iadce\/wp-json\/wp\/v2\/media?parent=109"}],"curies":[{"name":"wp","href":"https:\/\/api.w.org\/{rel}","templated":true}]}}