{"id":185,"date":"2022-06-01T12:47:51","date_gmt":"2022-06-01T12:47:51","guid":{"rendered":"https:\/\/deubefevents.com\/iadce\/?page_id=185"},"modified":"2022-06-03T10:56:14","modified_gmt":"2022-06-03T10:56:14","slug":"organization-committee","status":"publish","type":"page","link":"https:\/\/deubefevents.com\/iadce\/en\/organization-committee\/","title":{"rendered":"Organization Committee"},"content":{"rendered":"\n<p class=\"has-text-align-center\"><strong>Organization Committee<\/strong><\/p>\n\n\n\n<figure class=\"wp-block-table\"><table><tbody><tr><td>Assoc. Prof. Banu Ozevin PhD&nbsp;&nbsp;&nbsp;&nbsp;&nbsp;&nbsp;&nbsp;&nbsp;&nbsp;&nbsp;&nbsp;<\/td><td>(Dokuz Eylul University)<\/td><\/tr><tr><td>Assoc. Prof. Sibel Almelek Isman PhD<\/td><td>(Dokuz Eylul University)<\/td><\/tr><tr><td>Assoc. Prof. Cinla Seker PhD&nbsp;&nbsp;&nbsp;&nbsp;&nbsp;&nbsp;&nbsp;&nbsp;&nbsp;&nbsp;&nbsp;&nbsp;&nbsp;&nbsp;&nbsp;&nbsp;&nbsp;&nbsp;&nbsp;&nbsp;&nbsp;&nbsp;&nbsp;&nbsp;&nbsp;<\/td><td>(Dokuz Eylul University)<\/td><\/tr><tr><td>Assoc. Prof. Bahar Sogukkuyu PhD&nbsp;&nbsp;&nbsp;&nbsp;&nbsp;&nbsp;&nbsp;&nbsp;&nbsp;&nbsp;&nbsp;&nbsp;&nbsp;&nbsp;&nbsp;<\/td><td>(Dokuz Eylul University)<\/td><\/tr><tr><td>Assist. Prof. Esin Ucal Canakay PhD&nbsp;&nbsp;&nbsp;&nbsp;&nbsp;&nbsp;&nbsp;&nbsp;&nbsp;&nbsp;&nbsp;&nbsp;&nbsp;&nbsp;<\/td><td>(Dokuz Eylul University)<\/td><\/tr><tr><td>Assist. Prof. Zehra Atabey PhD&nbsp;&nbsp;&nbsp;&nbsp;&nbsp;&nbsp;&nbsp;&nbsp;&nbsp;&nbsp;&nbsp;&nbsp;&nbsp;&nbsp;&nbsp;&nbsp;&nbsp;&nbsp;&nbsp;&nbsp;&nbsp;<\/td><td>(Trakya University)<\/td><\/tr><\/tbody><\/table><\/figure>\n\n\n\n<p><\/p>\n\n\n\n<p class=\"has-text-align-center\"><strong>Web Design<\/strong><\/p>\n\n\n\n<figure class=\"wp-block-table\"><table><tbody><tr><td>Res.Assist. Yasemin KAHYAO\u011eLU ERDO\u011eMU\u015e<\/td><td>(Dokuz Eylul University)<\/td><\/tr><\/tbody><\/table><\/figure>\n","protected":false},"excerpt":{"rendered":"<p>Organization Committee Assoc. Prof. Banu Ozevin PhD&nbsp;&nbsp;&nbsp;&nbsp;&nbsp;&nbsp;&nbsp;&nbsp;&nbsp;&nbsp;&nbsp; (Dokuz Eylul University) Assoc. Prof. Sibel Almelek Isman PhD (Dokuz Eylul University) Assoc. Prof. Cinla Seker PhD&nbsp;&nbsp;&nbsp;&nbsp;&nbsp;&nbsp;&nbsp;&nbsp;&nbsp;&nbsp;&nbsp;&nbsp;&nbsp;&nbsp;&nbsp;&nbsp;&nbsp;&nbsp;&nbsp;&nbsp;&nbsp;&nbsp;&nbsp;&nbsp;&nbsp; (Dokuz Eylul University) Assoc. Prof. Bahar Sogukkuyu PhD&nbsp;&nbsp;&nbsp;&nbsp;&nbsp;&nbsp;&nbsp;&nbsp;&nbsp;&nbsp;&nbsp;&nbsp;&nbsp;&nbsp;&nbsp; (Dokuz Eylul University) Assist. Prof. Esin Ucal Canakay PhD&nbsp;&nbsp;&nbsp;&nbsp;&nbsp;&nbsp;&nbsp;&nbsp;&nbsp;&nbsp;&nbsp;&nbsp;&nbsp;&nbsp; (Dokuz Eylul University) Assist. Prof. Zehra Atabey PhD&nbsp;&nbsp;&nbsp;&nbsp;&nbsp;&nbsp;&nbsp;&nbsp;&nbsp;&nbsp;&nbsp;&nbsp;&nbsp;&nbsp;&nbsp;&nbsp;&nbsp;&nbsp;&nbsp;&nbsp;&nbsp; (Trakya University) Web Design Res.Assist. Yasemin &hellip;<\/p>\n<p class=\"read-more\"> <a class=\"\" href=\"https:\/\/deubefevents.com\/iadce\/en\/organization-committee\/\"> <span class=\"screen-reader-text\">Organization Committee<\/span> Devam\u0131 &raquo;<\/a><\/p>\n","protected":false},"author":3,"featured_media":0,"parent":0,"menu_order":0,"comment_status":"closed","ping_status":"closed","template":"","meta":{"site-sidebar-layout":"default","site-content-layout":"default","ast-global-header-display":"","ast-main-header-display":"","ast-hfb-above-header-display":"","ast-hfb-below-header-display":"","ast-hfb-mobile-header-display":"","site-post-title":"disabled","ast-breadcrumbs-content":"","ast-featured-img":"","footer-sml-layout":"","theme-transparent-header-meta":"","adv-header-id-meta":"","stick-header-meta":"","header-above-stick-meta":"","header-main-stick-meta":"","header-below-stick-meta":"","footnotes":""},"class_list":["post-185","page","type-page","status-publish","hentry"],"_links":{"self":[{"href":"https:\/\/deubefevents.com\/iadce\/wp-json\/wp\/v2\/pages\/185","targetHints":{"allow":["GET"]}}],"collection":[{"href":"https:\/\/deubefevents.com\/iadce\/wp-json\/wp\/v2\/pages"}],"about":[{"href":"https:\/\/deubefevents.com\/iadce\/wp-json\/wp\/v2\/types\/page"}],"author":[{"embeddable":true,"href":"https:\/\/deubefevents.com\/iadce\/wp-json\/wp\/v2\/users\/3"}],"replies":[{"embeddable":true,"href":"https:\/\/deubefevents.com\/iadce\/wp-json\/wp\/v2\/comments?post=185"}],"version-history":[{"count":6,"href":"https:\/\/deubefevents.com\/iadce\/wp-json\/wp\/v2\/pages\/185\/revisions"}],"predecessor-version":[{"id":301,"href":"https:\/\/deubefevents.com\/iadce\/wp-json\/wp\/v2\/pages\/185\/revisions\/301"}],"wp:attachment":[{"href":"https:\/\/deubefevents.com\/iadce\/wp-json\/wp\/v2\/media?parent=185"}],"curies":[{"name":"wp","href":"https:\/\/api.w.org\/{rel}","templated":true}]}}