{"id":195,"date":"2022-06-01T12:56:59","date_gmt":"2022-06-01T12:56:59","guid":{"rendered":"https:\/\/deubefevents.com\/iadce\/?page_id=195"},"modified":"2022-06-01T12:57:24","modified_gmt":"2022-06-01T12:57:24","slug":"abstract-submission-form","status":"publish","type":"page","link":"https:\/\/deubefevents.com\/iadce\/en\/abstract-submission-form\/","title":{"rendered":"Abstract Submission Form"},"content":{"rendered":"\n<figure class=\"wp-block-table\"><table><tbody><tr><td>&nbsp; Konferans Bildiri \u00d6zeti Kay\u0131t Formu <strong>Conference<\/strong><strong> Abstract Submission Form<\/strong><\/td><td>&nbsp;<\/td><\/tr><tr><td>Kay\u0131t No&nbsp; : \u2026\u2026\u2026\u2026\u2026\u2026\u2026\u2026\u2026 <em>(For only secretariat)<\/em> Tarih&nbsp;&nbsp;&nbsp;&nbsp;&nbsp; : \u2026\u2026\u2026\u2026\u2026\u2026\u2026\u2026&#8230; <em>(For only secretariat)<\/em> <em>(Sekreterya i\u00e7indir)<\/em><\/td><td>&nbsp;<\/td><\/tr><tr><td>Konferans <strong>(Conferance)<\/strong><\/td><td>&nbsp;<\/td><\/tr><tr><td>Bildiri Ba\u015fl\u0131\u011f\u0131 <strong>(Title of Paper)<\/strong><\/td><td>&nbsp;<\/td><\/tr><tr><td>Bidiri T\u00fcr\u00fc <strong>(Type of Paper)<\/strong><\/td><td>&nbsp;<img loading=\"lazy\" decoding=\"async\" width=\"12\" height=\"14\" src=\"\">&nbsp;S\u00f6zl\u00fc Sunum \/ <strong>Oral Presentation<\/strong>&nbsp;&nbsp;&nbsp;&nbsp;&nbsp;&nbsp;&nbsp;&nbsp;&nbsp;&nbsp;&nbsp; <img loading=\"lazy\" decoding=\"async\" width=\"12\" height=\"14\" src=\"\">&nbsp;Poster Bildiri \/ <strong>Poster Presentation<\/strong><\/td><\/tr><tr><td>Ad\u0131 <strong>\/ First Name<\/strong><\/td><td>&nbsp;<\/td><\/tr><tr><td>&nbsp;&nbsp;&nbsp;&nbsp; Soyad\u0131 <strong>\/ Family Name<\/strong><\/td><td>&nbsp;<\/td><\/tr><tr><td>&nbsp;&nbsp;&nbsp;&nbsp; &nbsp;&nbsp;&nbsp;&nbsp;&nbsp;&nbsp;&nbsp;\u00dcnvan <strong>\/ Title<\/strong><\/td><td>&nbsp;<\/td><\/tr><tr><td>&nbsp;&nbsp;&nbsp;&nbsp;&nbsp;&nbsp;&nbsp; G\u00f6rev <strong>\/ Position<\/strong><\/td><td>&nbsp;<\/td><\/tr><tr><td>Kurum <strong>\/ Affiliation<\/strong><\/td><td>&nbsp;<\/td><\/tr><tr><td>\u00dclke \/ <strong>Country<\/strong><\/td><td>&nbsp;<\/td><\/tr><tr><td><strong>&nbsp;&nbsp;&nbsp;&nbsp;&nbsp;&nbsp;&nbsp;&nbsp;&nbsp;&nbsp;&nbsp;&nbsp;&nbsp;&nbsp;&nbsp;&nbsp;&nbsp; e-mail<\/strong><\/td><td>&nbsp;<\/td><\/tr><tr><td>Cep Telefonu <strong>\/ <\/strong><strong>Mobile Phone<\/strong><\/td><td>&nbsp;<\/td><\/tr><tr><td>Ba\u015fl\u0131k <strong>\/ Titl<\/strong><strong>e<\/strong><strong><\/strong><\/td><td>&nbsp;<\/td><\/tr><tr><td>&nbsp; &nbsp;&nbsp;&nbsp;&nbsp;&nbsp;&nbsp;&nbsp;&nbsp;&nbsp;&nbsp;&nbsp;&nbsp;&nbsp;&nbsp;&nbsp;&nbsp; Bildiri \u00d6zeti <strong>Abstract<\/strong> <strong>&nbsp;<\/strong><\/td><td>&nbsp;<\/td><\/tr><tr><td><\/td><td><\/td><td><\/td><\/tr><\/tbody><\/table><\/figure>\n\n\n\n<p class=\"has-text-align-center\"><em>*Each participant may participate in a maximum of 2 Reports \/ * Her kat\u0131l\u0131mc\u0131 en fazla 2 bildiri ile kat\u0131labilir.<\/em><\/p>\n\n\n\n<p class=\"has-text-align-center\"><em>Bildiri \u00f6zetleri, iki ayr\u0131 forma hem T\u00fcrk\u00e7e hem de \u0130ngilizce yaz\u0131lmal\u0131d\u0131r.<\/em><\/p>\n","protected":false},"excerpt":{"rendered":"<p>&nbsp; Konferans Bildiri \u00d6zeti Kay\u0131t Formu Conference Abstract Submission Form &nbsp; Kay\u0131t No&nbsp; : \u2026\u2026\u2026\u2026\u2026\u2026\u2026\u2026\u2026 (For only secretariat) Tarih&nbsp;&nbsp;&nbsp;&nbsp;&nbsp; : \u2026\u2026\u2026\u2026\u2026\u2026\u2026\u2026&#8230; (For only secretariat) (Sekreterya i\u00e7indir) &nbsp; Konferans (Conferance) &nbsp; Bildiri Ba\u015fl\u0131\u011f\u0131 (Title of Paper) &nbsp; Bidiri T\u00fcr\u00fc (Type of Paper) &nbsp;&nbsp;S\u00f6zl\u00fc Sunum \/ Oral Presentation&nbsp;&nbsp;&nbsp;&nbsp;&nbsp;&nbsp;&nbsp;&nbsp;&nbsp;&nbsp;&nbsp; &nbsp;Poster Bildiri \/ Poster Presentation Ad\u0131 \/ First Name &hellip;<\/p>\n<p class=\"read-more\"> <a class=\"\" href=\"https:\/\/deubefevents.com\/iadce\/en\/abstract-submission-form\/\"> <span class=\"screen-reader-text\">Abstract Submission Form<\/span> Devam\u0131 &raquo;<\/a><\/p>\n","protected":false},"author":3,"featured_media":0,"parent":0,"menu_order":0,"comment_status":"closed","ping_status":"closed","template":"","meta":{"site-sidebar-layout":"default","site-content-layout":"default","ast-global-header-display":"","ast-main-header-display":"","ast-hfb-above-header-display":"","ast-hfb-below-header-display":"","ast-hfb-mobile-header-display":"","site-post-title":"","ast-breadcrumbs-content":"","ast-featured-img":"","footer-sml-layout":"","theme-transparent-header-meta":"","adv-header-id-meta":"","stick-header-meta":"","header-above-stick-meta":"","header-main-stick-meta":"","header-below-stick-meta":"","footnotes":""},"class_list":["post-195","page","type-page","status-publish","hentry"],"_links":{"self":[{"href":"https:\/\/deubefevents.com\/iadce\/wp-json\/wp\/v2\/pages\/195","targetHints":{"allow":["GET"]}}],"collection":[{"href":"https:\/\/deubefevents.com\/iadce\/wp-json\/wp\/v2\/pages"}],"about":[{"href":"https:\/\/deubefevents.com\/iadce\/wp-json\/wp\/v2\/types\/page"}],"author":[{"embeddable":true,"href":"https:\/\/deubefevents.com\/iadce\/wp-json\/wp\/v2\/users\/3"}],"replies":[{"embeddable":true,"href":"https:\/\/deubefevents.com\/iadce\/wp-json\/wp\/v2\/comments?post=195"}],"version-history":[{"count":3,"href":"https:\/\/deubefevents.com\/iadce\/wp-json\/wp\/v2\/pages\/195\/revisions"}],"predecessor-version":[{"id":238,"href":"https:\/\/deubefevents.com\/iadce\/wp-json\/wp\/v2\/pages\/195\/revisions\/238"}],"wp:attachment":[{"href":"https:\/\/deubefevents.com\/iadce\/wp-json\/wp\/v2\/media?parent=195"}],"curies":[{"name":"wp","href":"https:\/\/api.w.org\/{rel}","templated":true}]}}