{"id":215,"date":"2022-06-01T13:18:00","date_gmt":"2022-06-01T13:18:00","guid":{"rendered":"https:\/\/deubefevents.com\/iadce\/?page_id=215"},"modified":"2022-07-03T12:57:26","modified_gmt":"2022-07-03T12:57:26","slug":"artwork-submission-form-2","status":"publish","type":"page","link":"https:\/\/deubefevents.com\/iadce\/en\/artwork-submission-form-2\/","title":{"rendered":"Artwork Submission Form"},"content":{"rendered":"\n<p><a href=\"http:\/\/deubefevents.com\/iadce\/wp-content\/uploads\/2022\/06\/Artwork-submission-form.doc\">Artwork Submission Form<\/a><\/p>\n\n\n\n<p><\/p>\n\n\n\n<div class=\"wp-block-buttons is-layout-flex wp-block-buttons-is-layout-flex\"><\/div>\n\n\n\n<div class=\"wp-block-buttons is-layout-flex wp-block-buttons-is-layout-flex\">\n<div class=\"wp-block-button\"><a class=\"wp-block-button__link\" href=\"https:\/\/deubefevents.com\/iadcesubmit\/openconf\/openconf.php\" target=\"_blank\" rel=\"noreferrer noopener\">Submit Artwork<\/a><\/div>\n<\/div>\n\n\n\n<p>&#8211;<\/p>\n\n\n\n<div data-wp-interactive=\"core\/file\" class=\"wp-block-file\"><object data-wp-bind--hidden=\"!state.hasPdfPreview\" hidden class=\"wp-block-file__embed\" data=\"http:\/\/deubefevents.com\/iadce\/wp-content\/uploads\/2022\/07\/iadce_guideline-1.pdf\" type=\"application\/pdf\" style=\"width:100%;height:600px\" aria-label=\"iadce_guideline-1 g\u00f6m\u00fcs\u00fc. g\u00f6m\u00fcs\u00fc.\"><\/object><a id=\"wp-block-file--media-9acb0212-e0fe-4a4d-90c1-b2e439466eca\" href=\"http:\/\/deubefevents.com\/iadce\/wp-content\/uploads\/2022\/07\/iadce_guideline-1.pdf\">iadce_guideline-1<\/a><a href=\"http:\/\/deubefevents.com\/iadce\/wp-content\/uploads\/2022\/07\/iadce_guideline-1.pdf\" class=\"wp-block-file__button\" download aria-describedby=\"wp-block-file--media-9acb0212-e0fe-4a4d-90c1-b2e439466eca\">\u0130ndir<\/a><\/div>\n","protected":false},"excerpt":{"rendered":"<p>Artwork Submission Form &#8211;<\/p>\n","protected":false},"author":3,"featured_media":0,"parent":0,"menu_order":0,"comment_status":"closed","ping_status":"closed","template":"","meta":{"site-sidebar-layout":"default","site-content-layout":"default","ast-global-header-display":"","ast-main-header-display":"","ast-hfb-above-header-display":"","ast-hfb-below-header-display":"","ast-hfb-mobile-header-display":"","site-post-title":"","ast-breadcrumbs-content":"","ast-featured-img":"","footer-sml-layout":"","theme-transparent-header-meta":"","adv-header-id-meta":"","stick-header-meta":"","header-above-stick-meta":"","header-main-stick-meta":"","header-below-stick-meta":"","footnotes":""},"class_list":["post-215","page","type-page","status-publish","hentry"],"_links":{"self":[{"href":"https:\/\/deubefevents.com\/iadce\/wp-json\/wp\/v2\/pages\/215","targetHints":{"allow":["GET"]}}],"collection":[{"href":"https:\/\/deubefevents.com\/iadce\/wp-json\/wp\/v2\/pages"}],"about":[{"href":"https:\/\/deubefevents.com\/iadce\/wp-json\/wp\/v2\/types\/page"}],"author":[{"embeddable":true,"href":"https:\/\/deubefevents.com\/iadce\/wp-json\/wp\/v2\/users\/3"}],"replies":[{"embeddable":true,"href":"https:\/\/deubefevents.com\/iadce\/wp-json\/wp\/v2\/comments?post=215"}],"version-history":[{"count":6,"href":"https:\/\/deubefevents.com\/iadce\/wp-json\/wp\/v2\/pages\/215\/revisions"}],"predecessor-version":[{"id":365,"href":"https:\/\/deubefevents.com\/iadce\/wp-json\/wp\/v2\/pages\/215\/revisions\/365"}],"wp:attachment":[{"href":"https:\/\/deubefevents.com\/iadce\/wp-json\/wp\/v2\/media?parent=215"}],"curies":[{"name":"wp","href":"https:\/\/api.w.org\/{rel}","templated":true}]}}