{"id":452,"date":"2022-09-09T08:25:46","date_gmt":"2022-09-09T08:25:46","guid":{"rendered":"https:\/\/deubefevents.com\/iadce\/?page_id=452"},"modified":"2022-09-09T08:25:47","modified_gmt":"2022-09-09T08:25:47","slug":"poster-presantation","status":"publish","type":"page","link":"https:\/\/deubefevents.com\/iadce\/en\/poster-presantation\/","title":{"rendered":"Poster Presantation"},"content":{"rendered":"\n<div data-wp-interactive=\"core\/file\" class=\"wp-block-file\"><object data-wp-bind--hidden=\"!state.hasPdfPreview\" hidden class=\"wp-block-file__embed\" data=\"https:\/\/deubefevents.com\/iadce\/wp-content\/uploads\/2022\/09\/Poste-Bildiri-2.pdf\" type=\"application\/pdf\" style=\"width:100%;height:600px\" aria-label=\"Poste-Bildiri-2 g\u00f6m\u00fcs\u00fc. g\u00f6m\u00fcs\u00fc.\"><\/object><a id=\"wp-block-file--media-5781e3e2-68be-442c-8629-77bb83b9d5bd\" href=\"https:\/\/deubefevents.com\/iadce\/wp-content\/uploads\/2022\/09\/Poste-Bildiri-2.pdf\">Poste-Bildiri-2<\/a><a href=\"https:\/\/deubefevents.com\/iadce\/wp-content\/uploads\/2022\/09\/Poste-Bildiri-2.pdf\" class=\"wp-block-file__button\" download aria-describedby=\"wp-block-file--media-5781e3e2-68be-442c-8629-77bb83b9d5bd\">\u0130ndir<\/a><\/div>\n","protected":false},"excerpt":{"rendered":"","protected":false},"author":4,"featured_media":0,"parent":0,"menu_order":0,"comment_status":"closed","ping_status":"closed","template":"","meta":{"site-sidebar-layout":"default","site-content-layout":"default","ast-global-header-display":"","ast-main-header-display":"","ast-hfb-above-header-display":"","ast-hfb-below-header-display":"","ast-hfb-mobile-header-display":"","site-post-title":"","ast-breadcrumbs-content":"","ast-featured-img":"","footer-sml-layout":"","theme-transparent-header-meta":"","adv-header-id-meta":"","stick-header-meta":"","header-above-stick-meta":"","header-main-stick-meta":"","header-below-stick-meta":"","footnotes":""},"class_list":["post-452","page","type-page","status-publish","hentry"],"_links":{"self":[{"href":"https:\/\/deubefevents.com\/iadce\/wp-json\/wp\/v2\/pages\/452","targetHints":{"allow":["GET"]}}],"collection":[{"href":"https:\/\/deubefevents.com\/iadce\/wp-json\/wp\/v2\/pages"}],"about":[{"href":"https:\/\/deubefevents.com\/iadce\/wp-json\/wp\/v2\/types\/page"}],"author":[{"embeddable":true,"href":"https:\/\/deubefevents.com\/iadce\/wp-json\/wp\/v2\/users\/4"}],"replies":[{"embeddable":true,"href":"https:\/\/deubefevents.com\/iadce\/wp-json\/wp\/v2\/comments?post=452"}],"version-history":[{"count":1,"href":"https:\/\/deubefevents.com\/iadce\/wp-json\/wp\/v2\/pages\/452\/revisions"}],"predecessor-version":[{"id":454,"href":"https:\/\/deubefevents.com\/iadce\/wp-json\/wp\/v2\/pages\/452\/revisions\/454"}],"wp:attachment":[{"href":"https:\/\/deubefevents.com\/iadce\/wp-json\/wp\/v2\/media?parent=452"}],"curies":[{"name":"wp","href":"https:\/\/api.w.org\/{rel}","templated":true}]}}