{"id":494,"date":"2022-12-30T10:13:16","date_gmt":"2022-12-30T10:13:16","guid":{"rendered":"https:\/\/deubefevents.com\/iadce\/?page_id=494"},"modified":"2023-01-02T21:51:31","modified_gmt":"2023-01-02T21:51:31","slug":"exhibition-catalog","status":"publish","type":"page","link":"https:\/\/deubefevents.com\/iadce\/exhibition-catalog\/","title":{"rendered":"Exhibition Catalog"},"content":{"rendered":"\n<div data-wp-interactive=\"core\/file\" class=\"wp-block-file\"><object data-wp-bind--hidden=\"!state.hasPdfPreview\" hidden class=\"wp-block-file__embed\" data=\"https:\/\/deubefevents.com\/iadce\/wp-content\/uploads\/2023\/01\/IADCE-2022-SERGI-KATALOG_compressed-1.pdf\" type=\"application\/pdf\" style=\"width:100%;height:696px\" aria-label=\"IADCE-2022-SERGI-KATALOG_compressed-1 g\u00f6m\u00fcs\u00fc.\"><\/object><a id=\"wp-block-file--media-ae583af1-f302-485e-a1d9-954a4d05ca73\" href=\"https:\/\/deubefevents.com\/iadce\/wp-content\/uploads\/2023\/01\/IADCE-2022-SERGI-KATALOG_compressed-1.pdf\">IADCE-2022-SERGI-KATALOG_compressed-1<\/a><a href=\"https:\/\/deubefevents.com\/iadce\/wp-content\/uploads\/2023\/01\/IADCE-2022-SERGI-KATALOG_compressed-1.pdf\" class=\"wp-block-file__button wp-element-button\" download aria-describedby=\"wp-block-file--media-ae583af1-f302-485e-a1d9-954a4d05ca73\">Download<\/a><\/div>\n","protected":false},"excerpt":{"rendered":"","protected":false},"author":4,"featured_media":0,"parent":0,"menu_order":0,"comment_status":"closed","ping_status":"closed","template":"","meta":{"site-sidebar-layout":"default","site-content-layout":"default","ast-global-header-display":"","ast-main-header-display":"","ast-hfb-above-header-display":"","ast-hfb-below-header-display":"","ast-hfb-mobile-header-display":"","site-post-title":"","ast-breadcrumbs-content":"","ast-featured-img":"","footer-sml-layout":"","theme-transparent-header-meta":"","adv-header-id-meta":"","stick-header-meta":"","header-above-stick-meta":"","header-main-stick-meta":"","header-below-stick-meta":"","footnotes":""},"class_list":["post-494","page","type-page","status-publish","hentry"],"_links":{"self":[{"href":"https:\/\/deubefevents.com\/iadce\/wp-json\/wp\/v2\/pages\/494","targetHints":{"allow":["GET"]}}],"collection":[{"href":"https:\/\/deubefevents.com\/iadce\/wp-json\/wp\/v2\/pages"}],"about":[{"href":"https:\/\/deubefevents.com\/iadce\/wp-json\/wp\/v2\/types\/page"}],"author":[{"embeddable":true,"href":"https:\/\/deubefevents.com\/iadce\/wp-json\/wp\/v2\/users\/4"}],"replies":[{"embeddable":true,"href":"https:\/\/deubefevents.com\/iadce\/wp-json\/wp\/v2\/comments?post=494"}],"version-history":[{"count":2,"href":"https:\/\/deubefevents.com\/iadce\/wp-json\/wp\/v2\/pages\/494\/revisions"}],"predecessor-version":[{"id":512,"href":"https:\/\/deubefevents.com\/iadce\/wp-json\/wp\/v2\/pages\/494\/revisions\/512"}],"wp:attachment":[{"href":"https:\/\/deubefevents.com\/iadce\/wp-json\/wp\/v2\/media?parent=494"}],"curies":[{"name":"wp","href":"https:\/\/api.w.org\/{rel}","templated":true}]}}