{"id":90,"date":"2022-06-01T11:17:37","date_gmt":"2022-06-01T11:17:37","guid":{"rendered":"https:\/\/deubefevents.com\/iadce\/?page_id=90"},"modified":"2022-06-01T12:22:31","modified_gmt":"2022-06-01T12:22:31","slug":"bildiri-ozeti-kayit-formu","status":"publish","type":"page","link":"https:\/\/deubefevents.com\/iadce\/bildiri-ozeti-kayit-formu\/","title":{"rendered":"Bildiri \u00d6zeti Kay\u0131t Formu"},"content":{"rendered":"\n<figure class=\"wp-block-table\"><table><tbody><tr><td class=\"has-text-align-left\" data-align=\"left\">&nbsp; Konferans Bildiri \u00d6zeti Kay\u0131t Formu <strong>Conference<\/strong><strong> Abstract Submission Form<\/strong><\/td><td>&nbsp;<\/td><\/tr><tr><td class=\"has-text-align-left\" data-align=\"left\">Kay\u0131t No&nbsp; : \u2026\u2026\u2026\u2026\u2026\u2026\u2026\u2026\u2026 <em>(For only secretariat)<\/em> Tarih&nbsp;&nbsp;&nbsp;&nbsp;&nbsp; : \u2026\u2026\u2026\u2026\u2026\u2026\u2026\u2026&#8230; <em>(For only secretariat)<\/em> <em>(Sekreterya i\u00e7indir)<\/em><\/td><td>&nbsp;<\/td><\/tr><tr><td class=\"has-text-align-left\" data-align=\"left\">Konferans <strong>(Conferance)<\/strong><\/td><td>&nbsp;<\/td><\/tr><tr><td class=\"has-text-align-left\" data-align=\"left\">Bildiri Ba\u015fl\u0131\u011f\u0131 <strong>(Title of Paper)<\/strong><\/td><td>&nbsp;<\/td><\/tr><tr><td class=\"has-text-align-left\" data-align=\"left\">Bidiri T\u00fcr\u00fc <strong>(Type of Paper)<\/strong><\/td><td>&nbsp;&nbsp;&nbsp;&nbsp; &nbsp;<img loading=\"lazy\" decoding=\"async\" width=\"12\" height=\"14\" src=\"\">&nbsp;&nbsp;S\u00f6zl\u00fc Sunum \/ <strong>Oral Presentation<\/strong>&nbsp;&nbsp;&nbsp;&nbsp;&nbsp;&nbsp;&nbsp;&nbsp;&nbsp;&nbsp;&nbsp; <img loading=\"lazy\" decoding=\"async\" width=\"12\" height=\"14\" src=\"\">&nbsp;&nbsp;Poster Bildiri \/ <strong>Poster Presentation<\/strong> &nbsp;&nbsp;&nbsp;&nbsp;&nbsp;&nbsp;&nbsp;&nbsp;&nbsp;&nbsp;&nbsp;&nbsp;<\/td><\/tr><tr><td class=\"has-text-align-left\" data-align=\"left\">Ad\u0131 <strong>\/ First Name<\/strong><\/td><td>&nbsp;<\/td><\/tr><tr><td class=\"has-text-align-left\" data-align=\"left\">Soyad\u0131 <strong>\/ Family Name<\/strong><\/td><td>&nbsp;<\/td><\/tr><tr><td class=\"has-text-align-left\" data-align=\"left\">&nbsp;\u00dcnvan <strong>\/ Title<\/strong><\/td><td>&nbsp;<\/td><\/tr><tr><td class=\"has-text-align-left\" data-align=\"left\">G\u00f6rev <strong>\/ Position<\/strong><\/td><td>&nbsp;<\/td><\/tr><tr><td class=\"has-text-align-left\" data-align=\"left\">Kurum <strong>\/ Affiliation<\/strong><\/td><td>&nbsp;<\/td><\/tr><tr><td class=\"has-text-align-left\" data-align=\"left\">\u00dclke \/ <strong>Country<\/strong><\/td><td>&nbsp;<\/td><\/tr><tr><td class=\"has-text-align-left\" data-align=\"left\"><strong>e-mail<\/strong><\/td><td>&nbsp;<\/td><\/tr><tr><td class=\"has-text-align-left\" data-align=\"left\">Cep Telefonu \/ <strong>Mobile Phone<\/strong><\/td><td>&nbsp;<\/td><\/tr><tr><td class=\"has-text-align-left\" data-align=\"left\">Ba\u015fl\u0131k <strong>\/ Titl<\/strong><strong>e<\/strong><strong><\/strong><\/td><td>&nbsp;<\/td><\/tr><tr><td class=\"has-text-align-left\" data-align=\"left\">Bildiri \u00d6zeti <strong>Abstract<\/strong> <strong>&nbsp;<\/strong><\/td><td>&nbsp;<\/td><\/tr><\/tbody><\/table><\/figure>\n\n\n\n<p class=\"has-text-align-center\"><em>*Each participant may participate in a maximum of 2 Reports \/ * Her kat\u0131l\u0131mc\u0131 en fazla 2 bildiri ile kat\u0131labilir.<\/em><\/p>\n\n\n\n<p class=\"has-text-align-center\"><em>Bildiri \u00f6zetleri, iki ayr\u0131 forma hem T\u00fcrk\u00e7e hem de \u0130ngilizce yaz\u0131lmal\u0131d\u0131r.<\/em><\/p>\n","protected":false},"excerpt":{"rendered":"<p>&nbsp; Konferans Bildiri \u00d6zeti Kay\u0131t Formu Conference Abstract Submission Form &nbsp; Kay\u0131t No&nbsp; : \u2026\u2026\u2026\u2026\u2026\u2026\u2026\u2026\u2026 (For only secretariat) Tarih&nbsp;&nbsp;&nbsp;&nbsp;&nbsp; : \u2026\u2026\u2026\u2026\u2026\u2026\u2026\u2026&#8230; (For only secretariat) (Sekreterya i\u00e7indir) &nbsp; Konferans (Conferance) &nbsp; Bildiri Ba\u015fl\u0131\u011f\u0131 (Title of Paper) &nbsp; Bidiri T\u00fcr\u00fc (Type of Paper) &nbsp;&nbsp;&nbsp;&nbsp; &nbsp;&nbsp;&nbsp;S\u00f6zl\u00fc Sunum \/ Oral Presentation&nbsp;&nbsp;&nbsp;&nbsp;&nbsp;&nbsp;&nbsp;&nbsp;&nbsp;&nbsp;&nbsp; &nbsp;&nbsp;Poster Bildiri \/ Poster Presentation &nbsp;&nbsp;&nbsp;&nbsp;&nbsp;&nbsp;&nbsp;&nbsp;&nbsp;&nbsp;&nbsp;&nbsp; Ad\u0131 \/ &hellip;<\/p>\n<p class=\"read-more\"> <a class=\"\" href=\"https:\/\/deubefevents.com\/iadce\/bildiri-ozeti-kayit-formu\/\"> <span class=\"screen-reader-text\">Bildiri \u00d6zeti Kay\u0131t Formu<\/span> Devam\u0131 &raquo;<\/a><\/p>\n","protected":false},"author":3,"featured_media":0,"parent":0,"menu_order":0,"comment_status":"closed","ping_status":"closed","template":"","meta":{"site-sidebar-layout":"default","site-content-layout":"default","ast-global-header-display":"","ast-main-header-display":"","ast-hfb-above-header-display":"","ast-hfb-below-header-display":"","ast-hfb-mobile-header-display":"","site-post-title":"","ast-breadcrumbs-content":"","ast-featured-img":"","footer-sml-layout":"","theme-transparent-header-meta":"","adv-header-id-meta":"","stick-header-meta":"","header-above-stick-meta":"","header-main-stick-meta":"","header-below-stick-meta":"","footnotes":""},"class_list":["post-90","page","type-page","status-publish","hentry"],"_links":{"self":[{"href":"https:\/\/deubefevents.com\/iadce\/wp-json\/wp\/v2\/pages\/90","targetHints":{"allow":["GET"]}}],"collection":[{"href":"https:\/\/deubefevents.com\/iadce\/wp-json\/wp\/v2\/pages"}],"about":[{"href":"https:\/\/deubefevents.com\/iadce\/wp-json\/wp\/v2\/types\/page"}],"author":[{"embeddable":true,"href":"https:\/\/deubefevents.com\/iadce\/wp-json\/wp\/v2\/users\/3"}],"replies":[{"embeddable":true,"href":"https:\/\/deubefevents.com\/iadce\/wp-json\/wp\/v2\/comments?post=90"}],"version-history":[{"count":2,"href":"https:\/\/deubefevents.com\/iadce\/wp-json\/wp\/v2\/pages\/90\/revisions"}],"predecessor-version":[{"id":167,"href":"https:\/\/deubefevents.com\/iadce\/wp-json\/wp\/v2\/pages\/90\/revisions\/167"}],"wp:attachment":[{"href":"https:\/\/deubefevents.com\/iadce\/wp-json\/wp\/v2\/media?parent=90"}],"curies":[{"name":"wp","href":"https:\/\/api.w.org\/{rel}","templated":true}]}}