{"id":93,"date":"2022-06-01T11:24:24","date_gmt":"2022-06-01T11:24:24","guid":{"rendered":"https:\/\/deubefevents.com\/iadce\/?page_id=93"},"modified":"2022-06-01T11:24:24","modified_gmt":"2022-06-01T11:24:24","slug":"katilim-ucreti-ve-odeme-bilgileri","status":"publish","type":"page","link":"https:\/\/deubefevents.com\/iadce\/katilim-ucreti-ve-odeme-bilgileri\/","title":{"rendered":"Kat\u0131l\u0131m \u00dccreti ve \u00d6deme Bilgileri"},"content":{"rendered":"\n<p>Kat\u0131l\u0131m \u00fccreti, s\u00f6zl\u00fc bildiri i\u00e7in 400 TL, poster bildiri ve sergi \/ performans i\u00e7in 200 TL, dinleyiciler i\u00e7in ise 100 TL\u2019dir.<\/p>\n\n\n\n<p> \u2013Yukar\u0131da belirtilen fiyatlara KDV d\u00e2hil edilmi\u015ftir.<\/p>\n\n\n\n<p> -Sempozyuma kat\u0131lacak her kat\u0131l\u0131mc\u0131n\u0131n kay\u0131t \u00fccreti yat\u0131rmas\u0131 zorunludur. Birden fazla kat\u0131l\u0131mc\u0131ya ait olan \u00e7al\u0131\u015fmalarda ise kat\u0131l\u0131m belgesi almak isteyen her yazar\u0131n en az bir kat\u0131l\u0131m \u00fccreti yat\u0131rmas\u0131 gerekmektedir.<\/p>\n\n\n\n<p> -Bir kat\u0131l\u0131m \u00fccreti ile ayn\u0131 yazara ait en fazla iki \u00e7al\u0131\u015fma sunulabilir. \u0130kiden fazla \u00e7al\u0131\u015fma olmas\u0131 durumunda kat\u0131l\u0131m \u00fccretine ek olarak her bir \u00e7al\u0131\u015fma i\u00e7in 200 TL \u00f6denmesi gerekmektedir. Y\u00fcksek lisans ve doktora \u00f6\u011frencileri ise tek kat\u0131l\u0131m \u00fccreti ile yaln\u0131z bir \u00e7al\u0131\u015fma sunabilirler.<\/p>\n\n\n\n<p> -Yat\u0131r\u0131lan kat\u0131l\u0131m \u00fccretlerinin\u00a0iadesi hi\u00e7bir ko\u015fulda yap\u0131lmayacakt\u0131r.\u00a0<\/p>\n\n\n\n<p>Kat\u0131l\u0131m \u00fccretine d\u00e2hil olan hizmetler:<\/p>\n\n\n\n<p> -Bildiri sunum oturumlar\u0131na ve \u00e7a\u011fr\u0131l\u0131 konu\u015fmac\u0131 oturumlar\u0131na \u00e7evrim i\u00e7i kat\u0131l\u0131m sa\u011flanmas\u0131<\/p>\n\n\n\n<p> -Elektronik kat\u0131l\u0131m belgesi\u00a0<\/p>\n\n\n\n<p>\u00d6deme i\u015flemlerinde kar\u0131\u015f\u0131kl\u0131k olmamas\u0131 i\u00e7in;<\/p>\n\n\n\n<p> -Her kat\u0131l\u0131mc\u0131n\u0131n kendi hesab\u0131ndan kat\u0131l\u0131m \u00fccretini \u00f6demesi,<\/p>\n\n\n\n<p> -Kat\u0131l\u0131m \u00fccretinin (toplu olarak de\u011fil) tek bir ki\u015fi i\u00e7in ger\u00e7ekle\u015ftirilmesi,<\/p>\n\n\n\n<p> -\u0130\u015flemin \u201cA\u00e7\u0131klama\u201d k\u0131sm\u0131na sunum yapacak ki\u015finin<\/p>\n\n\n\n<p> -Bildiri kat\u0131l\u0131mc\u0131s\u0131 ise [Ad Soyad]_ Bildiri_IADCE<\/p>\n\n\n\n<p> -Performans\/Sergi kat\u0131l\u0131mc\u0131s\u0131 ise [Ad Soyad]_Performans\/Sergi_IADCE<\/p>\n\n\n\n<p> -Dinleyici ise [Ad Soyad]_Dinleyici_IADCE bilgileri yaz\u0131lmal\u0131d\u0131r.<\/p>\n\n\n\n<p>Dekont A\u00e7\u0131klama K\u0131sm\u0131 \u0130\u00e7in \u00d6rnek:<br>Bildirili Kat\u0131l\u0131mc\u0131 A\u00e7\u0131klama K\u0131sm\u0131na: Esin G\u00dcZEL_Bildiri_IADCE<\/p>\n\n\n\n<p>Poster Bildirili Kat\u0131l\u0131mc\u0131 A\u00e7\u0131klama K\u0131sm\u0131na: Esin G\u00dcZEL_Poster_Bildiri_IADCE<\/p>\n\n\n\n<p>Performans Kat\u0131l\u0131mc\u0131s\u0131 A\u00e7\u0131klama K\u0131sm\u0131na: Esin G\u00dcZEL_Performans_IADCE<\/p>\n\n\n\n<p>Sergi Kat\u0131l\u0131mc\u0131s\u0131 A\u00e7\u0131klama K\u0131sm\u0131na: Esin G\u00dcZEL_Sergi_IADCE<\/p>\n\n\n\n<p>Dinleyici A\u00e7\u0131klama K\u0131sm\u0131na: Esin G\u00dcZEL_Dinleyici_IADCE<\/p>\n\n\n\n<p>\u00d6deme Dekontlar\u0131&nbsp;&nbsp;<a href=\"mailto:iadce@deu.edu.tr\">iadce@deu.edu.tr<\/a>&nbsp;adresine e-posta konusu olarak dekont a\u00e7\u0131klama k\u0131sm\u0131na yaz\u0131lan bilgilerin ayn\u0131s\u0131&nbsp;girilerek g\u00f6nderilmelidir.<\/p>\n\n\n\n<p><strong>Banka:<\/strong> Ziraat Bankas\u0131<\/p>\n\n\n\n<p><strong>\u015eube Ad\u0131:<\/strong> 9 Eylul \u015eubesi<\/p>\n\n\n\n<p><strong>IBAN: <\/strong>TR 6000 0100 1506 0679 9887 5047<strong>&nbsp;&nbsp;&nbsp;&nbsp;&nbsp;&nbsp; Al\u0131c\u0131 Ad\u0131: <\/strong>Dokuz Eyl\u00fcl \u00dcniversitesi D\u00f6ner Sermaye \u0130\u015fletmesi \u2013 Buca E\u011fitim Fak\u00fcltesi&nbsp;<\/p>\n","protected":false},"excerpt":{"rendered":"<p>Kat\u0131l\u0131m \u00fccreti, s\u00f6zl\u00fc bildiri i\u00e7in 400 TL, poster bildiri ve sergi \/ performans i\u00e7in 200 TL, dinleyiciler i\u00e7in ise 100 TL\u2019dir. \u2013Yukar\u0131da belirtilen fiyatlara KDV d\u00e2hil edilmi\u015ftir. -Sempozyuma kat\u0131lacak her kat\u0131l\u0131mc\u0131n\u0131n kay\u0131t \u00fccreti yat\u0131rmas\u0131 zorunludur. Birden fazla kat\u0131l\u0131mc\u0131ya ait olan \u00e7al\u0131\u015fmalarda ise kat\u0131l\u0131m belgesi almak isteyen her yazar\u0131n en az bir kat\u0131l\u0131m \u00fccreti yat\u0131rmas\u0131 gerekmektedir. &hellip;<\/p>\n<p class=\"read-more\"> <a class=\"\" href=\"https:\/\/deubefevents.com\/iadce\/katilim-ucreti-ve-odeme-bilgileri\/\"> <span class=\"screen-reader-text\">Kat\u0131l\u0131m \u00dccreti ve \u00d6deme Bilgileri<\/span> Devam\u0131 &raquo;<\/a><\/p>\n","protected":false},"author":3,"featured_media":0,"parent":0,"menu_order":0,"comment_status":"closed","ping_status":"closed","template":"","meta":{"site-sidebar-layout":"default","site-content-layout":"default","ast-global-header-display":"","ast-main-header-display":"","ast-hfb-above-header-display":"","ast-hfb-below-header-display":"","ast-hfb-mobile-header-display":"","site-post-title":"","ast-breadcrumbs-content":"","ast-featured-img":"","footer-sml-layout":"","theme-transparent-header-meta":"","adv-header-id-meta":"","stick-header-meta":"","header-above-stick-meta":"","header-main-stick-meta":"","header-below-stick-meta":"","footnotes":""},"class_list":["post-93","page","type-page","status-publish","hentry"],"_links":{"self":[{"href":"https:\/\/deubefevents.com\/iadce\/wp-json\/wp\/v2\/pages\/93","targetHints":{"allow":["GET"]}}],"collection":[{"href":"https:\/\/deubefevents.com\/iadce\/wp-json\/wp\/v2\/pages"}],"about":[{"href":"https:\/\/deubefevents.com\/iadce\/wp-json\/wp\/v2\/types\/page"}],"author":[{"embeddable":true,"href":"https:\/\/deubefevents.com\/iadce\/wp-json\/wp\/v2\/users\/3"}],"replies":[{"embeddable":true,"href":"https:\/\/deubefevents.com\/iadce\/wp-json\/wp\/v2\/comments?post=93"}],"version-history":[{"count":1,"href":"https:\/\/deubefevents.com\/iadce\/wp-json\/wp\/v2\/pages\/93\/revisions"}],"predecessor-version":[{"id":94,"href":"https:\/\/deubefevents.com\/iadce\/wp-json\/wp\/v2\/pages\/93\/revisions\/94"}],"wp:attachment":[{"href":"https:\/\/deubefevents.com\/iadce\/wp-json\/wp\/v2\/media?parent=93"}],"curies":[{"name":"wp","href":"https:\/\/api.w.org\/{rel}","templated":true}]}}