{"id":124,"date":"2023-09-19T06:44:19","date_gmt":"2023-09-19T06:44:19","guid":{"rendered":"https:\/\/deubefevents.com\/iadce2023\/?page_id=124"},"modified":"2023-09-19T06:44:19","modified_gmt":"2023-09-19T06:44:19","slug":"onemli-tarihler","status":"publish","type":"page","link":"https:\/\/deubefevents.com\/iadce2023\/onemli-tarihler\/","title":{"rendered":"\u00d6nemli Tarihler"},"content":{"rendered":"\n<!DOCTYPE html>\n<html lang=\"tr\">\n<head>\n  <meta charset=\"UTF-8\">\n  <title>\u00d6nemli Tarihler<\/title>\n  <style>\n    table {\n      width: 100%;\n      border-collapse: collapse;\n      margin: 20px 0;\n    }\n    th, td {\n      border: 1px solid #000;\n      padding: 8px;\n      text-align: left;\n    }\n    th {\n      background-color: #f4f4f4;\n    }\n  <\/style>\n<\/head>\n<body>\n\n<h2>\u00d6NEML\u0130 TAR\u0130HLER<\/h2>\n\n<table>\n  <thead>\n    <tr>\n      <th>A\u00e7\u0131klama<\/th>\n      <th>Tarih<\/th>\n    <\/tr>\n  <\/thead>\n  <tbody>\n    <tr>\n      <td>\u00d6zet g\u00f6nderim i\u00e7in son ba\u015fvuru tarihi<\/td>\n      <td>10.10.2023<\/td>\n    <\/tr>\n    <tr>\n      <td>Sergi ve performans i\u00e7in son ba\u015fvuru tarihi<\/td>\n      <td>10.10.2023<\/td>\n    <\/tr>\n    <tr>\n      <td>Kabul bildiri tarihi<\/td>\n      <td>16.10.2023<\/td>\n    <\/tr>\n    <tr>\n      <td>Kesin kay\u0131t i\u015flemleri i\u00e7in son tarih<\/td>\n      <td>20.10.2023<\/td>\n    <\/tr>\n    <tr>\n      <td>Tam metin son g\u00f6nderim tarihi<\/td>\n      <td>30.11.2023<\/td>\n    <\/tr>\n    <tr>\n      <td>Konferans tarihleri<\/td>\n      <td>14-15 KASIM 2023<\/td>\n    <\/tr>\n    <tr>\n      <td>Sergi ve performans tarihleri<\/td>\n      <td>14-30 KASIM 2023 (17 G\u00fcn)<\/td>\n    <\/tr>\n    <tr>\n      <td>Uluslararas\u0131 tam metin kitab\u0131 yay\u0131n tarihi<\/td>\n      <td>30.12.2023<\/td>\n    <\/tr>\n  <\/tbody>\n<\/table>\n\n<\/body>\n<\/html>\n\n","protected":false},"excerpt":{"rendered":"<p>\u00d6nemli Tarihler \u00d6NEML\u0130 TAR\u0130HLER A\u00e7\u0131klama Tarih \u00d6zet g\u00f6nderim i\u00e7in son ba\u015fvuru tarihi 10.10.2023 Sergi ve performans i\u00e7in son ba\u015fvuru tarihi 10.10.2023 Kabul bildiri tarihi 16.10.2023 Kesin kay\u0131t i\u015flemleri i\u00e7in son tarih 20.10.2023 Tam metin son g\u00f6nderim tarihi 30.11.2023 Konferans tarihleri 14-15 KASIM 2023 Sergi ve performans tarihleri 14-30 KASIM 2023 (17 G\u00fcn) Uluslararas\u0131 tam metin<\/p>\n<p class=\"more-link\"><a href=\"https:\/\/deubefevents.com\/iadce2023\/onemli-tarihler\/\" class=\"themebutton2\">Read More<\/a><\/p>\n","protected":false},"author":1,"featured_media":0,"parent":0,"menu_order":0,"comment_status":"closed","ping_status":"closed","template":"","meta":{"footnotes":""},"_links":{"self":[{"href":"https:\/\/deubefevents.com\/iadce2023\/wp-json\/wp\/v2\/pages\/124"}],"collection":[{"href":"https:\/\/deubefevents.com\/iadce2023\/wp-json\/wp\/v2\/pages"}],"about":[{"href":"https:\/\/deubefevents.com\/iadce2023\/wp-json\/wp\/v2\/types\/page"}],"author":[{"embeddable":true,"href":"https:\/\/deubefevents.com\/iadce2023\/wp-json\/wp\/v2\/users\/1"}],"replies":[{"embeddable":true,"href":"https:\/\/deubefevents.com\/iadce2023\/wp-json\/wp\/v2\/comments?post=124"}],"version-history":[{"count":1,"href":"https:\/\/deubefevents.com\/iadce2023\/wp-json\/wp\/v2\/pages\/124\/revisions"}],"predecessor-version":[{"id":125,"href":"https:\/\/deubefevents.com\/iadce2023\/wp-json\/wp\/v2\/pages\/124\/revisions\/125"}],"wp:attachment":[{"href":"https:\/\/deubefevents.com\/iadce2023\/wp-json\/wp\/v2\/media?parent=124"}],"curies":[{"name":"wp","href":"https:\/\/api.w.org\/{rel}","templated":true}]}}