{"id":127,"date":"2023-09-19T06:48:25","date_gmt":"2023-09-19T06:48:25","guid":{"rendered":"https:\/\/deubefevents.com\/iadce2023\/?page_id=127"},"modified":"2023-11-25T18:55:34","modified_gmt":"2023-11-25T18:55:34","slug":"sergi-ve-performans","status":"publish","type":"page","link":"https:\/\/deubefevents.com\/iadce2023\/sergi-ve-performans\/","title":{"rendered":"Sergi ve Performans"},"content":{"rendered":"\n<!DOCTYPE html>\n<html>\n<head>\n    <title>Link Button Example<\/title>\n    <style>\n\n.button-container {\n    text-align: center; \/* Centers inline or inline-block elements *\/\n    \/* If you want to vertically center it too and it's the only element, you can use these:\n    display: flex;\n    justify-content: center;\n    align-items: center;\n    height: 100vh; \/* Full viewport height *\/\n}\n\n        .link-button {\n    padding: 15px 30px;\n    background-color: #007bff; \/* Green background *\/\n    color: white;\n    text-decoration: none;\n    border-radius: 25px;\n    font-size: 18px;\n    border: none;\n    box-shadow: 0 4px 8px rgba(0,0,0,0.2); \/* Adds a subtle shadow *\/\n    transition: background-color 0.3s, transform 0.2s, box-shadow 0.2s;\n    text-align: center;\n    display: inline-block; \/* Centers the button text *\/\n}\n\n.link-button:hover {\n    background-color: #45a049; \/* Darker green *\/\n    transform: translateY(-2px); \/* Slight lift *\/\n    box-shadow: 0 6px 12px rgba(0,0,0,0.3); \/* Deeper shadow on hover *\/\n}\n\n    <\/style>\n<\/head>\n<body>\n\n<div class=\"button-container\">\n    <a href=\"https:\/\/www.artsteps.com\/view\/654fcb3e03f66200a34a78aa\/?currentUser\" class=\"link-button\" target=\"_blank\" rel=\"noopener\">SERG\u0130 \u0130\u00c7\u0130N TIKLAYINIZ<\/a>\n<\/div>\n\n<\/body>\n<\/html>\n\n\n\n\n<hr class=\"wp-block-separator has-alpha-channel-opacity is-style-wide\"\/>\n\n\n<div class=\"wp-block-image is-style-default\">\n<figure class=\"aligncenter size-large\"><img decoding=\"async\" loading=\"lazy\" width=\"1024\" height=\"1009\" src=\"https:\/\/deubefevents.com\/iadce2023\/wp-content\/uploads\/2023\/11\/IADCE-afisI\u00a7-1024x1009.jpeg\" alt=\"\" class=\"wp-image-316\" srcset=\"https:\/\/deubefevents.com\/iadce2023\/wp-content\/uploads\/2023\/11\/IADCE-afisI\u00a7-1024x1009.jpeg 1024w, https:\/\/deubefevents.com\/iadce2023\/wp-content\/uploads\/2023\/11\/IADCE-afisI\u00a7-300x296.jpeg 300w, https:\/\/deubefevents.com\/iadce2023\/wp-content\/uploads\/2023\/11\/IADCE-afisI\u00a7-768x756.jpeg 768w, https:\/\/deubefevents.com\/iadce2023\/wp-content\/uploads\/2023\/11\/IADCE-afisI\u00a7-1536x1513.jpeg 1536w, https:\/\/deubefevents.com\/iadce2023\/wp-content\/uploads\/2023\/11\/IADCE-afisI\u00a7.jpeg 1600w\" sizes=\"(max-width: 1024px) 100vw, 1024px\" \/><\/figure><\/div>\n\n\n<figure class=\"wp-block-image size-full\"><img decoding=\"async\" loading=\"lazy\" width=\"1128\" height=\"1600\" src=\"https:\/\/deubefevents.com\/iadce2023\/wp-content\/uploads\/2023\/11\/IADCE-piyano-konseri.jpeg\" alt=\"\" class=\"wp-image-307\" srcset=\"https:\/\/deubefevents.com\/iadce2023\/wp-content\/uploads\/2023\/11\/IADCE-piyano-konseri.jpeg 1128w, https:\/\/deubefevents.com\/iadce2023\/wp-content\/uploads\/2023\/11\/IADCE-piyano-konseri-212x300.jpeg 212w, https:\/\/deubefevents.com\/iadce2023\/wp-content\/uploads\/2023\/11\/IADCE-piyano-konseri-722x1024.jpeg 722w, https:\/\/deubefevents.com\/iadce2023\/wp-content\/uploads\/2023\/11\/IADCE-piyano-konseri-768x1089.jpeg 768w, https:\/\/deubefevents.com\/iadce2023\/wp-content\/uploads\/2023\/11\/IADCE-piyano-konseri-1083x1536.jpeg 1083w\" sizes=\"(max-width: 1128px) 100vw, 1128px\" \/><\/figure>\n","protected":false},"excerpt":{"rendered":"<p>Link Button Example SERG\u0130 \u0130\u00c7\u0130N TIKLAYINIZ<\/p>\n","protected":false},"author":1,"featured_media":0,"parent":0,"menu_order":0,"comment_status":"closed","ping_status":"closed","template":"","meta":{"footnotes":""},"_links":{"self":[{"href":"https:\/\/deubefevents.com\/iadce2023\/wp-json\/wp\/v2\/pages\/127"}],"collection":[{"href":"https:\/\/deubefevents.com\/iadce2023\/wp-json\/wp\/v2\/pages"}],"about":[{"href":"https:\/\/deubefevents.com\/iadce2023\/wp-json\/wp\/v2\/types\/page"}],"author":[{"embeddable":true,"href":"https:\/\/deubefevents.com\/iadce2023\/wp-json\/wp\/v2\/users\/1"}],"replies":[{"embeddable":true,"href":"https:\/\/deubefevents.com\/iadce2023\/wp-json\/wp\/v2\/comments?post=127"}],"version-history":[{"count":18,"href":"https:\/\/deubefevents.com\/iadce2023\/wp-json\/wp\/v2\/pages\/127\/revisions"}],"predecessor-version":[{"id":333,"href":"https:\/\/deubefevents.com\/iadce2023\/wp-json\/wp\/v2\/pages\/127\/revisions\/333"}],"wp:attachment":[{"href":"https:\/\/deubefevents.com\/iadce2023\/wp-json\/wp\/v2\/media?parent=127"}],"curies":[{"name":"wp","href":"https:\/\/api.w.org\/{rel}","templated":true}]}}