{"id":132,"date":"2023-09-19T06:52:18","date_gmt":"2023-09-19T06:52:18","guid":{"rendered":"https:\/\/deubefevents.com\/iadce2023\/?page_id=132"},"modified":"2023-11-12T20:04:20","modified_gmt":"2023-11-12T20:04:20","slug":"bilim-kurulu","status":"publish","type":"page","link":"https:\/\/deubefevents.com\/iadce2023\/bilim-kurulu\/","title":{"rendered":"Bilim Kurulu"},"content":{"rendered":"\n<!DOCTYPE html>\n<html lang=\"tr\">\n<head>\n<meta charset=\"UTF-8\">\n<title>Bilim Kurulu<\/title>\n<style>\ntable {\n  width: 100%;\n  border-collapse: collapse;\n  margin: 20px 0;\n}\nth, td {\n  border: 1px solid #000;\n  padding: 8px;\n  text-align: left;\n}\nth {\n  background-color: #f4f4f4;\n}\n<\/style>\n<\/head>\n<body>\n\n<h2>B\u0130L\u0130M KURULU<\/h2>\n\n<table>\n<thead>\n<tr>\n  <th>\u00dcnvan ve Ad Soyad<\/th>\n  <th>\u00dcniversite<\/th>\n<\/tr>\n<\/thead>\n<tbody>\n\n<tr>\n  <td>PROF. HAL\u0130L YOLER\u0130<\/td>\n  <td>DOKUZ EYL\u00dcL \u00dcN\u0130VERS\u0130TES\u0130<\/td>\n<\/tr>\n<tr>\n  <td>PROF. DR. RANA S\u0130MBER ATAY<\/td>\n  <td>DOKUZ EYL\u00dcL \u00dcN\u0130VERS\u0130TES\u0130<\/td>\n<\/tr>\n<tr>\n  <td>PROF. DR. NESR\u0130N KULA DEM\u0130R<\/td>\n  <td>AFYON KOCATEPE \u00dcN\u0130VERS\u0130TES\u0130<\/td>\n<\/tr>\n<tr>\n  <td>PROF. DR. S\u0130BEL \u00c7OBAN<\/td>\n  <td>MARMARA \u00dcN\u0130VERS\u0130TES\u0130<\/td>\n<\/tr>\n<tr>\n  <td>PROF. MEL\u0130HAT T\u00dcZ\u00dcN<\/td>\n  <td>TRAKYA \u00dcN\u0130VERS\u0130TES\u0130<\/td>\n<\/tr>\n<tr>\n  <td>PROF. DR. ASLI UZ BA\u015e<\/td>\n  <td>DOKUZ EYL\u00dcL \u00dcN\u0130VERS\u0130TES\u0130<\/td>\n<\/tr>\n<tr>\n  <td>PROF. DR. EBRU \u0130K\u0130Z<\/td>\n  <td>DOKUZ EYL\u00dcL \u00dcN\u0130VERS\u0130TES\u0130<\/td>\n<\/tr>\n<tr>\n  <td>PROF. DR. TUBA G\u00dcLTEK\u0130N<\/td>\n  <td>DOKUZ EYL\u00dcL \u00dcN\u0130VERS\u0130TES\u0130<\/td>\n<\/tr>\n<tr>\n  <td>PROF. DR. ONUR TOPO\u011eLU<\/td>\n  <td>ADNAN MENDERES \u00dcN\u0130VERS\u0130TES\u0130<\/td>\n<\/tr>\n<tr>\n  <td>PROF. DR. BANU \u00d6ZEV\u0130N<\/td>\n  <td>DOKUZ EYL\u00dcL \u00dcN\u0130VERS\u0130TES\u0130<\/td>\n<\/tr>\n<tr>\n  <td>PROF. DR. S\u0130BEL ALMELEK \u0130\u015eMAN<\/td>\n  <td>DOKUZ EYL\u00dcL \u00dcN\u0130VERS\u0130TES\u0130<\/td>\n<\/tr>\n<tr>\n  <td>PROF. DR. NEV\u0130N AKKAYA<\/td>\n  <td>DOKUZ EYL\u00dcL \u00dcN\u0130VERS\u0130TES\u0130<\/td>\n<\/tr>\n<tr>\n  <td>PROF. DR. M\u00dcMTAZ HAKAN SAKAR<\/td>\n  <td>DOKUZ EYL\u00dcL \u00dcN\u0130VERS\u0130TES\u0130<\/td>\n<\/tr>\n<tr>\n  <td>PROF. DR. S. SERKAN \u015eEKER<\/td>\n  <td>ADNAN MENDERES \u00dcN\u0130VERS\u0130TES\u0130<\/td>\n<\/tr>\n<tr>\n  <td>PROF. DR. \u00c7INLA \u015eEKER<\/td>\n  <td>DOKUZ EYL\u00dcL \u00dcN\u0130VERS\u0130TES\u0130<\/td>\n<\/tr>\n<tr>\n  <td>PROF. DR. BANU \u00c7ULHA \u00d6ZBA\u015e<\/td>\n  <td>DOKUZ EYL\u00dcL \u00dcN\u0130VERS\u0130TES\u0130<\/td>\n<\/tr>\n<tr>\n  <td>PROF. VALERI CHAKALOV<\/td>\n  <td>SHUMEN KONSTANTIN PRESLAVSKY \u00dcN\u0130VERS\u0130TES\u0130<\/td>\n<\/tr>\n<tr>\n  <td>PROF. BORIS STEVEZOR<\/td>\n  <td>VELIKO TARNOVO \u00dcN\u0130VERS\u0130TES\u0130<\/td>\n<\/tr>\n<tr>\n  <td>PROF. DR. VLADIMIR AVRAMOV<\/td>\n  <td>VELIKO TARNOVO \u00dcN\u0130VERS\u0130TES\u0130<\/td>\n<\/tr>\n<tr>\n  <td>PROF. VALERI CHAKALOV<\/td>\n  <td>VELIKO TARNOVO \u00dcN\u0130VERS\u0130TES\u0130<\/td>\n<\/tr>\n<tr>\n  <td>PROF. DR. ASLI CEYLAN \u00d6NER<\/td>\n  <td>\u0130ZM\u0130R EKONOM\u0130 \u00dcN\u0130VERS\u0130TES\u0130<\/td>\n<\/tr>\n<tr>\n  <td>DO\u00c7. DR. MEL\u0130KE Y\u0130\u011e\u0130T KOYUNKAYA<\/td>\n  <td>DOKUZ EYL\u00dcL \u00dcN\u0130VERS\u0130TES\u0130<\/td>\n<\/tr>\n<tr>\n  <td>DO\u00c7. DR. ROSTISLAVA TODOROVA-ENCHEVA<\/td>\n  <td>SHUMEN KONSTANTIN PRESLAVSKY \u00dcN\u0130VERS\u0130TES\u0130<\/td>\n<\/tr>\n<tr>\n  <td>DO\u00c7. DR. SVETOSLAV ANGELOV KOSEV<\/td>\n  <td>VELIKO TARNOVO \u00dcN\u0130VERS\u0130TES\u0130<\/td>\n<\/tr>\n<tr>\n  <td>DO\u00c7. DR. SVETOZAR CHILINGIROV<\/td>\n  <td>VELIKO TARNOVO \u00dcN\u0130VERS\u0130TES\u0130<\/td>\n<\/tr>\n<tr>\n  <td>DO\u00c7. BORIS ZHELEV GEORGIEV<\/td>\n  <td>VELIKO TARNOVO \u00dcN\u0130VERS\u0130TES\u0130<\/td>\n<\/tr>\n<tr>\n  <td>DO\u00c7. DR. YASEM\u0130N KILIN\u00c7ARSLAN<\/td>\n  <td>U\u015eAK \u00dcN\u0130VERS\u0130TES\u0130<\/td>\n<\/tr>\n<tr>\n  <td>DO\u00c7. DR. ORK\u0130DE BAKALIM<\/td>\n  <td>\u0130ZM\u0130R DEMOKRASI \u00dcN\u0130VERS\u0130TES\u0130<\/td>\n<\/tr>\n<tr>\n  <td>DO\u00c7. DR. MERVE G\u00dcVEN \u00d6ZKER\u0130M<\/td>\n  <td>G\u0130RESUN \u00dcN\u0130VERS\u0130TES\u0130<\/td>\n<\/tr>\n<tr>\n  <td>DO\u00c7. DR. FATMA SELDA \u00d6Z SOYSAL<\/td>\n  <td>DOKUZ EYL\u00dcL \u00dcN\u0130VERS\u0130TES\u0130<\/td>\n<\/tr>\n<tr>\n  <td>DO\u00c7. DR. EBRU \u0130LKAY TUNCER BOON<\/td>\n  <td>DOKUZ EYL\u00dcL \u00dcN\u0130VERS\u0130TES\u0130<\/td>\n<\/tr>\n<tr>\n  <td>DO\u00c7. DR. EM\u0130NE F\u0130L\u0130Z Y\u0130\u011e\u0130T<\/td>\n  <td>DOKUZ EYL\u00dcL \u00dcN\u0130VERS\u0130TES\u0130<\/td>\n<\/tr>\n<tr>\n  <td>DO\u00c7. DR. BAHAR SO\u011eUKKUYU POYRAZ<\/td>\n  <td>DOKUZ EYL\u00dcL \u00dcN\u0130VERS\u0130TES\u0130<\/td>\n<\/tr>\n<tr>\n  <td>DO\u00c7. DR. SENA SENG\u0130R<\/td>\n  <td>ONDOKUZ MAYIS \u00dcN\u0130VERS\u0130TES\u0130<\/td>\n<\/tr>\n<tr>\n  <td>DO\u00c7. DR. ASLI AVCI AK\u00c7ALI<\/td>\n  <td>DOKUZ EYL\u00dcL \u00dcNIVERS\u0130TES\u0130<\/td>\n<\/tr>\n<tr>\n  <td>DO\u00c7. DR. M\u00dcCAH\u0130T BORA<\/td>\n  <td>DOKUZ EYL\u00dcL \u00dcNIVERS\u0130TES\u0130<\/td>\n<\/tr>\n<tr>\n  <td>DO\u00c7. DR. G\u00dcLCE CO\u015eKUN \u015eENT\u00dcRK<\/td>\n  <td>MU\u011eLA SITKI KO\u00c7MAN \u00dcNIVERS\u0130TES\u0130<\/td>\n<\/tr>\n<tr>\n  <td>DO\u00c7. DR. BURCU B\u00d6CEKLER<\/td>\n  <td>YILDIZ TEKNIK \u00dcNIVERS\u0130TES\u0130<\/td>\n<\/tr>\n<tr>\n  <td>DO\u00c7. DR. EV\u0130N ERDEN TOPO\u011eLU<\/td>\n  <td>ADNAN MENDERES \u00dcNIVERS\u0130TES\u0130<\/td>\n<\/tr>\n<tr>\n  <td>DO\u00c7. DR. CANSU \u00c7ELEB\u0130 EROL<\/td>\n  <td>DOKUZ EYL\u00dcL \u00dcNIVERS\u0130TES\u0130<\/td>\n<\/tr>\n<tr>\n  <td>DO\u00c7. DR. F\u0130RDEVS SA\u011eLAM<\/td>\n  <td>HAKKARI \u00dcNIVERS\u0130TES\u0130<\/td>\n<\/tr>\n<tr>\n  <td>DO\u00c7. DR. H\u00dcSEY\u0130N UYSAL<\/td>\n  <td>KASTAMONU \u00dcNIVERS\u0130TES\u0130<\/td>\n<\/tr>\n<tr>\n  <td>DO\u00c7. DR. EZG\u0130 TOKD\u0130L<\/td>\n  <td>BURDUR MEHMET AKIF ERSOY \u00dcNIVERS\u0130TES\u0130<\/td>\n<\/tr>\n<tr>\n  <td>DO\u00c7. DR. YURDAG\u00dcL KILI\u00c7 G\u00dcND\u00dcZ<\/td>\n  <td>DOKUZ EYL\u00dcL \u00dcNIVERS\u0130TES\u0130<\/td>\n<\/tr>\n<tr>\n  <td>DO\u00c7. DR. AY\u00c7A AVCI<\/td>\n  <td>DOKUZ EYL\u00dcL \u00dcNIVERS\u0130TES\u0130<\/td>\n<\/tr>\n<tr>\n  <td>DO\u00c7. DR. YUDUM AKKU\u015e G\u00dcND\u00dcZ<\/td>\n  <td>DOKUZ EYL\u00dcL \u00dcNIVERS\u0130TES\u0130<\/td>\n<\/tr>\n<tr>\n  <td>DO\u00c7. DR. CEREN SAYGI GER\u00c7EKER<\/td>\n  <td>ADNAN MENDERES \u00dcNIVERS\u0130TES\u0130<\/td>\n<\/tr>\n<tr>\n  <td>DO\u00c7. ELiF G\u00dcLFEM KISTIR<\/td>\n  <td>DOKUZ EYL\u00dcL \u00dcNIVERS\u0130TES\u0130<\/td>\n<\/tr>\n<tr>\n  <td>DR. \u00d6\u011eR. \u00dcYES\u0130 HAN\u0130FE KESK\u0130N<\/td>\n  <td>DOKUZ EYL\u00dcL \u00dcNIVERS\u0130TES\u0130<\/td>\n<\/tr>\n<tr>\n  <td>DR. \u00d6\u011eR. \u00dcYES\u0130 MELTEM G\u00d6KDA\u011e BALTAO\u011eLU<\/td>\n  <td>DOKUZ EYL\u00dcL \u00dcNIVERS\u0130TES\u0130<\/td>\n<\/tr>\n<tr>\n  <td>DR. \u00d6\u011eR. \u00dcYES\u0130 ES\u0130N U\u00c7AL CANAKAY<\/td>\n  <td>DOKUZ EYL\u00dcL \u00dcNIVERS\u0130TES\u0130<\/td>\n<\/tr>\n<tr>\n  <td>DR. \u00d6\u011eR. \u00dcYES\u0130 ZEHRA ATABEY<\/td>\n  <td>TRAKYA \u00dcNIVERS\u0130TES\u0130<\/td>\n<\/tr>\n<tr>\n  <td>DR. \u00d6\u011eR. \u00dcYES\u0130 D\u0130LEK MAKTAL CANKO<\/td>\n  <td>EGE \u00dcNIVERS\u0130TES\u0130<\/td>\n<\/tr>\n<tr>\n  <td>DR. \u00d6\u011eR. \u00dcYES\u0130 SE\u00c7\u0130L SOYTOK NAL\u00c7ACI<\/td>\n  <td>MANISA CELAL BAYAR \u00dcNIVERS\u0130TES\u0130<\/td>\n<\/tr>\n<tr>\n  <td>DR. \u00d6\u011eR. \u00dcYES\u0130 SEDA A\u011eIRBA\u015e<\/td>\n  <td>EGE \u00dcNIVERS\u0130TES\u0130<\/td>\n<\/tr>\n<tr>\n  <td>DR. \u00d6\u011eR. \u00dcYES\u0130 PEYRUZE RANA \u00c7ET\u0130NKAYA<\/td>\n  <td>DOKUZ EYL\u00dcL \u00dcNIVERS\u0130TES\u0130<\/td>\n<\/tr>\n<tr>\n  <td>DR. \u00d6\u011eR. \u00dcYES\u0130 ESRA USLU<\/td>\n  <td>DOKUZ EYL\u00dcL \u00dcNIVERS\u0130TES\u0130<\/td>\n<\/tr>\n<tr>\n  <td>DR. \u00d6\u011eR. \u00dcYES\u0130 EK\u0130N SU KUZU<\/td>\n  <td>GIRESUN \u00dcNIVERS\u0130TES\u0130<\/td>\n<\/tr>\n<tr>\n  <td>\u00d6\u011eR. G\u00d6R. DR. AHMET MUH\u0130P \u015eANAL<\/td>\n  <td>DOKUZ EYL\u00dcL \u00dcNIVERS\u0130TES\u0130<\/td>\n<\/tr>\n<tr>\n  <td>\u00d6\u011eR. G\u00d6R. DR. O\u011eUZ \u00d6ZCAN<\/td>\n  <td>DOKUZ EYL\u00dcL \u00dcNIVERS\u0130TES\u0130<\/td>\n<\/tr>\n<tr>\n  <td>\u00d6\u011eR. G\u00d6R. DR. G\u00dcRKAN G\u00dcLE\u00c7<\/td>\n  <td>DOKUZ EYL\u00dcL \u00dcNIVERS\u0130TES\u0130<\/td>\n<\/tr>\n<tr>\n  <td>AR\u015e. G\u00d6R. DR. ASLI KAYA<\/td>\n  <td>MU\u011eLA SITKI KO\u00c7MAN \u00dcNIVERS\u0130TES\u0130<\/td>\n<\/tr>\n\n<\/tbody>\n<\/table>\n\n<\/body>\n<\/html>\n","protected":false},"excerpt":{"rendered":"<p>Bilim Kurulu B\u0130L\u0130M KURULU \u00dcnvan ve Ad Soyad \u00dcniversite PROF. HAL\u0130L YOLER\u0130 DOKUZ EYL\u00dcL \u00dcN\u0130VERS\u0130TES\u0130 PROF. DR. RANA S\u0130MBER ATAY DOKUZ EYL\u00dcL \u00dcN\u0130VERS\u0130TES\u0130 PROF. DR. NESR\u0130N KULA DEM\u0130R AFYON KOCATEPE \u00dcN\u0130VERS\u0130TES\u0130 PROF. DR. S\u0130BEL \u00c7OBAN MARMARA \u00dcN\u0130VERS\u0130TES\u0130 PROF. MEL\u0130HAT T\u00dcZ\u00dcN TRAKYA \u00dcN\u0130VERS\u0130TES\u0130 PROF. DR. ASLI UZ BA\u015e DOKUZ EYL\u00dcL \u00dcN\u0130VERS\u0130TES\u0130 PROF. DR. EBRU \u0130K\u0130Z DOKUZ<\/p>\n<p class=\"more-link\"><a href=\"https:\/\/deubefevents.com\/iadce2023\/bilim-kurulu\/\" class=\"themebutton2\">Read More<\/a><\/p>\n","protected":false},"author":1,"featured_media":0,"parent":0,"menu_order":0,"comment_status":"closed","ping_status":"closed","template":"","meta":{"footnotes":""},"_links":{"self":[{"href":"https:\/\/deubefevents.com\/iadce2023\/wp-json\/wp\/v2\/pages\/132"}],"collection":[{"href":"https:\/\/deubefevents.com\/iadce2023\/wp-json\/wp\/v2\/pages"}],"about":[{"href":"https:\/\/deubefevents.com\/iadce2023\/wp-json\/wp\/v2\/types\/page"}],"author":[{"embeddable":true,"href":"https:\/\/deubefevents.com\/iadce2023\/wp-json\/wp\/v2\/users\/1"}],"replies":[{"embeddable":true,"href":"https:\/\/deubefevents.com\/iadce2023\/wp-json\/wp\/v2\/comments?post=132"}],"version-history":[{"count":9,"href":"https:\/\/deubefevents.com\/iadce2023\/wp-json\/wp\/v2\/pages\/132\/revisions"}],"predecessor-version":[{"id":314,"href":"https:\/\/deubefevents.com\/iadce2023\/wp-json\/wp\/v2\/pages\/132\/revisions\/314"}],"wp:attachment":[{"href":"https:\/\/deubefevents.com\/iadce2023\/wp-json\/wp\/v2\/media?parent=132"}],"curies":[{"name":"wp","href":"https:\/\/api.w.org\/{rel}","templated":true}]}}