{"id":152,"date":"2023-09-19T14:11:48","date_gmt":"2023-09-19T14:11:48","guid":{"rendered":"https:\/\/deubefevents.com\/iadce2023\/?page_id=152"},"modified":"2023-09-20T14:06:02","modified_gmt":"2023-09-20T14:06:02","slug":"yayinlar","status":"publish","type":"page","link":"https:\/\/deubefevents.com\/iadce2023\/yayinlar\/","title":{"rendered":"Yay\u0131nlar"},"content":{"rendered":"\n\n<body>\n\n<ul>\n    <li><a href=\"https:\/\/deubefevents.com\/iadce2023\/ozet-kitabi\/\">\u00d6zet Kitab\u0131<\/a><\/li>\n    <li><a href=\"https:\/\/deubefevents.com\/iadce2023\/tam-metin-kitabi\/\">Tam Metin Kitab\u0131<\/a><\/li>\n    <li><a href=\"https:\/\/deubefevents.com\/iadce2023\/sergi-katalogu\/\">Sergi Katalo\u011fu<\/a><\/li>\n<\/ul>\n\n<\/body>\n<\/html>\n\n","protected":false},"excerpt":{"rendered":"<p>\u00d6zet Kitab\u0131 Tam Metin Kitab\u0131 Sergi Katalo\u011fu<\/p>\n","protected":false},"author":1,"featured_media":0,"parent":0,"menu_order":0,"comment_status":"closed","ping_status":"closed","template":"","meta":{"footnotes":""},"_links":{"self":[{"href":"https:\/\/deubefevents.com\/iadce2023\/wp-json\/wp\/v2\/pages\/152"}],"collection":[{"href":"https:\/\/deubefevents.com\/iadce2023\/wp-json\/wp\/v2\/pages"}],"about":[{"href":"https:\/\/deubefevents.com\/iadce2023\/wp-json\/wp\/v2\/types\/page"}],"author":[{"embeddable":true,"href":"https:\/\/deubefevents.com\/iadce2023\/wp-json\/wp\/v2\/users\/1"}],"replies":[{"embeddable":true,"href":"https:\/\/deubefevents.com\/iadce2023\/wp-json\/wp\/v2\/comments?post=152"}],"version-history":[{"count":6,"href":"https:\/\/deubefevents.com\/iadce2023\/wp-json\/wp\/v2\/pages\/152\/revisions"}],"predecessor-version":[{"id":198,"href":"https:\/\/deubefevents.com\/iadce2023\/wp-json\/wp\/v2\/pages\/152\/revisions\/198"}],"wp:attachment":[{"href":"https:\/\/deubefevents.com\/iadce2023\/wp-json\/wp\/v2\/media?parent=152"}],"curies":[{"name":"wp","href":"https:\/\/api.w.org\/{rel}","templated":true}]}}