{"id":154,"date":"2023-09-19T14:12:32","date_gmt":"2023-09-19T14:12:32","guid":{"rendered":"https:\/\/deubefevents.com\/iadce2023\/?page_id=154"},"modified":"2024-06-03T07:23:13","modified_gmt":"2024-06-03T07:23:13","slug":"ozet-kitabi","status":"publish","type":"page","link":"https:\/\/deubefevents.com\/iadce2023\/ozet-kitabi\/","title":{"rendered":"\u00d6zet Kitab\u0131"},"content":{"rendered":"\n<div class=\"wp-block-file\"><object class=\"wp-block-file__embed\" data=\"https:\/\/deubefevents.com\/iadce2023\/wp-content\/uploads\/2024\/06\/IADCE-OZET-KITABI-2023.pdf\" type=\"application\/pdf\" style=\"width:100%;height:793px\" aria-label=\"Embed of \u0130ADCE \u00d6ZET K\u0130TABI 2023.\"><\/object><a id=\"wp-block-file--media-f1f16f6b-9d95-456a-8103-c2602525e97b\" href=\"https:\/\/deubefevents.com\/iadce2023\/wp-content\/uploads\/2024\/06\/IADCE-OZET-KITABI-2023.pdf\" target=\"_blank\" rel=\"noreferrer noopener\">\u0130ADCE \u00d6ZET K\u0130TABI 2023<\/a><\/div>\n","protected":false},"excerpt":{"rendered":"","protected":false},"author":1,"featured_media":0,"parent":0,"menu_order":0,"comment_status":"closed","ping_status":"closed","template":"","meta":{"footnotes":""},"_links":{"self":[{"href":"https:\/\/deubefevents.com\/iadce2023\/wp-json\/wp\/v2\/pages\/154"}],"collection":[{"href":"https:\/\/deubefevents.com\/iadce2023\/wp-json\/wp\/v2\/pages"}],"about":[{"href":"https:\/\/deubefevents.com\/iadce2023\/wp-json\/wp\/v2\/types\/page"}],"author":[{"embeddable":true,"href":"https:\/\/deubefevents.com\/iadce2023\/wp-json\/wp\/v2\/users\/1"}],"replies":[{"embeddable":true,"href":"https:\/\/deubefevents.com\/iadce2023\/wp-json\/wp\/v2\/comments?post=154"}],"version-history":[{"count":5,"href":"https:\/\/deubefevents.com\/iadce2023\/wp-json\/wp\/v2\/pages\/154\/revisions"}],"predecessor-version":[{"id":338,"href":"https:\/\/deubefevents.com\/iadce2023\/wp-json\/wp\/v2\/pages\/154\/revisions\/338"}],"wp:attachment":[{"href":"https:\/\/deubefevents.com\/iadce2023\/wp-json\/wp\/v2\/media?parent=154"}],"curies":[{"name":"wp","href":"https:\/\/api.w.org\/{rel}","templated":true}]}}