{"id":201,"date":"2023-09-20T14:11:49","date_gmt":"2023-09-20T14:11:49","guid":{"rendered":"https:\/\/deubefevents.com\/iadce2023\/?page_id=201"},"modified":"2023-09-20T14:20:17","modified_gmt":"2023-09-20T14:20:17","slug":"konferans-temalari","status":"publish","type":"page","link":"https:\/\/deubefevents.com\/iadce2023\/konferans-temalari\/","title":{"rendered":"Konferans Temalar\u0131"},"content":{"rendered":"\n<!DOCTYPE html>\n<html lang=\"tr\">\n<head>\n<meta charset=\"UTF-8\">\n<meta name=\"viewport\" content=\"width=device-width, initial-scale=1.0\">\n<style>\n    body {\n        font-family: Arial, sans-serif;\n    }\n    table {\n        width: 100%;\n        border-collapse: collapse;\n        margin: 20px 0;\n    }\n    th {\n        background-color: #f4f4f4;\n        padding: 10px;\n        text-align: left;\n        border-bottom: 1px solid #ccc;\n    }\n    td {\n        padding: 10px;\n        border-bottom: 1px solid #ccc;\n    }\n<\/style>\n<\/head>\n<body>\n\n<table>\n    <tr>\n        <th>Konferans Temalar\u0131<\/th>\n    <\/tr>\n    <tr>\n        <td>G\u00fczel Sanatlar<\/td>\n    <\/tr>\n    <tr>\n        <td>Sanat ve E\u011fitim<\/td>\n    <\/tr>\n    <tr>\n        <td>Sanat ve Felsefe<\/td>\n    <\/tr>\n<tr>\n        <td>Sanat ve Psikoloji<\/td>\n    <\/tr>\n<tr>\n        <td>Sanat ve Sosyoloji<\/td>\n    <\/tr>\n<tr>\n        <td>Sanat ve K\u00fclt\u00fcrel \u00c7al\u0131\u015fmalar<\/td>\n    <\/tr>\n<tr>\n        <td>Sanat Terapisi<\/td>\n    <\/tr>\n<tr>\n        <td>Tasar\u0131m<\/td>\n    <\/tr>\n<tr>\n        <td>Sinema<\/td>\n    <\/tr>\n<tr>\n        <td>Foto\u011fraf<\/td>\n    <\/tr>\n<tr>\n        <td>\u0130ll\u00fcstrasyon<\/td>\n    <\/tr>\n<tr>\n        <td>Animasyon<\/td>\n    <\/tr>\n<tr>\n        <td>Sanat Tarihi<\/td>\n    <\/tr>\n<tr>\n        <td>M\u00fczik Terapisi<\/td>\n    <\/tr>\n<tr>\n        <td>M\u00fczik ve E\u011fitim<\/td>\n    <\/tr>\n<tr>\n        <td>M\u00fczik ve Felsefe<\/td>\n    <\/tr>\n<tr>\n        <td>M\u00fczik ve Psikoloji<\/td>\n    <\/tr>\n<tr>\n        <td>M\u00fczik ve Sosyoloji<\/td>\n    <\/tr>\n<tr>\n        <td>M\u00fczik ve K\u00fclt\u00fcrel \u00c7al\u0131\u015fmalar<\/td>\n    <\/tr>\n<tr>\n        <td>Hareket\/Dans Terapisi<\/td>\n    <\/tr>\n<tr>\n        <td>Hareket\/Dans ve E\u011fitim<\/td>\n    <\/tr>\n<tr>\n        <td>Hareket\/Dans Felsefe<\/td>\n    <\/tr>\n<tr>\n        <td>Hareket\/Dans Psikoloji<\/td>\n    <\/tr>\n    <!-- ...repeat for each item... -->\n    <tr>\n        <td>Hareket\/Dans ve Sosyoloji<\/td>\n    <\/tr>\n    <tr>\n        <td>Hareket\/Dans ve K\u00fclt\u00fcrel \u00c7al\u0131\u015fmalar<\/td>\n    <\/tr>\n<\/table>\n\n<\/body>\n<\/html>\n\n","protected":false},"excerpt":{"rendered":"<p>Konferans Temalar\u0131 G\u00fczel Sanatlar Sanat ve E\u011fitim Sanat ve Felsefe Sanat ve Psikoloji Sanat ve Sosyoloji Sanat ve K\u00fclt\u00fcrel \u00c7al\u0131\u015fmalar Sanat Terapisi Tasar\u0131m Sinema Foto\u011fraf \u0130ll\u00fcstrasyon Animasyon Sanat Tarihi M\u00fczik Terapisi M\u00fczik ve E\u011fitim M\u00fczik ve Felsefe M\u00fczik ve Psikoloji M\u00fczik ve Sosyoloji M\u00fczik ve K\u00fclt\u00fcrel \u00c7al\u0131\u015fmalar Hareket\/Dans Terapisi Hareket\/Dans ve E\u011fitim Hareket\/Dans Felsefe Hareket\/Dans<\/p>\n<p class=\"more-link\"><a href=\"https:\/\/deubefevents.com\/iadce2023\/konferans-temalari\/\" class=\"themebutton2\">Read More<\/a><\/p>\n","protected":false},"author":1,"featured_media":0,"parent":0,"menu_order":0,"comment_status":"closed","ping_status":"closed","template":"","meta":{"footnotes":""},"_links":{"self":[{"href":"https:\/\/deubefevents.com\/iadce2023\/wp-json\/wp\/v2\/pages\/201"}],"collection":[{"href":"https:\/\/deubefevents.com\/iadce2023\/wp-json\/wp\/v2\/pages"}],"about":[{"href":"https:\/\/deubefevents.com\/iadce2023\/wp-json\/wp\/v2\/types\/page"}],"author":[{"embeddable":true,"href":"https:\/\/deubefevents.com\/iadce2023\/wp-json\/wp\/v2\/users\/1"}],"replies":[{"embeddable":true,"href":"https:\/\/deubefevents.com\/iadce2023\/wp-json\/wp\/v2\/comments?post=201"}],"version-history":[{"count":7,"href":"https:\/\/deubefevents.com\/iadce2023\/wp-json\/wp\/v2\/pages\/201\/revisions"}],"predecessor-version":[{"id":213,"href":"https:\/\/deubefevents.com\/iadce2023\/wp-json\/wp\/v2\/pages\/201\/revisions\/213"}],"wp:attachment":[{"href":"https:\/\/deubefevents.com\/iadce2023\/wp-json\/wp\/v2\/media?parent=201"}],"curies":[{"name":"wp","href":"https:\/\/api.w.org\/{rel}","templated":true}]}}