{"id":130,"date":"2023-09-19T06:52:03","date_gmt":"2023-09-19T06:52:03","guid":{"rendered":"https:\/\/deubefevents.com\/iadce2025\/?page_id=130"},"modified":"2025-12-10T08:07:05","modified_gmt":"2025-12-10T08:07:05","slug":"duzenleme-kurulu","status":"publish","type":"page","link":"https:\/\/deubefevents.com\/iadce2025\/duzenleme-kurulu\/","title":{"rendered":"D\u00fczenleme Kurulu"},"content":{"rendered":"\n<!DOCTYPE html>\n<html lang=\"tr\">\n<head>\n<meta charset=\"UTF-8\">\n<meta name=\"viewport\" content=\"width=device-width, initial-scale=1.0\">\n<style>\n    body {\n        font-family: Arial, sans-serif;\n        padding: 20px;\n        background-color: #f9f9f9;\n    }\n    table {\n        width: 100%;\n        border-collapse: collapse;\n        margin-bottom: 20px;\n        background-color: #fff;\n        border-radius: 10px;\n        overflow: hidden;\n        box-shadow: 0 0 20px rgba(0,0,0,0.1);\n    }\n    th, td {\n        padding: 15px;\n        text-align: left;\n        border-bottom: 2px solid #f2f2f2;\n    }\n    th {\n        background-color: #8482b5;\n        color: white;\n    }\n    tr:hover {\n        background-color: #f1f1f1;\n    }\n<\/style>\n<\/head>\n<body>\n\n<table>\n    <tr>\n        <th>\u00dcnvan ve Ad Soyad<\/th>\n        <th>\u00dcniversite<\/th>\n    <\/tr>\n    <tr>\n        <td>Prof. Dr. Banu \u00d6ZEV\u0130N<\/td>\n        <td>Dokuz Eyl\u00fcl \u00dcniversitesi<\/td>\n    <\/tr>\n    <tr>\n        <td>Prof. Dr. Sibel ALMELEK \u0130\u015eMAN<\/td>\n        <td>Dokuz Eyl\u00fcl \u00dcniversitesi<\/td>\n    <\/tr>\n    <tr>\n        <td>Prof. Dr. \u00c7\u0131nla \u015eEKER<\/td>\n        <td>Dokuz Eyl\u00fcl \u00dcniversitesi<\/td>\n    <\/tr>\n    <tr>\n        <td>Prof. Dr. Bahar SO\u011eUKKUYU POYRAZ<\/td>\n        <td>Dokuz Eyl\u00fcl \u00dcniversitesi<\/td>\n    <\/tr>\n    <tr>\n        <td>Do\u00e7. Dr. Esin U\u00c7AL CANAKAY<\/td>\n        <td>Dokuz Eyl\u00fcl \u00dcniversitesi<\/td>\n    <\/tr>\n\n<\/table>\n\n<\/body>\n<\/html>\n","protected":false},"excerpt":{"rendered":"<p>\u00dcnvan ve Ad Soyad \u00dcniversite Prof. Dr. Banu \u00d6ZEV\u0130N Dokuz Eyl\u00fcl \u00dcniversitesi Prof. Dr. Sibel ALMELEK \u0130\u015eMAN Dokuz Eyl\u00fcl \u00dcniversitesi Prof. Dr. \u00c7\u0131nla \u015eEKER Dokuz Eyl\u00fcl \u00dcniversitesi Prof. Dr. Bahar SO\u011eUKKUYU POYRAZ Dokuz Eyl\u00fcl \u00dcniversitesi Do\u00e7. Dr. Esin U\u00c7AL CANAKAY Dokuz Eyl\u00fcl \u00dcniversitesi<\/p>\n","protected":false},"author":1,"featured_media":0,"parent":0,"menu_order":0,"comment_status":"closed","ping_status":"closed","template":"","meta":{"footnotes":""},"_links":{"self":[{"href":"https:\/\/deubefevents.com\/iadce2025\/wp-json\/wp\/v2\/pages\/130"}],"collection":[{"href":"https:\/\/deubefevents.com\/iadce2025\/wp-json\/wp\/v2\/pages"}],"about":[{"href":"https:\/\/deubefevents.com\/iadce2025\/wp-json\/wp\/v2\/types\/page"}],"author":[{"embeddable":true,"href":"https:\/\/deubefevents.com\/iadce2025\/wp-json\/wp\/v2\/users\/1"}],"replies":[{"embeddable":true,"href":"https:\/\/deubefevents.com\/iadce2025\/wp-json\/wp\/v2\/comments?post=130"}],"version-history":[{"count":8,"href":"https:\/\/deubefevents.com\/iadce2025\/wp-json\/wp\/v2\/pages\/130\/revisions"}],"predecessor-version":[{"id":504,"href":"https:\/\/deubefevents.com\/iadce2025\/wp-json\/wp\/v2\/pages\/130\/revisions\/504"}],"wp:attachment":[{"href":"https:\/\/deubefevents.com\/iadce2025\/wp-json\/wp\/v2\/media?parent=130"}],"curies":[{"name":"wp","href":"https:\/\/api.w.org\/{rel}","templated":true}]}}