{"id":378,"date":"2024-08-28T14:00:06","date_gmt":"2024-08-28T14:00:06","guid":{"rendered":"https:\/\/deubefevents.com\/iadce2025\/?page_id=378"},"modified":"2025-11-14T06:28:58","modified_gmt":"2025-11-14T06:28:58","slug":"tam-metin-yazim-kurallari","status":"publish","type":"page","link":"https:\/\/deubefevents.com\/iadce2025\/tam-metin-yazim-kurallari\/","title":{"rendered":"Tam Metin Yaz\u0131m Kurallar\u0131"},"content":{"rendered":"\n\n<html lang=\"tr\">\n<head>\n<meta charset=\"UTF-8\">\n<meta name=\"viewport\" content=\"width=device-width, initial-scale=1.0\">\n<title>IADCE 2025 Tam Metin Yaz\u0131m Kurallar\u0131<\/title>\n<style>\n    .container {\n        font-family: 'Georgia', serif;\n        background-color: #ffffff;\n        padding: 30px;\n        border-radius: 8px;\n        max-width: 800px;\n        margin: 50px auto;\n        box-shadow: 0 0 10px rgba(0, 0, 0, 0.1);\n        border: 1px solid #ccc;\n        color: #333;\n    }\n    .container h1 {\n        text-align: center;\n        color: #2c3e50;\n        font-size: 1.75em;\n        margin-bottom: 25px;\n        text-transform: uppercase;\n        letter-spacing: 1px;\n        font-weight: normal;\n    }\n    .container ul {\n        list-style-type: none;\n        padding: 0;\n        font-size: 1.15em;\n    }\n    .container ul li {\n        margin: 15px 0;\n        padding-left: 20px;\n        position: relative;\n        line-height: 1.5;\n    }\n    .container ul li::before {\n        content: \"\u2022\";\n        color: #2c3e50;\n        font-size: 1.5em;\n        position: absolute;\n        left: 0;\n        top: 0;\n    }\n<\/style>\n<\/head>\n<body>\n\n<div class=\"container\">\n    <h1>IADCE 2025 Tam Metin Yaz\u0131m Kurallar\u0131<\/h1>\n    <ul>\n        <li>Ba\u015fl\u0131k sayfaya ortalanm\u0131\u015f \u015fekilde <b>14 punto bold<\/b> ve ba\u015f harfleri <b>b\u00fcy\u00fck harfle<\/b> yaz\u0131lmal\u0131d\u0131r.<\/li>\n        <li>Metnin tamam\u0131 Calibri fontunda, \u00f6zet ve abstract <b>10 punto<\/b>, metin <b>11 punto<\/b> ile yaz\u0131lmal\u0131d\u0131r.<\/li>\n        <li>\u00d6zet ve abstract sonunda <b>be\u015f<\/b> adet anahtar kelime yer almal\u0131d\u0131r.<\/li>\n        <li>Bildiriler <b>APA 7<\/b> format\u0131nda yaz\u0131lmal\u0131 ve kullan\u0131lan kaynaklar metnin sonunda <b>APA 7<\/b> format\u0131nda verilmelidir.<\/li>\n        <li>Yaz\u0131m kurallar\u0131 ve APA 7 format\u0131na uymayan metinler kabul edilmeyecektir.<\/li>\n        <li>Geni\u015fletilmi\u015f \u00f6zet metinlere ait benzerlik rapor oran\u0131 max. %15 olmal\u0131d\u0131r. \u0130lgili belgelerin intihal.net \u00fczerinden al\u0131nmas\u0131 zorunludur.<\/li>\n        <li>Metinde g\u00f6rsel kullan\u0131ld\u0131ysa G\u00f6rsel Kaynak\u00e7a, Kaynak\u00e7a\u2019dan sonra yer almal\u0131d\u0131r.<\/li>\n    <\/ul>\n<\/div>\n\n<\/body>\n<\/html>\n","protected":false},"excerpt":{"rendered":"<p>IADCE 2025 Tam Metin Yaz\u0131m Kurallar\u0131 IADCE 2025 Tam Metin Yaz\u0131m Kurallar\u0131 Ba\u015fl\u0131k sayfaya ortalanm\u0131\u015f \u015fekilde 14 punto bold ve ba\u015f harfleri b\u00fcy\u00fck harfle yaz\u0131lmal\u0131d\u0131r. Metnin tamam\u0131 Calibri fontunda, \u00f6zet ve abstract 10 punto, metin 11 punto ile yaz\u0131lmal\u0131d\u0131r. \u00d6zet ve abstract sonunda be\u015f adet anahtar kelime yer almal\u0131d\u0131r. Bildiriler APA 7 format\u0131nda yaz\u0131lmal\u0131 ve<\/p>\n<p class=\"more-link\"><a href=\"https:\/\/deubefevents.com\/iadce2025\/tam-metin-yazim-kurallari\/\" class=\"themebutton2\">Read More<\/a><\/p>\n","protected":false},"author":1,"featured_media":0,"parent":0,"menu_order":0,"comment_status":"closed","ping_status":"closed","template":"","meta":{"footnotes":""},"_links":{"self":[{"href":"https:\/\/deubefevents.com\/iadce2025\/wp-json\/wp\/v2\/pages\/378"}],"collection":[{"href":"https:\/\/deubefevents.com\/iadce2025\/wp-json\/wp\/v2\/pages"}],"about":[{"href":"https:\/\/deubefevents.com\/iadce2025\/wp-json\/wp\/v2\/types\/page"}],"author":[{"embeddable":true,"href":"https:\/\/deubefevents.com\/iadce2025\/wp-json\/wp\/v2\/users\/1"}],"replies":[{"embeddable":true,"href":"https:\/\/deubefevents.com\/iadce2025\/wp-json\/wp\/v2\/comments?post=378"}],"version-history":[{"count":7,"href":"https:\/\/deubefevents.com\/iadce2025\/wp-json\/wp\/v2\/pages\/378\/revisions"}],"predecessor-version":[{"id":488,"href":"https:\/\/deubefevents.com\/iadce2025\/wp-json\/wp\/v2\/pages\/378\/revisions\/488"}],"wp:attachment":[{"href":"https:\/\/deubefevents.com\/iadce2025\/wp-json\/wp\/v2\/media?parent=378"}],"curies":[{"name":"wp","href":"https:\/\/api.w.org\/{rel}","templated":true}]}}