{"id":17,"date":"2023-04-12T13:57:37","date_gmt":"2023-04-12T13:57:37","guid":{"rendered":"https:\/\/deubefevents.com\/mandolinfest\/?page_id=17"},"modified":"2023-06-01T07:13:09","modified_gmt":"2023-06-01T07:13:09","slug":"program","status":"publish","type":"page","link":"https:\/\/deubefevents.com\/mandolinfest\/program\/","title":{"rendered":"Program"},"content":{"rendered":"\n<style>\ntable {\n    background-color: #262626;\n    color: white;\n    width: 100%;\n    border-collapse: collapse;\n    font-size: 12px; \/* Add this line to reduce the font size. Adjust the value as needed. *\/\n}\nth, td {\n    border: 1px solid gray;\n    padding: 5px;\n    text-align: center;\n}\ntr:nth-child(even) {\n    background-color: #262626;\n    color: white;\n}\ntr:nth-child(odd) {\n    background-color: #343434;\n    color: white;\n}\n<\/style>\n\n<table>\n  <tr>\n    <th>Orkestra Ad\u0131<\/th>\n    <th>Konser Tarihi<\/th>\n    <th>Prova Saati<\/th>\n    <th>Konser Saati<\/th>\n  <\/tr>\n  <tr>\n    <td colspan=\"4\">10 Haziran Cumartesi<\/td>\n  <\/tr>\n  <tr>\n    <td>\u00dcsk\u00fcp Mandolin Orkestras\u0131<\/td>\n    <td>10\/06\/2023<\/td>\n    <td>10.30\/10:45<\/td>\n    <td>14:00\/14:15<\/td>\n  <\/tr>\n  <tr>\n    <td>Fahri \u00d6\u011f\u00fcn\u00e7<\/td>\n    <td>10\/06\/2023<\/td>\n    <td>10:45\/11:00<\/td>\n    <td>14:15\/14:30<\/td>\n  <\/tr>\n  <tr>\n    <td>M\u00fccahit Eren<\/td>\n    <td>10\/06\/2023<\/td>\n    <td>11:00\/11:15<\/td>\n    <td>14:30\/14:45<\/td>\n  <\/tr>\n  <tr>\n    <td>Grup Dosty\u00fcrek<\/td>\n    <td>10\/06\/2023<\/td>\n    <td>11:15\/11:30<\/td>\n    <td>14:45\/15:00<\/td>\n  <\/tr>\n  <tr>\n    <td>Ayd\u0131n Yava\u015f ve Nigah Ertekin<\/td>\n    <td>10\/06\/2023<\/td>\n    <td>11:30\/11:45<\/td>\n    <td>15:00\/15:15<\/td>\n  <\/tr>\n  <tr>\n    <td>Alk\u00fc Mandolin Toplulu\u011fu<\/td>\n    <td>10\/06\/2023<\/td>\n    <td>12:00\/12:15<\/td>\n    <td>15:15\/15:30<\/td>\n  <\/tr>\n  <tr>\n    <td colspan=\"4\">A\u00e7\u0131l\u0131\u015f Konseri: <br>Dokuz Eyl\u00fcl \u00dcniversitesi Buca E\u011fitim Fak\u00fcltesi M\u00fczik E\u011ft. ABD Orkestras\u0131 ve \u0130zmir Mandolin Orkestras\u0131<br>20:30<\/td>\n  <\/tr>\n  <tr>\n    <td colspan=\"4\">11 Haziran Pazar<\/td>\n  <\/tr>\n  <tr>\n    <td>Zeytin \u00c7ekirdekleri<\/td>\n    <td>11\/06\/2023<\/td>\n    <td>10.30\/10:45<\/td>\n    <td>14:00\/14:15<\/td>\n  <\/tr>\n  <tr>\n    <td>Beste Sanat Merkezi Mandolin Grubu<\/td>\n    <td>11\/06\/2023<\/td>\n    <td>10:45\/11:00<\/td>\n    <td>14:15\/14:30<\/td>\n  <\/tr>\n  <tr>\n    <td>Denizli Mandos Mandolin Toplulu\u011fu<\/td>\n    <td>11\/06\/2023<\/td>\n    <td>11:00\/11:15<\/td>\n    <td>14:30\/14:45<\/td>\n  <\/tr>\n  <tr>\n    <td>Mersin Mandolin Orkestras\u0131<\/td>\n    <td>11\/06\/2023<\/td>\n    <td>11:15\/11:30<\/td>\n    <td>14:45\/15:00<\/td>\n  <\/tr>\n  <tr>\n    <td>Ankara Gazi Mandolin Grubu<\/td>\n    <td>11\/06\/2023<\/td>\n    <td>11:30\/11:45<\/td>\n    <td>15:00\/15:15<\/td>\n  <\/tr>\n  <tr>\n    <td>Ata\u00e7 Ayd\u0131n ve Tacettin Ocak<\/td>\n    <td>11\/06\/2023<\/td>\n    <td>11:45\/12:00<\/td>\n    <td>15:15\/15:30<\/td>\n  <\/tr>\n  <tr>\n    <td>Alesker Abbasov ve Ali \u00d6zt\u00fcrk<\/td>\n    <td>11\/06\/2023<\/td>\n    <td>12:00\/12:15<\/td>\n    <td>15:30\/15:45<\/td>\n  <\/tr>\n  <tr>\n    <td>Zhanna Akt\u00fcrk ve G\u00fcray Aly\u00f6r\u00fck<\/td>\n    <td>11\/06\/2023<\/td>\n    <td>12:15\/12:30<\/td>\n    <td>15:45\/16:00<\/td>\n  <\/tr>\n  <tr>\n    <td colspan=\"4\">Kapan\u0131\u015f Konseri:<br> Denizli Pamukkale \u00dcniv. M\u00fczik E\u011ft. ABD Akademik Ork.<br>20:30<\/td>\n  <\/tr>\n<\/table>\n","protected":false},"excerpt":{"rendered":"<p>Orkestra Ad\u0131 Konser Tarihi Prova Saati Konser Saati 10 Haziran Cumartesi \u00dcsk\u00fcp Mandolin Orkestras\u0131 10\/06\/2023 10.30\/10:45 14:00\/14:15 Fahri \u00d6\u011f\u00fcn\u00e7 10\/06\/2023 10:45\/11:00 14:15\/14:30 M\u00fccahit Eren 10\/06\/2023 11:00\/11:15 14:30\/14:45 Grup Dosty\u00fcrek 10\/06\/2023<\/p>\n<p class=\"more-link\"><a href=\"https:\/\/deubefevents.com\/mandolinfest\/program\/\" class=\"readmore\">Continue reading<span class=\"screen-reader-text\">Program<\/span><\/a><\/p>\n","protected":false},"author":1,"featured_media":0,"parent":0,"menu_order":0,"comment_status":"closed","ping_status":"closed","template":"templates\/no-sidebar.php","meta":{"ngg_post_thumbnail":0,"footnotes":""},"class_list":["post-17","page","type-page","status-publish","hentry"],"_links":{"self":[{"href":"https:\/\/deubefevents.com\/mandolinfest\/wp-json\/wp\/v2\/pages\/17","targetHints":{"allow":["GET"]}}],"collection":[{"href":"https:\/\/deubefevents.com\/mandolinfest\/wp-json\/wp\/v2\/pages"}],"about":[{"href":"https:\/\/deubefevents.com\/mandolinfest\/wp-json\/wp\/v2\/types\/page"}],"author":[{"embeddable":true,"href":"https:\/\/deubefevents.com\/mandolinfest\/wp-json\/wp\/v2\/users\/1"}],"replies":[{"embeddable":true,"href":"https:\/\/deubefevents.com\/mandolinfest\/wp-json\/wp\/v2\/comments?post=17"}],"version-history":[{"count":14,"href":"https:\/\/deubefevents.com\/mandolinfest\/wp-json\/wp\/v2\/pages\/17\/revisions"}],"predecessor-version":[{"id":257,"href":"https:\/\/deubefevents.com\/mandolinfest\/wp-json\/wp\/v2\/pages\/17\/revisions\/257"}],"wp:attachment":[{"href":"https:\/\/deubefevents.com\/mandolinfest\/wp-json\/wp\/v2\/media?parent=17"}],"curies":[{"name":"wp","href":"https:\/\/api.w.org\/{rel}","templated":true}]}}