{"id":17,"date":"2023-04-12T13:57:37","date_gmt":"2023-04-12T13:57:37","guid":{"rendered":"https:\/\/deubefevents.com\/mandolinfest2024\/?page_id=17"},"modified":"2024-06-03T07:16:30","modified_gmt":"2024-06-03T07:16:30","slug":"program","status":"publish","type":"page","link":"https:\/\/deubefevents.com\/mandolinfest2024\/program\/","title":{"rendered":"Program"},"content":{"rendered":"\n<div data-wp-interactive=\"core\/file\" class=\"wp-block-file\"><object data-wp-bind--hidden=\"!state.hasPdfPreview\" hidden class=\"wp-block-file__embed\" data=\"https:\/\/deubefevents.com\/mandolinfest2024\/wp-content\/uploads\/2024\/06\/mandolinfest-2024-deu-bef.pdf\" type=\"application\/pdf\" style=\"width:100%;height:832px\" aria-label=\"mandolinfest-2024-deu-bef g\u00f6m\u00fcs\u00fc.\"><\/object><a id=\"wp-block-file--media-a4e05eca-a16e-4e09-8eff-61b950a1013f\" href=\"https:\/\/deubefevents.com\/mandolinfest2024\/wp-content\/uploads\/2024\/06\/mandolinfest-2024-deu-bef.pdf\" target=\"_blank\" rel=\"noreferrer noopener\">mandolinfest-2024-deu-bef<\/a><a href=\"https:\/\/deubefevents.com\/mandolinfest2024\/wp-content\/uploads\/2024\/06\/mandolinfest-2024-deu-bef.pdf\" class=\"wp-block-file__button wp-element-button\" download aria-describedby=\"wp-block-file--media-a4e05eca-a16e-4e09-8eff-61b950a1013f\">\u0130ndir<\/a><\/div>\n","protected":false},"excerpt":{"rendered":"","protected":false},"author":1,"featured_media":0,"parent":0,"menu_order":0,"comment_status":"closed","ping_status":"closed","template":"templates\/no-sidebar.php","meta":{"ngg_post_thumbnail":0,"footnotes":""},"class_list":["post-17","page","type-page","status-publish","hentry"],"_links":{"self":[{"href":"https:\/\/deubefevents.com\/mandolinfest2024\/wp-json\/wp\/v2\/pages\/17","targetHints":{"allow":["GET"]}}],"collection":[{"href":"https:\/\/deubefevents.com\/mandolinfest2024\/wp-json\/wp\/v2\/pages"}],"about":[{"href":"https:\/\/deubefevents.com\/mandolinfest2024\/wp-json\/wp\/v2\/types\/page"}],"author":[{"embeddable":true,"href":"https:\/\/deubefevents.com\/mandolinfest2024\/wp-json\/wp\/v2\/users\/1"}],"replies":[{"embeddable":true,"href":"https:\/\/deubefevents.com\/mandolinfest2024\/wp-json\/wp\/v2\/comments?post=17"}],"version-history":[{"count":18,"href":"https:\/\/deubefevents.com\/mandolinfest2024\/wp-json\/wp\/v2\/pages\/17\/revisions"}],"predecessor-version":[{"id":313,"href":"https:\/\/deubefevents.com\/mandolinfest2024\/wp-json\/wp\/v2\/pages\/17\/revisions\/313"}],"wp:attachment":[{"href":"https:\/\/deubefevents.com\/mandolinfest2024\/wp-json\/wp\/v2\/media?parent=17"}],"curies":[{"name":"wp","href":"https:\/\/api.w.org\/{rel}","templated":true}]}}