{"id":476,"date":"2025-07-06T19:27:12","date_gmt":"2025-07-06T19:27:12","guid":{"rendered":"https:\/\/deubefevents.com\/ubest2025\/?page_id=476"},"modified":"2025-08-07T07:39:18","modified_gmt":"2025-08-07T07:39:18","slug":"sempozyum-tarihleri","status":"publish","type":"page","link":"https:\/\/deubefevents.com\/ubest2025\/sempozyum-tarihleri\/","title":{"rendered":"UBEST Ar\u015fiv"},"content":{"rendered":"\n\n<section style=\"background-color: #1b2233; color: #f0f0f0; padding: 40px 20px; font-family: 'Segoe UI', sans-serif;\">\n  <div style=\"max-width: 900px; margin: auto;\">\n\n    <h2 style=\"color: #f0c75e; font-size: 32px; border-bottom: 2px solid #f0c75e; padding-bottom: 10px; margin-bottom: 30px;\">\n      UBEST Ar\u015fiv\n    <\/h2>\n\n    <p style=\"font-size: 18px;\">Ge\u00e7mi\u015f UBEST sempozyumlar\u0131na ait bildiri \u00f6zetleri ve tam metin kitap\u00e7\u0131klar\u0131 a\u015fa\u011f\u0131da sunulmu\u015ftur:<\/p>\n\n    <ul style=\"margin-top: 30px; list-style: none; padding: 0;\">\n      <li style=\"margin-bottom: 15px;\">\n        <a href=\"https:\/\/deubefevents.com\/ubest2025\/wp-content\/uploads\/2025\/07\/UBEST-Tam-Metin_2019-2.pdf\" style=\"color: #f0c75e;\" target=\"_blank\" rel=\"noopener\">UBEST 2019 \u2013 Tam Metin Kitab\u0131<\/a>\n      <\/li>\n      <li style=\"margin-bottom: 15px;\">\n        <a href=\"https:\/\/deubefevents.com\/ubest2025\/wp-content\/uploads\/2025\/07\/UBEST-2019-Bildiri-Ozet-Kitapcigi.pdf\" style=\"color: #f0c75e;\" target=\"_blank\" rel=\"noopener\">UBEST 2019 \u2013 Bildiri \u00d6zet Kitap\u00e7\u0131\u011f\u0131<\/a>\n      <\/li>\n      <li style=\"margin-bottom: 15px;\">\n        <a href=\"https:\/\/deubefevents.com\/ubest2025\/wp-content\/uploads\/2025\/07\/UBEST-2021-Bildiri-Ozet-Kitapcigi.pdf\" style=\"color: #f0c75e;\" target=\"_blank\" rel=\"noopener\">UBEST 2021 \u2013 Bildiri \u00d6zet Kitap\u00e7\u0131\u011f\u0131<\/a>\n      <\/li>\n      <li style=\"margin-bottom: 15px;\">\n        <a href=\"https:\/\/deubefevents.com\/ubest2025\/wp-content\/uploads\/2025\/07\/UBEST-2021-Tam-Metin-Kitapcigi.pdf\" style=\"color: #f0c75e;\" target=\"_blank\" rel=\"noopener\">UBEST 2021 \u2013 Tam Metin Kitap\u00e7\u0131\u011f\u0131<\/a>\n      <\/li>\n      <li style=\"margin-bottom: 15px;\">\n        <a href=\"https:\/\/deubefevents.com\/ubest2025\/wp-content\/uploads\/2025\/07\/UBEST-2022-Bildiri-Ozet-Kitabi-ISBN.pdf\" style=\"color: #f0c75e;\" target=\"_blank\" rel=\"noopener\">UBEST 2022 \u2013 Bildiri \u00d6zet Kitab\u0131 (ISBN&#8217;li)<\/a>\n      <\/li>\n      <li style=\"margin-bottom: 15px;\">\n        <a href=\"https:\/\/deubefevents.com\/ubest2025\/wp-content\/uploads\/2025\/07\/2022_TAM-METIN-KITABI.pdf\" style=\"color: #f0c75e;\" target=\"_blank\" rel=\"noopener\">UBEST 2022 \u2013 Tam Metin Kitab\u0131<\/a>\n      <\/li>\n    <\/ul>\n\n    <p style=\"margin-top: 40px; font-size: 14px; color: #aaa;\">Yukar\u0131daki i\u00e7eriklerin t\u00fcm\u00fc PDF format\u0131ndad\u0131r ve yeni sekmede a\u00e7\u0131l\u0131r.<\/p>\n\n  <\/div>\n<\/section>\n\n\n","protected":false},"excerpt":{"rendered":"<p>UBEST Ar\u015fiv Ge\u00e7mi\u015f UBEST sempozyumlar\u0131na ait bildiri \u00f6zetleri ve tam metin kitap\u00e7\u0131klar\u0131 a\u015fa\u011f\u0131da sunulmu\u015ftur: UBEST 2019 \u2013 Tam Metin Kitab\u0131 UBEST 2019 \u2013 Bildiri \u00d6zet Kitap\u00e7\u0131\u011f\u0131 UBEST 2021 \u2013 Bildiri \u00d6zet Kitap\u00e7\u0131\u011f\u0131 UBEST 2021 \u2013 Tam Metin Kitap\u00e7\u0131\u011f\u0131 UBEST 2022 \u2013 Bildiri \u00d6zet Kitab\u0131 (ISBN&#8217;li) UBEST 2022 \u2013 Tam Metin Kitab\u0131 Yukar\u0131daki i\u00e7eriklerin t\u00fcm\u00fc PDF [&hellip;]<\/p>\n","protected":false},"author":1,"featured_media":0,"parent":0,"menu_order":0,"comment_status":"closed","ping_status":"closed","template":"","meta":{"footnotes":""},"_links":{"self":[{"href":"https:\/\/deubefevents.com\/ubest2025\/wp-json\/wp\/v2\/pages\/476"}],"collection":[{"href":"https:\/\/deubefevents.com\/ubest2025\/wp-json\/wp\/v2\/pages"}],"about":[{"href":"https:\/\/deubefevents.com\/ubest2025\/wp-json\/wp\/v2\/types\/page"}],"author":[{"embeddable":true,"href":"https:\/\/deubefevents.com\/ubest2025\/wp-json\/wp\/v2\/users\/1"}],"replies":[{"embeddable":true,"href":"https:\/\/deubefevents.com\/ubest2025\/wp-json\/wp\/v2\/comments?post=476"}],"version-history":[{"count":6,"href":"https:\/\/deubefevents.com\/ubest2025\/wp-json\/wp\/v2\/pages\/476\/revisions"}],"predecessor-version":[{"id":914,"href":"https:\/\/deubefevents.com\/ubest2025\/wp-json\/wp\/v2\/pages\/476\/revisions\/914"}],"wp:attachment":[{"href":"https:\/\/deubefevents.com\/ubest2025\/wp-json\/wp\/v2\/media?parent=476"}],"curies":[{"name":"wp","href":"https:\/\/api.w.org\/{rel}","templated":true}]}}