{"id":490,"date":"2025-07-06T19:41:54","date_gmt":"2025-07-06T19:41:54","guid":{"rendered":"https:\/\/deubefevents.com\/ubest2025\/?page_id=490"},"modified":"2025-09-20T17:38:25","modified_gmt":"2025-09-20T17:38:25","slug":"kurullar-2","status":"publish","type":"page","link":"https:\/\/deubefevents.com\/ubest2025\/kurullar-2\/","title":{"rendered":"Kurullar"},"content":{"rendered":"\n<div style=\"background-color: #111827; color: #f3f4f6; padding: 40px; font-family: 'Helvetica Neue', sans-serif; border-radius: 12px;\">\n\n<h2 style=\"color: #e0f2fe; font-size: 28px; border-bottom: 2px solid #2563eb; padding-bottom: 10px; margin-bottom: 20px;\">KURULLAR<\/h2>\n\n<h3 style=\"color: #93c5fd; margin-top: 30px;\">Onur Kurulu<\/h3>\n<p>Prof.Dr. Bayram YILMAZ \u2013 DE\u00dc Rekt\u00f6r\u00fc (Onursal Ba\u015fkan)<\/p>\n<p>Prof.Dr. Dil\u015fen \u0130NCE ERDO\u011eAN \u2013 DE\u00dc Rekt\u00f6r Yard\u0131mc\u0131s\u0131<\/p>\n<p>Prof.Dr. D\u00fcndar YENER \u2013 DE\u00dc Genel Sekreter V.<\/p>\n\n<h3 style=\"color: #93c5fd; margin-top: 30px;\">D\u00fczenleme Kurulu Ba\u015fkan\u0131<\/h3>\n<p>Prof.Dr. Sibel YE\u015e\u0130LDERE \u0130MRE \u2013 DE\u00dc Buca E\u011fitim Fak\u00fcltesi Dekan\u0131<\/p>\n\n<h3 style=\"color: #93c5fd; margin-top: 30px;\">D\u00fczenleme Kurulu<\/h3>\n<div>\n<ul>\n<li>Prof.Dr. Asl\u0131 UZ BA\u015e, Dokuz Eyl\u00fcl \u00dcniversitesi<\/li>\n<li>Prof.Dr. Ayb\u00fcke PABU\u00c7CU AKI\u015e, Dokuz Eyl\u00fcl \u00dcniversitesi<\/li>\n<li>Prof.Dr. Bahar BARAN, Dokuz Eyl\u00fcl \u00dcniversitesi<\/li>\n<li>Prof.Dr. Cansu \u00c7ELEB\u0130 EROL, Dokuz Eyl\u00fcl \u00dcniversitesi<\/li>\n<li>Prof.Dr. G\u00fcl \u00dcNAL \u00c7OBAN, Dokuz Eyl\u00fcl \u00dcniversitesi<\/li>\n<li>Prof.Dr. Hale SUCUO\u011eLU, Dokuz Eyl\u00fcl \u00dcniversitesi<\/li>\n<li>Prof.Dr. Hatice AKKO\u00c7, Marmara \u00dcniversitesi<\/li>\n<li>Prof.Dr. \u0130rem \u00c7OMO\u011eLU, Dokuz Eyl\u00fcl \u00dcniversitesi<\/li>\n<li>Prof.Dr. M\u00fcmtaz Hakan SAKAR, Dokuz Eyl\u00fcl \u00dcniversitesi<\/li>\n<li>Prof.Dr. Se\u00e7kin AYDIN, Dokuz Eyl\u00fcl \u00dcniversitesi<\/li>\n<li>Do\u00e7.Dr. Ahmet Murat ELLEZ, Dokuz Eyl\u00fcl \u00dcniversitesi<\/li>\n<li>Do\u00e7.Dr. Ayten ERDURAN, Dokuz Eyl\u00fcl \u00dcniversitesi<\/li>\n<li>Do\u00e7.Dr. Burak KARABEY, Dokuz Eyl\u00fcl \u00dcniversitesi<\/li>\n<li>Do\u00e7.Dr. Ebru EREN, Dokuz Eyl\u00fcl \u00dcniversitesi<\/li>\n<li>Do\u00e7.Dr. Erol ESEN, Cel\u00e2l Bayar \u00dcniversitesi<\/li> \n<li>Do\u00e7.Dr. G\u00fczin \u00d6ZYILMAZ, Dokuz Eyl\u00fcl \u00dcniversitesi<\/li>\n<li>Do\u00e7.Dr. Nil\u00fcfer ATMAN USLU, Dokuz Eyl\u00fcl \u00dcniversitesi<\/li>\n<li>Do\u00e7.Dr. Sait \u00c7\u00dcM, Dokuz Eyl\u00fcl \u00dcniversitesi<\/li>\n<li>Do\u00e7.Dr. Ya\u011fmur SOYLU, Dokuz Eyl\u00fcl \u00dcniversitesi<\/li>\n<li>Dr.\u00d6\u011fr.\u00dcyesi Mustafa \u00d6ZBA\u015e, Dokuz Eyl\u00fcl \u00dcniversitesi<\/li>\n<li>Dr.\u00d6\u011fr.\u00dcyesi S\u0131la BALIM, Dokuz Eyl\u00fcl \u00dcniversitesi<\/li>\n<li>Dr.\u00d6\u011fr.\u00dcyesi Yasemin KAHYAO\u011eLU ERDO\u011eMU\u015e, Dokuz Eyl\u00fcl \u00dcniversitesi<\/li>\n<li>Dr.\u00d6\u011fr.\u00dcyesi Zekiye \u00d6ZG\u00dcR, Dokuz Eyl\u00fcl \u00dcniversitesi<\/li>\n<\/ul>\n<\/div>\n\n\n<h3 style=\"color: #93c5fd; margin-top: 30px;\">Bilim Kurulu<\/h3>\n<div>\n<ul>\n<li>Prof.Dr. Adnan SEMENDERO\u011eLU, Dokuz Eyl\u00fcl \u00dcniversitesi<\/li>\n<li>Prof.Dr. Ali AKSU, Dokuz Eyl\u00fcl \u00dcniversitesi<\/li>\n<li>Prof.Dr. Ali Ekber G\u00dcLERSOY, Dokuz Eyl\u00fcl \u00dcniversitesi<\/li>\n<li>Prof.Dr. Ali G\u00fcnay BALIM, Dokuz Eyl\u00fcl \u00dcniversitesi<\/li>\n<li>Prof.Dr. Asl\u0131 AVCI AK\u00c7ALI, Dokuz Eyl\u00fcl \u00dcniversitesi<\/li>\n<li>Prof.Dr. Ayhan YILMAZ, Hacettepe \u00dcniversitesi<\/li>\n<li>Prof.Dr. Ay\u015fe Dolunay SARICA, Dokuz Eyl\u00fcl \u00dcniversitesi<\/li>\n<li>Prof.Dr. Bahar SO\u011eUKKUYU POYRAZ, Dokuz Eyl\u00fcl \u00dcniversitesi<\/li>\n<li>Prof.Dr. Banu \u00d6ZEV\u0130N, Dokuz Eyl\u00fcl \u00dcniversitesi<\/li>\n<li>Prof.Dr. Banu \u00c7ULHA \u00d6ZBA\u015e, Dokuz Eyl\u00fcl \u00dcniversitesi<\/li>\n<li>Prof.Dr. Berna CANT\u00dcRK G\u00dcNHAN, Dokuz Eyl\u00fcl \u00dcniversitesi<\/li>\n<li>Prof.Dr. B\u00fclent \u00c7AVA\u015e, Dokuz Eyl\u00fcl \u00dcniversitesi<\/li>\n<li>Prof.Dr. Caner KER\u0130MO\u011eLU, Dokuz Eyl\u00fcl \u00dcniversitesi<\/li>\n<li>Prof.Dr. Cenk KE\u015eAN, Dokuz Eyl\u00fcl \u00dcniversitesi<\/li>\n<li>Prof.Dr. David SZABO, d\u2019ELTE \u00dcniversitesi, Macaristan<\/li>\n<li>Prof.Dr. Didier TSALA-EFFA, Limoges \u00dcniversitesi, Fransa<\/li>\n<li>Prof.Dr. Di\u011fdem M\u00fcge S\u0130YEZ, Dokuz Eyl\u00fcl \u00dcniversitesi<\/li>\n<li>Prof.Dr. Do\u011fan DUMAN, Dokuz Eyl\u00fcl \u00dcniversitesi<\/li>\n<li>Prof.Dr. Duygu \u00d6ZT\u0130N PASSERAT, Dokuz Eyl\u00fcl \u00dcniversitesi<\/li>\n<li>Prof.Dr. E. Filiz Y\u0130\u011e\u0130T, Dokuz Eyl\u00fcl \u00dcniversitesi<\/li>\n<li>Prof.Dr. Elif T\u00dcRN\u00dcKL\u00dc, Dokuz Eyl\u00fcl \u00dcniversitesi<\/li>\n<li>Prof.Dr. Elvan \u015eAH\u0130N, Orta Do\u011fu Teknik \u00dcniversitesi<\/li>\n<li>Prof.Dr. Ercan AKPINAR, Dokuz Eyl\u00fcl \u00dcniversitesi<\/li>\n<li>Prof.Dr. Ercan TOP, Bolu Abant \u0130zzet Baysal \u00dcniversitesi<\/li>\n<li>Prof.Dr. Ercan UYANIK, Dokuz Eyl\u00fcl \u00dcniversitesi<\/li>\n<li>Prof.Dr. Erdal ASLAN, Dokuz Eyl\u00fcl \u00dcniversitesi<\/li>\n<li>Prof.Dr. Esra BUKOVA G\u00dcZEL, Dokuz Eyl\u00fcl \u00dcniversitesi<\/li>\n<li>Prof.Dr. Fatma Ebru \u0130K\u0130Z, Dokuz Eyl\u00fcl \u00dcniversitesi<\/li>\n<li>Prof.Dr. Fatma Feryal \u00c7UBUK\u00c7U, Dokuz Eyl\u00fcl \u00dcniversitesi<\/li>\n<li>Prof.Dr. Fatma Selda \u00d6Z SOYSAL, Dokuz Eyl\u00fcl \u00dcniversitesi<\/li>\n<li>Prof.Dr. Gabriela Karin KONKOL, Gdansk M\u00fczik Akademisi, Polonya<\/li>\n<li>Prof.Dr. Gamze SEZG\u0130N SEL\u00c7UK, Dokuz Eyl\u00fcl \u00dcniversitesi<\/li>\n<li>Prof.Dr. Gr\u00e9gory M\u0130RAS, Lorraine \u00dcniversitesi, Fransa<\/li>\n<li>Prof.Dr. G\u00fclten \u015eENDUR, Dokuz Eyl\u00fcl \u00dcniversitesi<\/li>\n<li>Prof.Dr. Hamid Reza SHAIRI, Tarbiat \u00dcniversitesi, \u0130ran<\/li>\n<li>Prof.Dr. Hasan \u00c7UKUR, Dokuz Eyl\u00fcl \u00dcniversitesi<\/li>\n<li>Prof.Dr. Hatice Zekavet KABASAKAL, Dokuz Eyl\u00fcl \u00dcniversitesi<\/li>\n<li>Prof.Dr. I\u015f\u0131khan U\u011eUREL, Dokuz Eyl\u00fcl \u00dcniversitesi<\/li>\n<li>Prof.Dr. \u0130brahim Se\u00e7kin AYDIN, Dokuz Eyl\u00fcl \u00dcniversitesi<\/li>\n<li>Prof.Dr. \u0130dris \u015eAH\u0130N, Dokuz Eyl\u00fcl \u00dcniversitesi<\/li>\n<li>Prof.Dr. \u0130lkay Ebru TUNCER G\u00dcLSEL\u0130, Dokuz Eyl\u00fcl \u00dcniversitesi<\/li>\n<li>Prof.Dr. \u0130lyas YAZAR, Dokuz Eyl\u00fcl \u00dcniversitesi<\/li>\n<li>Prof.Dr. \u0130rfan YURDABAKAN, Dokuz Eyl\u00fcl \u00dcniversitesi<\/li>\n<li>Prof.Dr. Kemal Y\u00dcR\u00dcMEZO\u011eLU, Dokuz Eyl\u00fcl \u00dcniversitesi<\/li>\n<li>Prof.Dr. Kenan D\u0130K\u0130L\u0130TA\u015e, Bergen \u00dcniversitesi, Norve\u00e7<\/li>\n<li>Prof.Dr. Kuthan KAHRAMANT\u00dcRK, Dokuz Eyl\u00fcl \u00dcniversitesi<\/li>\n<li>Prof.Dr. Leyla HARPUTLU, Dokuz Eyl\u00fcl \u00dcniversitesi<\/li>\n<li>Prof.Dr. Mehmet \u015eAH\u0130N, Dokuz Eyl\u00fcl \u00dcniversitesi<\/li>\n<li>Prof.Dr. Melike Y\u0130\u011e\u0130T KOYUNKAYA, Dokuz Eyl\u00fcl \u00dcniversitesi<\/li>\n<li>Prof.Dr. Melis Arzu UYULGAN, Dokuz Eyl\u00fcl \u00dcniversitesi<\/li>\n<li>Prof.Dr. Mustafa BAKA\u00c7, Dokuz Eyl\u00fcl \u00dcniversitesi<\/li>\n<li>Prof.Dr. Mustafa EROL, Dokuz Eyl\u00fcl \u00dcniversitesi<\/li>\n<li>Prof.Dr. Mustafa \u015eAH\u0130N, Dokuz Eyl\u00fcl \u00dcniversitesi<\/li>\n<li>Prof.Dr. Najate NERCI, Hassan II \u00dcniversitesi, Fas<\/li>\n<li>Prof.Dr. Nalan AKKUZU G\u00dcVEN, Dokuz Eyl\u00fcl \u00dcniversitesi<\/li>\n<li>Prof.Dr. Necla \u015eAH\u0130N FIRAT, Dokuz Eyl\u00fcl \u00dcniversitesi<\/li>\n<li>Prof.Dr. Nevin AKKAYA, Dokuz Eyl\u00fcl \u00dcniversitesi<\/li>\n<li>Prof.Dr. Nevzat G\u00dcM\u00dc\u015e, Dokuz Eyl\u00fcl \u00dcniversitesi<\/li>\n<li>Prof.Dr. Pablo TINIO, Montclair State \u00dcniversitesi, ABD<\/li>\n<li>Prof.Dr. P\u0131nar Seda \u00c7ET\u0130N, Bolu Abant \u0130zzet Baysal \u00dcniversitesi<\/li>\n<li>Prof.Dr. Rabia TANEL, Dokuz Eyl\u00fcl \u00dcniversitesi<\/li>\n<li>Prof.Dr. Raziye \u00c7AKICIO\u011eLU OBAN, Dokuz Eyl\u00fcl \u00dcniversitesi<\/li>\n<li>Prof.Dr. Rukiye G\u00fcnseli YILDIRIM, Dokuz Eyl\u00fcl \u00dcniversitesi<\/li>\n<li>Prof.Dr. Salima KHATTARI, Mohammed V \u00dcniversitesi, Fas<\/li>\n<li>Prof.Dr. S.Sunay YILDIRIM DO\u011eRU, Dokuz Eyl\u00fcl \u00dcniversitesi<\/li>\n<li>Prof.Dr. Semiha \u015eAH\u0130N, Dokuz Eyl\u00fcl \u00dcniversitesi<\/li>\n<li>Prof.Dr. Serap KAYA \u015eENG\u00d6REN, Dokuz Eyl\u00fcl \u00dcniversitesi<\/li>\n<li>Prof.Dr. Serkan NARLI, Dokuz Eyl\u00fcl \u00dcniversitesi<\/li>\n<li>Prof.Dr. Sevgi AYDIN-G\u00dcNBATAR, Van Y\u00fcz\u00fcnc\u00fc Y\u0131l \u00dcniversitesi<\/li>\n<li>Prof.Dr. Sevil AKAYG\u00dcN, Bo\u011fazi\u00e7i \u00dcniversitesi<\/li>\n<li>Prof.Dr. Sibel KILIN\u00c7 ALPAT, Dokuz Eyl\u00fcl \u00dcniversitesi<\/li>\n<li>Prof.Dr. Sibel ALMELEK \u0130\u015eMAN, Dokuz Eyl\u00fcl \u00dcniversitesi<\/li>\n<li>Prof.Dr. Suat T\u00dcRKO\u011eUZ, Dokuz Eyl\u00fcl \u00dcniversitesi<\/li>\n<li>Prof.Dr. S\u00fcha YILMAZ, Dokuz Eyl\u00fcl \u00dcniversitesi<\/li>\n<li>Prof.Dr. \u015eenol ALPAT, Dokuz Eyl\u00fcl \u00dcniversitesi<\/li>\n<li>Prof.Dr. \u015eerif Ali BOZKAPLAN, Dokuz Eyl\u00fcl \u00dcniversitesi<\/li>\n<li>Prof.Dr. Tarkan KA\u00c7MAZ, Dokuz Eyl\u00fcl \u00dcniversitesi<\/li>\n<li>Prof.Dr. Tolga G\u00d6K, Dokuz Eyl\u00fcl \u00dcniversitesi<\/li>\n<li>Prof.Dr. Tuba G\u00dcLTEK\u0130N, Dokuz Eyl\u00fcl \u00dcniversitesi<\/li>\n<li>Prof.Dr. Vesile YILDIZ DEM\u0130RTA\u015e, Dokuz Eyl\u00fcl \u00dcniversitesi<\/li>\n<li>Prof.Dr. Yahya ARAZ, Dokuz Eyl\u00fcl \u00dcniversitesi<\/li>\n<li>Prof.Dr. Ye\u015fim BEKTA\u015e \u00c7ET\u0130NKAYA, Dokuz Eyl\u00fcl \u00dcniversitesi<\/li>\n<li>Prof.Dr. Zafer TANEL, Dokuz Eyl\u00fcl \u00dcniversitesi<\/li>\n<li>Do\u00e7.Dr. Ahmet ACAR, Dokuz Eyl\u00fcl \u00dcniversitesi<\/li>\n<li>Do\u00e7.Dr. Ahmet Bilal \u00d6ZBEK, Dokuz Eyl\u00fcl \u00dcniversitesi<\/li>\n<li>Do\u00e7.Dr. Ali T\u00dcRKEL, Dokuz Eyl\u00fcl \u00dcniversitesi<\/li>\n<li>Do\u00e7.Dr. Amber WARREN, Vanderbilt \u00dcniversitesi, ABD<\/li>\n<li>Do\u00e7.Dr. Aysun N\u00fcket EL\u00c7\u0130, Dokuz Eyl\u00fcl \u00dcniversitesi<\/li>\n<li>Do\u00e7.Dr. Ay\u015fe TEK\u0130N DEDE, Dokuz Eyl\u00fcl \u00dcniversitesi<\/li>\n<li>Do\u00e7.Dr. Ay\u015fe YOLCU, Hacettepe \u00dcniversitesi<\/li>\n<li>Do\u00e7.Dr. Aytu\u011f \u00d6ZALTUN \u00c7EL\u0130K, Dokuz Eyl\u00fcl \u00dcniversitesi<\/li>\n<li>Do\u00e7.Dr. Bahad\u0131r NAMDAR, Ege \u00dcniversitesi<\/li>\n<li>Do\u00e7.Dr. Behl\u00fcl G\u00dcLER, Dokuz Eyl\u00fcl \u00dcniversitesi<\/li>\n<li>Do\u00e7.Dr. Behsat SAVA\u015e, Dokuz Eyl\u00fcl \u00dcniversitesi<\/li>\n<li>Do\u00e7.Dr. Berna TATARO\u011eLU TA\u015eDAN, Dokuz Eyl\u00fcl \u00dcniversitesi<\/li>\n<li>Do\u00e7.Dr. Can DEN\u0130ZC\u0130, Dokuz Eyl\u00fcl \u00dcniversitesi<\/li>\n<li>Do\u00e7.Dr. Cenan \u0130\u015eC\u0130 KARAME\u015eE, Dokuz Eyl\u00fcl \u00dcniversitesi<\/li>\n<li>Do\u00e7.Dr. Coraline PRADEAU, Rouen \u00dcniversitesi, Fransa<\/li>\n<li>Do\u00e7.Dr. Duygu \u00c7ET\u0130NG\u00d6Z, Dokuz Eyl\u00fcl \u00dcniversitesi<\/li>\n<li>Do\u00e7.Dr. Duygu MET\u0130N PETEN, Ege \u00dcniversitesi<\/li>\n<li>Do\u00e7.Dr. Elif G\u00fclfem KISTIR, Dokuz Eyl\u00fcl \u00dcniversitesi<\/li>\n<li>Do\u00e7.Dr. Elif Bu\u011fra KUZU DEM\u0130R, Dokuz Eyl\u00fcl \u00dcniversitesi<\/li>\n<li>Do\u00e7.Dr. Emilie Kasazian, Cergy Paris Universitesi, Fransa<\/li>\n<li>Do\u00e7.Dr. Emily Phillips GALLOWAY, Vanderbilt \u00dcniversitesi, ABD<\/li>\n<li>Do\u00e7.Dr. Esin KUMLU, Dokuz Eyl\u00fcl \u00dcniversitesi<\/li>\n<li>Do\u00e7.Dr. Esin U\u00c7AL CANAKAY, Dokuz Eyl\u00fcl \u00dcniversitesi<\/li>\n<li>Do\u00e7.Dr. Estelle EPINOUX, Limoges \u00dcniversitesi, Fransa<\/li>\n<li>Do\u00e7.Dr. Fatih \u00d6NDER, Dokuz Eyl\u00fcl \u00dcniversitesi<\/li>\n<li>Do\u00e7.Dr. Filiz KARADA\u011e \u00dc\u00c7DAL, Dokuz Eyl\u00fcl \u00dcniversitesi<\/li>\n<li>Do\u00e7.Dr. Irina POSTOLACHI-JOSAN, Picardie Jules Vernes \u00dcniversitesi, Fransa<\/li>\n<li>Do\u00e7.Dr. \u0130smail S\u00d6KMEN, Dokuz Eyl\u00fcl \u00dcniversitesi<\/li>\n<li>Do\u00e7.Dr. Kemal AFACAN, Artvin \u00c7oruh \u00dcniversitesi<\/li>\n<li>Do\u00e7.Dr. K\u00fcr\u015fat ARSLAN, Dokuz Eyl\u00fcl \u00dcniversitesi<\/li>\n<li>Do\u00e7.Dr. Lindsay REITEN, Northern Colorado \u00dcniversitesi, ABD<\/li>\n<li>Do\u00e7.Dr. Malika TEMMAR, Picardie Jules Vernes \u00dcniversitesi, Fransa<\/li>\n<li>Do\u00e7.Dr. Marie-H\u00e9l\u00e8ne SAUNER-LEROY, Galatasaray \u00dcniversitesi, T\u00fcrkiye<\/li>\n<li>Do\u00e7.Dr. Meltem G\u00d6KDA\u011e BALTAO\u011eLU, Dokuz Eyl\u00fcl \u00dcniversitesi<\/li>\n<li>Do\u00e7.Dr. Mehmet AKKAYA, Dokuz Eyl\u00fcl \u00dcniversitesi<\/li>\n<li>Do\u00e7.Dr. Miren LACASSAGNE, Montaigne \u00dcniversitesi, Fransa<\/li>\n<li>Do\u00e7.Dr. Muhammed Fatih DO\u011eAN, Ad\u0131yaman \u00dcniversitesi<\/li>\n<li>Do\u00e7.Dr. \u00d6zge S\u00d6NMEZ, Dokuz Eyl\u00fcl \u00dcniversitesi<\/li>\n<li>Do\u00e7.Dr. Ricardo V. LOZANO, Texas A&#038;M International \u00dcniversitesi, ABD<\/li>\n<li>Do\u00e7.Dr. Saliha BEN CHICK, Cergy Pointoise \u00dcniversitesi, Fransa<\/li>\n<li>Do\u00e7.Dr. Semiha KULA \u00dcNVER, Dokuz Eyl\u00fcl \u00dcniversitesi<\/li>\n<li>Do\u00e7.Dr. H.Sevgi MORALI, Dokuz Eyl\u00fcl \u00dcniversitesi<\/li>\n<li>Do\u00e7.Dr. Sophie OTHMAN, Marie ve Louis Pasteur \u00dcniversitesi, Fransa<\/li>\n<li>Do\u00e7.Dr. \u015eerife FAYDAO\u011eLU, Dokuz Eyl\u00fcl \u00dcniversitesi<\/li>\n<li>Do\u00e7.Dr. Tuba BA\u011eATARHAN, Dokuz Eyl\u00fcl \u00dcniversitesi<\/li>\n<li>Do\u00e7.Dr. Tuncay CANBULAT, Dokuz Eyl\u00fcl \u00dcniversitesi<\/li>\n<li>Do\u00e7.Dr. T\u00fclay EK\u0130C\u0130, Dokuz Eyl\u00fcl \u00dcniversitesi<\/li>\n<li>Do\u00e7.Dr. Yasemin \u00d6ZDEM YILMAZ, Mu\u011fla S\u0131tk\u0131 Ko\u00e7man \u00dcniversitesi<\/li>\n<li>Do\u00e7.Dr. Yeliz \u00d6Z\u00dcDO\u011eRU, \u00c7anakkale Onsekiz Mart \u00dcniversitesi<\/li>\n<li>Do\u00e7.Dr. Y\u0131ld\u0131z AYDIN, Dokuz Eyl\u00fcl \u00dcniversitesi<\/li>\n<li>Do\u00e7.Dr. Yurdag\u00fcl KILI\u00c7 G\u00dcND\u00dcZ, Dokuz Eyl\u00fcl \u00dcniversitesi<\/li>\n<li>Dr.\u00d6\u011fr.\u00dcyesi Asl\u0131 SADE MEM\u0130\u015eO\u011eLU, Dokuz Eyl\u00fcl \u00dcniversitesi<\/li>\n<li>Dr.\u00d6\u011fr.\u00dcyesi Aylin Nadine KUL, Dokuz Eyl\u00fcl \u00dcniversitesi<\/li>\n<li>Dr.\u00d6\u011fr.\u00dcyesi Bahar METE OTLU, Dokuz Eyl\u00fcl \u00dcniversitesi<\/li>\n<li>Dr.\u00d6\u011fr.\u00dcyesi Berna \u00c7\u00d6KER, Dokuz Eyl\u00fcl \u00dcniversitesi<\/li>\n<li>Dr.\u00d6\u011fr.\u00dcyesi Berna G\u00dcRYAY, Dokuz Eyl\u00fcl \u00dcniversitesi<\/li>\n<li>Dr.\u00d6\u011fr.\u00dcyesi Canan AKYOL, Dokuz Eyl\u00fcl \u00dcniversitesi<\/li>\n<li>Dr.\u00d6\u011fr.\u00dcyesi Ceren U\u00c7AN, Dokuz Eyl\u00fcl \u00dcniversitesi<\/li>\n<li>Dr.\u00d6\u011fr.\u00dcyesi Deniz EK\u0130NC\u0130 VURAL, Dokuz Eyl\u00fcl \u00dcniversitesi<\/li>\n<li>Dr.\u00d6\u011fr.\u00dcyesi Elif Gamze \u00d6ZCAN, Dokuz Eyl\u00fcl \u00dcniversitesi<\/li>\n<li>Dr.\u00d6\u011fr.\u00dcyesi Erkan SERCE, Dokuz Eyl\u00fcl \u00dcniversitesi<\/li>\n<li>Dr.\u00d6\u011fr.\u00dcyesi Erkan \u00d6ZCAN, Dokuz Eyl\u00fcl \u00dcniversitesi<\/li>\n<li>Dr.\u00d6\u011fr.\u00dcyesi Esra BEYHAN, Dokuz Eyl\u00fcl \u00dcniversitesi<\/li>\n<li>Dr.\u00d6\u011fr.\u00dcyesi Esra USLU, Dokuz Eyl\u00fcl \u00dcniversitesi<\/li>\n<li>Dr.\u00d6\u011fr.\u00dcyesi F\u00fcsun \u00dcNAL, Dokuz Eyl\u00fcl \u00dcniversitesi<\/li>\n<li>Dr.\u00d6\u011fr.\u00dcyesi G\u00fcl\u015fah K\u00dcLEK\u00c7\u0130, Dokuz Eyl\u00fcl \u00dcniversitesi<\/li>\n<li>Dr.\u00d6\u011fr.\u00dcyesi H. Arzu G\u00d6K\u00c7E G\u00dcND\u00dcZO\u011eLU, Dokuz Eyl\u00fcl \u00dcniversitesi<\/li>\n<li>Dr.\u00d6\u011fr.\u00dcyesi Halil \u0130brahim \u00c7AKIR, Giresun \u00dcniversitesi<\/li>\n<li>Dr.\u00d6\u011fr.\u00dcyesi Hanife KESK\u0130N, Dokuz Eyl\u00fcl \u00dcniversitesi<\/li>\n<li>Dr.\u00d6\u011fr.\u00dcyesi Hasan T\u00dcRKER, Dokuz Eyl\u00fcl \u00dcniversitesi<\/li>\n<li>Dr.\u00d6\u011fr.\u00dcyesi I\u015f\u0131l \u0130\u015eLER-BAYKAL, Orta Do\u011fu Teknik \u00dcniversitesi<\/li>\n<li>Dr.\u00d6\u011fr.\u00dcyesi Mehmet \u00d6ZER, Dokuz Eyl\u00fcl \u00dcniversitesi<\/li>\n<li>Dr.\u00d6\u011fr.\u00dcyesi Nilay MUSLU K\u00d6M\u00dcRC\u00dc, Mu\u011fla S\u0131tk\u0131 Ko\u00e7man \u00dcniversitesi<\/li>\n<li>Dr.\u00d6\u011fr.\u00dcyesi \u00d6zge \u00d6ZBAYRAK AZMAN, Dokuz Eyl\u00fcl \u00dcniversitesi<\/li>\n<li>Dr.\u00d6\u011fr.\u00dcyesi \u00d6zgehan U\u015eTUK, Hong Kong Polytechnic \u00dcniversitesi, Hong Kong<\/li>\n<li>Dr.\u00d6\u011fr.\u00dcyesi Peyruze Rana \u00c7ET\u0130NKAYA, Dokuz Eyl\u00fcl \u00dcniversitesi<\/li>\n<li>Dr.\u00d6\u011fr.\u00dcyesi Sebahat Sevgi UYGUR, Dokuz Eyl\u00fcl \u00dcniversitesi<\/li>\n<li>Dr.\u00d6\u011fr.\u00dcyesi Simge KO\u00c7, Dokuz Eyl\u00fcl \u00dcniversitesi<\/li>\n<li>Dr.\u00d6\u011fr.\u00dcyesi Tolga G\u00dcNDO\u011eDU, Dokuz Eyl\u00fcl \u00dcniversitesi<\/li>\n<li>Dr.\u00d6\u011fr.\u00dcyesi Tu\u011fba \u015e\u0130M\u015eEK, Dokuz Eyl\u00fcl \u00dcniversitesi<\/li>\n<li>Dr.\u00d6\u011fr.\u00dcyesi Ya\u015far YAVUZ, Dokuz Eyl\u00fcl \u00dcniversitesi<\/li>\n<li>Dr.\u00d6\u011fr.\u00dcyesi Yusuf ERKU\u015e, Dokuz Eyl\u00fcl \u00dcniversitesi<\/li>\n<li>Dr.\u00d6\u011fr.\u00dcyesi Z\u00fcbeyde DO\u011eAN, Dokuz Eyl\u00fcl \u00dcniversitesi<\/li>\n<li>Dr. Donald STAUB, \u0130zmir Ekonomi \u00dcniversitesi<\/li>\n<li>Dr. Frances HASSETT, Limerick Mental Health Association, \u0130rlanda<\/li>\n<li>Dr. Galip Emre YILDIRIM, Catholique de Paris Enstit\u00fcs\u00fc, Fransa<\/li>\n<li>Dr. Kathleen M. GOODYEAR, ABD Independent Scholar<\/li>\n<li>Dr. Olympia AGALIANOU, PhD, Macedonia \u00dcniversitesi, Thrace Democritus \u00dcniversitesi, Ionian \u00dcniversitesi ve N.K.U.A., Yunanistan<\/li>\n<li>Dr. Polina SAMOCHKINA, Ruzy Gallery, Polonya<\/li>\n<li>Dr. Shirley SALMON, MA, Orff-Enstit\u00fcs\u00fc, Mozarteum \u00dcniversitesi, Salzburg, Avusturya<\/li>\n<li>Christa COOGAN, M\u00fcnih M\u00fczik ve Tiyatro \u00dcniversitesi, Almanya<\/li>\n<li>Sandra TOMC, Jean Monnet \u00dcniversitesi, Fransa<\/li>\n<li>Tivadar PALAGY, d\u2019ELTE \u00dcniversitesi, Macaristan<\/li>\n<\/ul>\n<\/div>\n\n<h3 style=\"color: #93c5fd; margin-top: 30px;\">Y\u00fcr\u00fctme Kurulu<\/h3>\n<div>\n<ul>\n<li>Ar\u015f.G\u00f6r. Ali \u00d6ZL\u00dcSOY<\/li>\n<li>Ar\u015f.G\u00f6r. Ay\u015fenur Zeynep KAYA<\/li>\n<li>Ar\u015f.G\u00f6r. Bar\u0131\u015f B\u0130\u00c7\u0130ML\u0130<\/li>\n<li>Ar\u015f.G\u00f6r. Beste Selin KOCA<\/li>\n<li>Ar\u015f.G\u00f6r. Beyza K\u00d6KSAL<\/li>\n<li>Ar\u015f.G\u00f6r. B\u00fc\u015fra YAL\u00c7IN<\/li>\n<li>Ar\u015f.G\u00f6r. Ceren YE\u015e\u0130L<\/li>\n<li>Ar\u015f.G\u00f6r. Dilara Melis EREN<\/li>\n<li>Ar\u015f.G\u00f6r. Elif \u0130LHAN \u015e\u0130M\u015e\u0130R<\/li>\n<li>Ar\u015f.G\u00f6r. Elif MUTLU<\/li>\n<li>Ar\u015f.G\u00f6r. Elif Verda ERKAN<\/li>\n<li>Ar\u015f.G\u00f6r. Endam D\u00dcZYOL T\u00dcRK<\/li>\n<li>Ar\u015f.G\u00f6r. Ekin ALTIKARDE\u015e<\/li>\n<li>Ar\u015f.G\u00f6r. Erim CANT\u00dcRK<\/li>\n<li>Ar\u015f.G\u00f6r. Esat KUZU<\/li>\n<li>Ar\u015f.G\u00f6r. Hazal YAMAN<\/li>\n<li>Ar\u015f.G\u00f6r. Mustafa Rahman \u00d6ZDEN<\/li>\n<li>Ar\u015f.G\u00f6r. Nimet Hande TANK HONA\u00c7<\/li>\n<li>Ar\u015f.G\u00f6r. \u00d6zdemir D\u0130K\u0130C\u0130G\u0130L<\/li>\n<li>Ar\u015f.G\u00f6r. Sena SEZG\u0130N<\/li>\n<li>Ar\u015f.G\u00f6r. Tu\u011f\u00e7e Merve SA\u011eIR<\/li>\n<li>Ar\u015f.G\u00f6r. Ufuk D\u0130LEK<\/li>\n<li>Ar\u015f.G\u00f6r. U\u011furcan D\u0130LBER<\/li>\n<li>Ar\u015f.G\u00f6r. Umut CEYLAN<\/li>\n<\/ul>\n<\/div>\n<\/div>\n","protected":false},"excerpt":{"rendered":"<p>KURULLAR Onur Kurulu Prof.Dr. Bayram YILMAZ \u2013 DE\u00dc Rekt\u00f6r\u00fc (Onursal Ba\u015fkan) Prof.Dr. Dil\u015fen \u0130NCE ERDO\u011eAN \u2013 DE\u00dc Rekt\u00f6r Yard\u0131mc\u0131s\u0131 Prof.Dr. D\u00fcndar YENER \u2013 DE\u00dc Genel Sekreter V. D\u00fczenleme Kurulu Ba\u015fkan\u0131 Prof.Dr. Sibel YE\u015e\u0130LDERE \u0130MRE \u2013 DE\u00dc Buca E\u011fitim Fak\u00fcltesi Dekan\u0131 D\u00fczenleme Kurulu Prof.Dr. Asl\u0131 UZ BA\u015e, Dokuz Eyl\u00fcl \u00dcniversitesi Prof.Dr. Ayb\u00fcke PABU\u00c7CU AKI\u015e, Dokuz Eyl\u00fcl [&hellip;]<\/p>\n","protected":false},"author":1,"featured_media":0,"parent":0,"menu_order":0,"comment_status":"closed","ping_status":"closed","template":"","meta":{"footnotes":""},"_links":{"self":[{"href":"https:\/\/deubefevents.com\/ubest2025\/wp-json\/wp\/v2\/pages\/490"}],"collection":[{"href":"https:\/\/deubefevents.com\/ubest2025\/wp-json\/wp\/v2\/pages"}],"about":[{"href":"https:\/\/deubefevents.com\/ubest2025\/wp-json\/wp\/v2\/types\/page"}],"author":[{"embeddable":true,"href":"https:\/\/deubefevents.com\/ubest2025\/wp-json\/wp\/v2\/users\/1"}],"replies":[{"embeddable":true,"href":"https:\/\/deubefevents.com\/ubest2025\/wp-json\/wp\/v2\/comments?post=490"}],"version-history":[{"count":32,"href":"https:\/\/deubefevents.com\/ubest2025\/wp-json\/wp\/v2\/pages\/490\/revisions"}],"predecessor-version":[{"id":1078,"href":"https:\/\/deubefevents.com\/ubest2025\/wp-json\/wp\/v2\/pages\/490\/revisions\/1078"}],"wp:attachment":[{"href":"https:\/\/deubefevents.com\/ubest2025\/wp-json\/wp\/v2\/media?parent=490"}],"curies":[{"name":"wp","href":"https:\/\/api.w.org\/{rel}","templated":true}]}}