{"id":495,"date":"2025-07-06T19:46:42","date_gmt":"2025-07-06T19:46:42","guid":{"rendered":"https:\/\/deubefevents.com\/ubest2025\/?page_id=495"},"modified":"2025-09-04T14:59:46","modified_gmt":"2025-09-04T14:59:46","slug":"katilim-ucreti-ve-odeme-bilgileri-2","status":"publish","type":"page","link":"https:\/\/deubefevents.com\/ubest2025\/katilim-ucreti-ve-odeme-bilgileri-2\/","title":{"rendered":"Kat\u0131l\u0131m \u00dccreti ve \u00d6deme Bilgileri"},"content":{"rendered":"\n<section style=\"background-color: #0b1120; color: white; padding: 2rem; font-family: 'Segoe UI', sans-serif;\">\n<h2 style=\"color: #fbc531; border-bottom: 2px solid #fbc531; padding-bottom: 0.5rem;\">Kat\u0131l\u0131m \u00dccreti ve \u00d6deme Bilgileri<\/h2>\n<p><strong>Kay\u0131t \u00dccretini Yat\u0131rmak i\u00e7in Son G\u00fcn:<\/strong> 22.09.2025<\/p>\n<table style=\"width: 100%; border-collapse: collapse; background-color: #1e293b; margin-top: 1rem;\">\n<thead>\n<tr style=\"background-color: #334155; color: #f8fafc;\">\n<th style=\"padding: 0.75rem; text-align: left;\">Kat\u0131l\u0131mc\u0131 T\u00fcr\u00fc<\/th>\n<th style=\"padding: 0.75rem; text-align: left;\">\u00dccret<\/th>\n<\/tr>\n<\/thead>\n<tbody>\n<tr>\n<td style=\"padding: 0.75rem;\">Bildiri Sunan Akademisyen<\/td>\n<td style=\"padding: 0.75rem;\">2000 TL<\/td>\n<\/tr>\n<tr style=\"background-color: #2d3748;\">\n<td style=\"padding: 0.75rem;\">Bildiri Sunan Lisans\u00fcst\u00fc \u00d6\u011frenci\/\u00d6\u011fretmen<\/td>\n<td style=\"padding: 0.75rem;\">1500 TL<\/td>\n<\/tr>\n<tr>\n<td style=\"padding: 0.75rem;\">Dinleyici<\/td>\n<td style=\"padding: 0.75rem;\">750 TL (G\u00fcnl\u00fck kat\u0131l\u0131m)<\/td>\n<\/tr>\n<tr style=\"background-color: #2d3748;\">\n<td style=\"padding: 0.75rem;\">Sergi<\/td>\n<td style=\"padding: 0.75rem;\">750 TL<\/td>\n<\/tr>\n  <tr>\n<td style=\"padding: 0.75rem;\">Gala Yeme\u011fi<\/td>\n<td style=\"padding: 0.75rem;\">1250 TL<\/td>\n<\/tr>\n<\/tbody>\n<\/table>\n<ul style=\"margin-top: 1.5rem; line-height: 1.7;\">\n<li>Yukar\u0131da belirtilen fiyatlara KDV dahil edilmi\u015ftir.<\/li>\n<li>Bildiri ile kat\u0131l\u0131mda DE\u00dc akademik personeli ve \u00f6\u011frencilerine %10 indirim uygulanacakt\u0131r.<\/li>\n<li>Lisans \u00f6\u011frencilerinden dinleyici \u00fccreti al\u0131nmayacakt\u0131r ancak dinleyici kat\u0131l\u0131m belgesi verilmeyecektir.<\/li>\n<li>Sadece sergi ile kat\u0131l\u0131m \u00fccretine \u00f6\u011fle yeme\u011fi ve ikramlar dahil de\u011fildir.<\/li>\n<li>Dinleyiciler \u00fccreti sempozyumda da \u00f6deyebilirler. Dinleyici olarak kay\u0131t yapt\u0131ranlar i\u00e7in yaka kart\u0131 ve elektronik kat\u0131l\u0131m belgesi d\u00fczenlenecektir.<\/li>\n<li>Kabul edilen bir bildirinin Sempozyum program\u0131na dahil edilebilmesi i\u00e7in en az bir yazar\u0131n kay\u0131t \u00fccreti yat\u0131rmas\u0131 gerekmektedir. Ortak yazarl\u0131 bildiriler i\u00e7in kat\u0131l\u0131m belgesi almak isteyen veya sempozyuma bizzat kat\u0131lacak her bir yazar\u0131n kat\u0131l\u0131m \u00fccreti yat\u0131rmas\u0131 gerekmektedir. Bir kat\u0131l\u0131m \u00fccreti ile ayn\u0131 yazara ait en fazla iki \u00e7al\u0131\u015fma sunulabilir. Ayn\u0131 yazara ait ikiden fazla \u00e7al\u0131\u015fma olmas\u0131 durumunda kat\u0131l\u0131m \u00fccretine ek olarak her bir \u00e7al\u0131\u015fma i\u00e7in 500 TL \u00f6denmesi gerekmektedir.<\/li>\n<li>Yat\u0131r\u0131lan kat\u0131l\u0131m \u00fccretlerinin iadesi yap\u0131lmayacakt\u0131r.<\/li>\n<li>Kat\u0131l\u0131m \u00fccretini yat\u0131r\u0131p kay\u0131t olan ve sunumlar\u0131n\u0131 ger\u00e7ekle\u015ftiren ki\u015filere \u201cKat\u0131l\u0131m Belgesi&#8221; verilecektir.<\/li>\n<\/ul>\n<h3 style=\"color: #fbc531; margin-top: 2rem;\">Kat\u0131l\u0131m \u00fccretine dahil olan hizmetler<\/h3>\n<ul style=\"line-height: 1.7;\">\n<li>Bildiri sunum oturumlar\u0131na, panel, \u00e7al\u0131\u015ftay ve \u00e7a\u011fr\u0131l\u0131 konu\u015fmac\u0131 oturumlar\u0131na kat\u0131l\u0131m<\/li>\n<li>Elektronik kat\u0131l\u0131m belgesi<\/li>\n<li>9-10 Ekim 2025 tarihlerinde \u00f6\u011fle yeme\u011fi, \u00e7ay, kahve ve ikramlar<\/li>\n<\/ul>\n<h3 style=\"color: #fbc531; margin-top: 2rem;\">Banka Bilgileri<\/h3>\n<p>Kat\u0131l\u0131m \u00fccretlerinin a\u015fa\u011f\u0131da bilgileri verilen hesaba yat\u0131r\u0131lmas\u0131 ve dekontunun kay\u0131t formuna y\u00fcklenmesi gerekmektedir:<\/p>\n<p><strong>Banka Ad\u0131:<\/strong> Ziraat Bankas\u0131<br \/><strong>\u015eube Ad\u0131:<\/strong> 9 Eyl\u00fcl \u015eubesi<br \/><strong>Hesap Ad\u0131:<\/strong> Dokuz Eyl\u00fcl \u00dcniversitesi D\u00f6ner Sermaye \u0130\u015fletmesi Buca E\u011fitim Fak\u00fcltesi Birimi<br \/><strong>IBAN:<\/strong> TR 6000 0100 1506 0679 9887 5047<\/p>\n<h3 style=\"color: #fbc531; margin-top: 2rem;\">\u00d6deme Talimatlar\u0131<\/h3>\n<p>\u00d6deme i\u015flemlerinde kar\u0131\u015f\u0131kl\u0131k olmamas\u0131 i\u00e7in;<\/p>\n<ul style=\"line-height: 1.7;\">\n<li>Her kat\u0131l\u0131mc\u0131n\u0131n kendi hesab\u0131ndan kat\u0131l\u0131m \u00fccretini \u00f6demesi,<\/li>\n<li>Kat\u0131l\u0131m \u00fccretinin (toplu olarak de\u011fil) tek bir ki\u015fi i\u00e7in ger\u00e7ekle\u015ftirilmesi,<\/li>\n<li>\u0130\u015flemin \u201cA\u00e7\u0131klama\u201d k\u0131sm\u0131na sunum yapacak ki\u015finin bilgilerinin yaz\u0131lmas\u0131 gerekmektedir:\n<ul>\n<li><strong>Bildiri kat\u0131l\u0131mc\u0131s\u0131:<\/strong> [Ad Soyad]_Bildiri_UBEST2025<\/li>\n<li><strong>Performans\/Sergi kat\u0131l\u0131mc\u0131s\u0131:<\/strong> [Ad Soyad]_Performans\/Sergi_UBEST2025<\/li>\n<li><strong>Dinleyici:<\/strong> [Ad Soyad]_Dinleyici_UBEST2025<\/li>\n  <li> <strong>Gala Yeme\u011fi Dekont Bilgisi:<\/strong>  [Ad Soyad]_Gala_UBEST2025<\/li>\n<\/ul>\n<\/li>\n<\/ul>\n<section>\n<p style=\"font-size: 17px; font-weight: 500; margin-bottom: 1rem; color: yellow;\">Sempozyum kay\u0131t \u00fccreti dekontlar\u0131 ilgili kay\u0131t formlar\u0131na a\u015fa\u011f\u0131daki \u015fekilde y\u00fcklenecektir:<\/p>\n<ul style=\"list-style: none; padding-left: 1rem; font-size: 16px; line-height: 1.7;\">\n<li style=\"margin-bottom: 8px;\"><strong>Bildiri ile kat\u0131l\u0131m i\u00e7in dekontlar:<\/strong> <em>Bildiri G\u00f6nderimi &amp; Kay\u0131t<\/em> sekmesine<\/li>\n<li style=\"margin-bottom: 8px;\"><strong>Sergi\/Performans ile kat\u0131l\u0131m i\u00e7in dekontlar:<\/strong> <em>Sergi\/Performans Ba\u015fvurusu ve Kay\u0131t<\/em> sekmesine<\/li>\n<li><strong>Dinleyici olarak kat\u0131l\u0131m i\u00e7in dekontlar:<\/strong> <em>Dinleyici Kayd\u0131<\/em> sekmesine<\/li>\n<\/ul>\n<\/section>\n<\/section>\n","protected":false},"excerpt":{"rendered":"<p>Kat\u0131l\u0131m \u00dccreti ve \u00d6deme Bilgileri Kay\u0131t \u00dccretini Yat\u0131rmak i\u00e7in Son G\u00fcn: 22.09.2025 Kat\u0131l\u0131mc\u0131 T\u00fcr\u00fc \u00dccret Bildiri Sunan Akademisyen 2000 TL Bildiri Sunan Lisans\u00fcst\u00fc \u00d6\u011frenci\/\u00d6\u011fretmen 1500 TL Dinleyici 750 TL (G\u00fcnl\u00fck kat\u0131l\u0131m) Sergi 750 TL Gala Yeme\u011fi 1250 TL Yukar\u0131da belirtilen fiyatlara KDV dahil edilmi\u015ftir. Bildiri ile kat\u0131l\u0131mda DE\u00dc akademik personeli ve \u00f6\u011frencilerine %10 indirim uygulanacakt\u0131r. [&hellip;]<\/p>\n","protected":false},"author":1,"featured_media":0,"parent":0,"menu_order":0,"comment_status":"closed","ping_status":"closed","template":"","meta":{"footnotes":""},"_links":{"self":[{"href":"https:\/\/deubefevents.com\/ubest2025\/wp-json\/wp\/v2\/pages\/495"}],"collection":[{"href":"https:\/\/deubefevents.com\/ubest2025\/wp-json\/wp\/v2\/pages"}],"about":[{"href":"https:\/\/deubefevents.com\/ubest2025\/wp-json\/wp\/v2\/types\/page"}],"author":[{"embeddable":true,"href":"https:\/\/deubefevents.com\/ubest2025\/wp-json\/wp\/v2\/users\/1"}],"replies":[{"embeddable":true,"href":"https:\/\/deubefevents.com\/ubest2025\/wp-json\/wp\/v2\/comments?post=495"}],"version-history":[{"count":38,"href":"https:\/\/deubefevents.com\/ubest2025\/wp-json\/wp\/v2\/pages\/495\/revisions"}],"predecessor-version":[{"id":1055,"href":"https:\/\/deubefevents.com\/ubest2025\/wp-json\/wp\/v2\/pages\/495\/revisions\/1055"}],"wp:attachment":[{"href":"https:\/\/deubefevents.com\/ubest2025\/wp-json\/wp\/v2\/media?parent=495"}],"curies":[{"name":"wp","href":"https:\/\/api.w.org\/{rel}","templated":true}]}}