{"id":688,"date":"2025-07-24T12:18:35","date_gmt":"2025-07-24T12:18:35","guid":{"rendered":"https:\/\/deubefevents.com\/ubest2025\/?page_id=688"},"modified":"2025-08-08T12:12:14","modified_gmt":"2025-08-08T12:12:14","slug":"sergi-performans-basvuru-formu-2","status":"publish","type":"page","link":"https:\/\/deubefevents.com\/ubest2025\/sergi-performans-basvuru-formu-2\/","title":{"rendered":"Sergi\/Performans Ba\u015fvurusu &#038; Kay\u0131t"},"content":{"rendered":"\n<section style=\"background-color: #0b1120; color: white; padding: 2rem; border-radius: 12px; font-family: 'Segoe UI', sans-serif;\">\n  <h2 style=\"color: #fbc531; border-bottom: 2px solid #fbc531; padding-bottom: 0.5rem;\">Sergi\/Performans Ba\u015fvurusu &#038; Kay\u0131t<\/h2>\n  \n  <ul style=\"margin-top: 1.5rem; line-height: 1.8;\">\n    <li>\n      <a href=\"https:\/\/deubefevents.com\/ubest2025\/wp-content\/uploads\/2025\/08\/Sergi-performans-basvuru-formu_TR1.doc\" target=\"_blank\" style=\"color: #00d8ff;\" rel=\"noopener\">\n        Sergi\/Performans Ba\u015fvuru Formu\n      <\/a>\n    <\/li>\n  <\/ul>\n\n  <hr style=\"margin: 2rem 0; border-top: 1px solid #888;\">\n\n  <div style=\"font-size: 15px; margin-top: 1.5rem;\">\n    <p>Profesyonel sanat\u00e7\u0131lar ya da \u00fcniversite d\u00fczeyindeki sanat \u00f6\u011frencileri i\u00e7in <strong>Uluslararas\u0131 Bilim, Sanat, E\u011fitim ve Teknoloji Sempozyumu<\/strong> kapsam\u0131nda d\u00fczenlenecek y\u00fczy\u00fcze sergi t\u00fcm sanat disiplinlerinin kat\u0131l\u0131m\u0131na a\u00e7\u0131kt\u0131r.<\/p>\n\n    <p><strong>Eser G\u00f6nderim Bilgileri<\/strong><\/p>\n    <ul style=\"padding-left: 20px; line-height: 1.8;\">\n      <li>Her sanat\u00e7\u0131 daha \u00f6nce sergilenmemi\u015f ve \u00f6d\u00fcl almam\u0131\u015f <strong>en fazla 2 eserle<\/strong> ba\u015fvuru yapabilir.<\/li>\n      <li>Her t\u00fcrl\u00fc \u00f6l\u00e7\u00fc, teknik ve malzemeyi kullanmak serbesttir.<\/li>\n      <li>Ba\u015fvurular internet \u00fczerinden yap\u0131lacak olup sergi kat\u0131l\u0131m formu ve eser g\u00f6rselleri ile birlikte <strong>ubest@deu.edu.tr<\/strong> adresine g\u00f6nderilmelidir.<\/li>\n      <li>Eserin g\u00f6rseli 300 DPI \u00e7\u00f6z\u00fcn\u00fcrl\u00fckte JPEG format\u0131nda ve en az (2200&#215;1700) piksel olmal\u0131d\u0131r.<\/li>\n      <li>Eser g\u00f6rsel adland\u0131rmalar\u0131, <em>Sanat\u00e7\u0131 Soyisim, \u0130sim Eser Say\u0131s\u0131<\/em> \u015feklinde olmal\u0131d\u0131r (\u00f6rnek: <code>Soyisim.isim,1<\/code> ve <code>Soyisim.isim,2<\/code>).<\/li>\n      <li>Ba\u015fvuru belgesinin ad\u0131 da <em>Sanat\u00e7\u0131 soyisim, \u0130sim<\/em> \u015feklinde olmal\u0131d\u0131r.<\/li>\n      <li>Sergi ba\u015fvurunuzu se\u00e7ici kurula en son bildiri \u00f6zeti g\u00f6nderme tarihine kadar g\u00f6nderebilirsiniz.<\/li>\n      <li>Y\u00fczy\u00fcze sergide sanat\u00e7\u0131, sergi s\u00fcresince eserinden sorumlu olacakt\u0131r.<\/li>\n      <li>Sergi \u00f6ncesi ve sonras\u0131 olu\u015fabilecek hasar, \u00e7al\u0131nma veya kaybolma durumlar\u0131nda sorumluluk kabul edilmemektedir.<\/li>\n      <li>Kargo ile g\u00f6nderilen veya iade edilen eserlerin kargoda zarar g\u00f6rmesinden sorumluluk kabul edilmemektedir.<\/li>\n      <li>Kat\u0131l\u0131mc\u0131lara kat\u0131l\u0131m sertifikas\u0131 g\u00f6nderilecek ve eser g\u00f6rselleri yay\u0131nlanacak katalogda yer alacakt\u0131r.<\/li>\n    <\/ul>\n  <\/div>\n\n  <div style=\"text-align: center; margin-top: 30px;\">\n    <a href=\"https:\/\/docs.google.com\/forms\/d\/e\/1FAIpQLSf5cYMX7Vrkvhv4zM8TZUd3nFmeTfpIq3PUe2gx6R6nyuEKRw\/viewform?usp=dialog\" target=\"_blank\" style=\"background-color: #fbc531; color: #0b1120; padding: 12px 24px; text-decoration: none; border-radius: 6px; font-weight: bold;\" rel=\"noopener\">\n      Sergi\/Performans Kat\u0131l\u0131m\u0131 \u0130\u00e7in Dekont Y\u00fckle\n    <\/a>\n  <\/div>\n<\/section>\n","protected":false},"excerpt":{"rendered":"<p>Sergi\/Performans Ba\u015fvurusu &#038; Kay\u0131t Sergi\/Performans Ba\u015fvuru Formu Profesyonel sanat\u00e7\u0131lar ya da \u00fcniversite d\u00fczeyindeki sanat \u00f6\u011frencileri i\u00e7in Uluslararas\u0131 Bilim, Sanat, E\u011fitim ve Teknoloji Sempozyumu kapsam\u0131nda d\u00fczenlenecek y\u00fczy\u00fcze sergi t\u00fcm sanat disiplinlerinin kat\u0131l\u0131m\u0131na a\u00e7\u0131kt\u0131r. Eser G\u00f6nderim Bilgileri Her sanat\u00e7\u0131 daha \u00f6nce sergilenmemi\u015f ve \u00f6d\u00fcl almam\u0131\u015f en fazla 2 eserle ba\u015fvuru yapabilir. Her t\u00fcrl\u00fc \u00f6l\u00e7\u00fc, teknik ve malzemeyi [&hellip;]<\/p>\n","protected":false},"author":1,"featured_media":0,"parent":0,"menu_order":0,"comment_status":"closed","ping_status":"closed","template":"","meta":{"footnotes":""},"_links":{"self":[{"href":"https:\/\/deubefevents.com\/ubest2025\/wp-json\/wp\/v2\/pages\/688"}],"collection":[{"href":"https:\/\/deubefevents.com\/ubest2025\/wp-json\/wp\/v2\/pages"}],"about":[{"href":"https:\/\/deubefevents.com\/ubest2025\/wp-json\/wp\/v2\/types\/page"}],"author":[{"embeddable":true,"href":"https:\/\/deubefevents.com\/ubest2025\/wp-json\/wp\/v2\/users\/1"}],"replies":[{"embeddable":true,"href":"https:\/\/deubefevents.com\/ubest2025\/wp-json\/wp\/v2\/comments?post=688"}],"version-history":[{"count":18,"href":"https:\/\/deubefevents.com\/ubest2025\/wp-json\/wp\/v2\/pages\/688\/revisions"}],"predecessor-version":[{"id":1029,"href":"https:\/\/deubefevents.com\/ubest2025\/wp-json\/wp\/v2\/pages\/688\/revisions\/1029"}],"wp:attachment":[{"href":"https:\/\/deubefevents.com\/ubest2025\/wp-json\/wp\/v2\/media?parent=688"}],"curies":[{"name":"wp","href":"https:\/\/api.w.org\/{rel}","templated":true}]}}