{"id":911,"date":"2025-08-07T07:34:37","date_gmt":"2025-08-07T07:34:37","guid":{"rendered":"https:\/\/deubefevents.com\/ubest2025\/?page_id=911"},"modified":"2025-09-23T07:11:07","modified_gmt":"2025-09-23T07:11:07","slug":"duyurular","status":"publish","type":"page","link":"https:\/\/deubefevents.com\/ubest2025\/duyurular\/","title":{"rendered":"Duyurular"},"content":{"rendered":"\n<div style=\"background-color: #f9f9f9; border-left: 6px solid #2d57c6; padding: 20px; border-radius: 8px; font-family: 'Segoe UI', sans-serif; line-height: 1.6; font-size: 17px; color: #333; margin-bottom: 20px;\">\n  <p>\n    Bilim kurulu taraf\u0131ndan de\u011ferlendirme s\u00fcrecine uygun g\u00f6r\u00fclen ve hakem de\u011ferlendirme s\u00fcrecini tamamlayan \u00e7al\u0131\u015fmalar, a\u015fa\u011f\u0131daki dergilerde yay\u0131mlanabilecektir:\n  <\/p>\n  <ul style=\"margin-top: 15px; margin-bottom: 15px;\">\n    <li><strong>Dokuz Eyl\u00fcl \u00dcniversitesi Buca E\u011fitim Fak\u00fcltesi Dergisi<\/strong><\/li>\n    <li><strong>Contemporary English Language Studies<\/strong><\/li>\n    <li><strong>Fen, Matematik ve Bilgisayar E\u011fitiminde Yenilikler Dergisi<\/strong><\/li>\n  <\/ul>\n<\/div>\n\n<div style=\"background-color: #f9f9f9; border-left: 6px solid #2d57c6; padding: 20px; border-radius: 8px; font-family: 'Segoe UI', sans-serif; line-height: 1.6; font-size: 17px; color: #333; margin-bottom: 20px;\">\n  <p>\n    <strong>MEB \u2013 Bilimsel Toplant\u0131lara Kat\u0131l\u0131m Ba\u015fvurusu<\/strong><br>\n    Milli E\u011fitim Bakanl\u0131\u011f\u0131\u2019na ba\u011fl\u0131 okullarda g\u00f6rev yapan \u00f6\u011fretmenler i\u00e7in bilimsel toplant\u0131lara kat\u0131l\u0131m ba\u015fvurusu:\n  <\/p>\n  <p>\n    Ba\u015fvuru linki: \n    <a href=\"https:\/\/bilimseltoplantikatilim.meb.gov.tr\" target=\"_blank\" style=\"color:#2d57c6; font-weight:bold;\" rel=\"noopener\">\n      https:\/\/bilimseltoplantikatilim.meb.gov.tr\n    <\/a>\n  <\/p>\n<\/div>\n\n","protected":false},"excerpt":{"rendered":"<p>Bilim kurulu taraf\u0131ndan de\u011ferlendirme s\u00fcrecine uygun g\u00f6r\u00fclen ve hakem de\u011ferlendirme s\u00fcrecini tamamlayan \u00e7al\u0131\u015fmalar, a\u015fa\u011f\u0131daki dergilerde yay\u0131mlanabilecektir: Dokuz Eyl\u00fcl \u00dcniversitesi Buca E\u011fitim Fak\u00fcltesi Dergisi Contemporary English Language Studies Fen, Matematik ve Bilgisayar E\u011fitiminde Yenilikler Dergisi MEB \u2013 Bilimsel Toplant\u0131lara Kat\u0131l\u0131m Ba\u015fvurusu Milli E\u011fitim Bakanl\u0131\u011f\u0131\u2019na ba\u011fl\u0131 okullarda g\u00f6rev yapan \u00f6\u011fretmenler i\u00e7in bilimsel toplant\u0131lara kat\u0131l\u0131m ba\u015fvurusu: Ba\u015fvuru linki: [&hellip;]<\/p>\n","protected":false},"author":1,"featured_media":0,"parent":0,"menu_order":0,"comment_status":"closed","ping_status":"closed","template":"","meta":{"footnotes":""},"_links":{"self":[{"href":"https:\/\/deubefevents.com\/ubest2025\/wp-json\/wp\/v2\/pages\/911"}],"collection":[{"href":"https:\/\/deubefevents.com\/ubest2025\/wp-json\/wp\/v2\/pages"}],"about":[{"href":"https:\/\/deubefevents.com\/ubest2025\/wp-json\/wp\/v2\/types\/page"}],"author":[{"embeddable":true,"href":"https:\/\/deubefevents.com\/ubest2025\/wp-json\/wp\/v2\/users\/1"}],"replies":[{"embeddable":true,"href":"https:\/\/deubefevents.com\/ubest2025\/wp-json\/wp\/v2\/comments?post=911"}],"version-history":[{"count":4,"href":"https:\/\/deubefevents.com\/ubest2025\/wp-json\/wp\/v2\/pages\/911\/revisions"}],"predecessor-version":[{"id":1101,"href":"https:\/\/deubefevents.com\/ubest2025\/wp-json\/wp\/v2\/pages\/911\/revisions\/1101"}],"wp:attachment":[{"href":"https:\/\/deubefevents.com\/ubest2025\/wp-json\/wp\/v2\/media?parent=911"}],"curies":[{"name":"wp","href":"https:\/\/api.w.org\/{rel}","templated":true}]}}