{"id":915,"date":"2025-08-07T07:46:29","date_gmt":"2025-08-07T07:46:29","guid":{"rendered":"https:\/\/deubefevents.com\/ubest2025\/?page_id=915"},"modified":"2025-09-23T07:04:41","modified_gmt":"2025-09-23T07:04:41","slug":"calistaylar","status":"publish","type":"page","link":"https:\/\/deubefevents.com\/ubest2025\/calistaylar\/","title":{"rendered":"\u00c7al\u0131\u015ftaylar"},"content":{"rendered":"\n<section style=\"background-color: #1b2233; color: #f0f0f0; padding: 40px 20px; font-family: 'Segoe UI', sans-serif;\">\n  <div style=\"max-width: 1100px; margin: auto;\">\n\n    <h2 style=\"color: #f0c75e; font-size: 32px; border-bottom: 2px solid #f0c75e; padding-bottom: 10px; margin-bottom: 30px;\">\n      \u00c7al\u0131\u015ftaylar\n    <\/h2>\n\n    <p style=\"font-size: 18px; line-height: 1.6;\">\n      \u25cf \u00c7al\u0131\u015ftay \u00f6nerilerinizi \n      <a href=\"mailto:aybuke.pabuccuakis@deu.edu.tr\" style=\"color: #f0c75e;\">aybuke.pabuccuakis@deu.edu.tr<\/a>\n      adresinden <strong>Prof. Dr. Ayb\u00fcke Pabu\u00e7cu Ak\u0131\u015f<\/strong>&#8216;a iletebilirsiniz. Kabul edilen \u00e7al\u0131\u015ftaylar\u0131n yazarlar\u0131yla do\u011frudan ileti\u015fime ge\u00e7ilecektir.\n    <\/p>\n\n    <p style=\"font-size: 18px; line-height: 1.6;\">\n      \u25cf <strong>\u00c7al\u0131\u015ftay \u00d6neri Formu:<\/strong>\n      <a href=\"https:\/\/deubefevents.com\/ubest2025\/wp-content\/uploads\/2025\/08\/Calistay-Oneri-Formu.doc\" target=\"_blank\" rel=\"noopener\" style=\"color: #f0c75e;\">\n        Word dok\u00fcman\u0131n\u0131 indir\n      <\/a>\n    <\/p>\n\n    <!-- G\u00f6rseller Yan Yana -->\n    <div style=\"display: flex; gap: 15px; justify-content: center; flex-wrap: wrap; margin-top: 30px;\">\n      <img decoding=\"async\" src=\"https:\/\/deubefevents.com\/ubest2025\/wp-content\/uploads\/2025\/09\/workshop3.jpeg\" \n           alt=\"\u00c7al\u0131\u015ftay G\u00f6rsel 1\" \n           style=\"width: 32%; border-radius: 8px; box-shadow: 0 0 10px rgba(0,0,0,0.4);\">\n      <img decoding=\"async\" src=\"https:\/\/deubefevents.com\/ubest2025\/wp-content\/uploads\/2025\/09\/workshop2.jpeg\" \n           alt=\"\u00c7al\u0131\u015ftay G\u00f6rsel 2\" \n           style=\"width: 32%; border-radius: 8px; box-shadow: 0 0 10px rgba(0,0,0,0.4);\">\n      <img decoding=\"async\" src=\"https:\/\/deubefevents.com\/ubest2025\/wp-content\/uploads\/2025\/09\/workshop1.jpeg\" \n           alt=\"\u00c7al\u0131\u015ftay G\u00f6rsel 3\" \n           style=\"width: 32%; border-radius: 8px; box-shadow: 0 0 10px rgba(0,0,0,0.4);\">\n      <img decoding=\"async\" src=\"https:\/\/deubefevents.com\/ubest2025\/wp-content\/uploads\/2025\/09\/cal1.jpg\" \n           alt=\"\u00c7al\u0131\u015ftay G\u00f6rsel 4\" \n           style=\"width: 32%; border-radius: 8px; box-shadow: 0 0 10px rgba(0,0,0,0.4);\">\n      <img decoding=\"async\" src=\"https:\/\/deubefevents.com\/ubest2025\/wp-content\/uploads\/2025\/09\/cal4.jpg\" \n           alt=\"\u00c7al\u0131\u015ftay G\u00f6rsel 5\" \n           style=\"width: 32%; border-radius: 8px; box-shadow: 0 0 10px rgba(0,0,0,0.4);\">\n      <img decoding=\"async\" src=\"https:\/\/deubefevents.com\/ubest2025\/wp-content\/uploads\/2025\/09\/cal3.jpg\" \n           alt=\"\u00c7al\u0131\u015ftay G\u00f6rsel 6\" \n           style=\"width: 32%; border-radius: 8px; box-shadow: 0 0 10px rgba(0,0,0,0.4);\">\n      <img decoding=\"async\" src=\"https:\/\/deubefevents.com\/ubest2025\/wp-content\/uploads\/2025\/09\/cal2.jpg\" \n           alt=\"\u00c7al\u0131\u015ftay G\u00f6rsel 7\" \n           style=\"width: 32%; border-radius: 8px; box-shadow: 0 0 10px rgba(0,0,0,0.4);\">\n      <img decoding=\"async\" src=\"https:\/\/deubefevents.com\/ubest2025\/wp-content\/uploads\/2025\/09\/cal5.jpg\" \n           alt=\"\u00c7al\u0131\u015ftay G\u00f6rsel 8\" \n           style=\"width: 32%; border-radius: 8px; box-shadow: 0 0 10px rgba(0,0,0,0.4);\">\n    <\/div>\n\n  <\/div>\n<\/section>\n","protected":false},"excerpt":{"rendered":"<p>\u00c7al\u0131\u015ftaylar \u25cf \u00c7al\u0131\u015ftay \u00f6nerilerinizi aybuke.pabuccuakis@deu.edu.tr adresinden Prof. Dr. Ayb\u00fcke Pabu\u00e7cu Ak\u0131\u015f&#8216;a iletebilirsiniz. Kabul edilen \u00e7al\u0131\u015ftaylar\u0131n yazarlar\u0131yla do\u011frudan ileti\u015fime ge\u00e7ilecektir. \u25cf \u00c7al\u0131\u015ftay \u00d6neri Formu: Word dok\u00fcman\u0131n\u0131 indir<\/p>\n","protected":false},"author":1,"featured_media":0,"parent":0,"menu_order":0,"comment_status":"closed","ping_status":"closed","template":"","meta":{"footnotes":""},"_links":{"self":[{"href":"https:\/\/deubefevents.com\/ubest2025\/wp-json\/wp\/v2\/pages\/915"}],"collection":[{"href":"https:\/\/deubefevents.com\/ubest2025\/wp-json\/wp\/v2\/pages"}],"about":[{"href":"https:\/\/deubefevents.com\/ubest2025\/wp-json\/wp\/v2\/types\/page"}],"author":[{"embeddable":true,"href":"https:\/\/deubefevents.com\/ubest2025\/wp-json\/wp\/v2\/users\/1"}],"replies":[{"embeddable":true,"href":"https:\/\/deubefevents.com\/ubest2025\/wp-json\/wp\/v2\/comments?post=915"}],"version-history":[{"count":16,"href":"https:\/\/deubefevents.com\/ubest2025\/wp-json\/wp\/v2\/pages\/915\/revisions"}],"predecessor-version":[{"id":1099,"href":"https:\/\/deubefevents.com\/ubest2025\/wp-json\/wp\/v2\/pages\/915\/revisions\/1099"}],"wp:attachment":[{"href":"https:\/\/deubefevents.com\/ubest2025\/wp-json\/wp\/v2\/media?parent=915"}],"curies":[{"name":"wp","href":"https:\/\/api.w.org\/{rel}","templated":true}]}}