{"id":490,"date":"2025-07-06T19:41:54","date_gmt":"2025-07-06T19:41:54","guid":{"rendered":"https:\/\/deubefevents.com\/ubest2025_en\/?page_id=490"},"modified":"2025-09-20T17:40:06","modified_gmt":"2025-09-20T17:40:06","slug":"kurullar-2","status":"publish","type":"page","link":"https:\/\/deubefevents.com\/ubest2025_en\/kurullar-2\/","title":{"rendered":"Committees"},"content":{"rendered":"\n<section style=\"background-color: #f5f6fa; color: #2f3640; padding: 2rem; border-radius: 12px; max-width: 1000px; margin: auto; font-family: 'Segoe UI', sans-serif;\">\n  \n  <h2 style=\"color: #192a56; border-bottom: 2px solid #192a56; padding-bottom: 0.5rem; text-align: center;\">\n    COMMITTEES\n  <\/h2>\n\n  <div style=\"margin-top: 2rem;\">\n    <h3 style=\"color: #192a56; font-size: 20px;\">Honor Board<\/h3>\n       <div style=\"background-color: #1e293b; color: white; padding: 20px; border-radius: 12px; margin-bottom: 2rem;\">\n    <ul style=\"list-style-type: disc; padding-left: 20px;\">\n      <li>Prof. Bayram YILMAZ (Honorary Chair) \u2013 DEU Rector<\/li>\n      <li>Prof. Dil\u015fen \u0130NCE ERDO\u011eAN \u2013 DEU Vice Rector<\/li>\n      <li>Prof. D\u00fcndar YENER \u2013 DEU Deputy Gen. Secretary<\/li>\n    <\/ul>\n    <\/div>\n  <\/div>\n\n  <div style=\"margin-top: 1.5rem;\">\n    <h3 style=\"color: #192a56; font-size: 20px;\">Chair of the Organizing Committee<\/h3>\n       <div style=\"background-color: #1e293b; color: white; padding: 20px; border-radius: 12px; margin-bottom: 2rem;\">\n    <ul style=\"list-style-type: disc; padding-left: 20px;\">\n      <li>Prof. Sibel YE\u015e\u0130LDERE \u0130MRE \u2013 DEU Buca Faculty of Education Dean<\/li>\n    <\/ul>\n    <\/div>\n  <\/div>\n\n  <div style=\"margin-top: 1.5rem;\">\n    <h3 style=\"color: #192a56; font-size: 20px;\">Organizing Committee<\/h3>\n       <div style=\"background-color: #1e293b; color: white; padding: 20px; border-radius: 12px; margin-bottom: 2rem;\">\n    <ul style=\"list-style-type: disc; padding-left: 20px;\">\n      <li>Prof. Asl\u0131 UZ BA\u015e, Dokuz Eyl\u00fcl University<\/li>\n      <li>Prof. Ayb\u00fcke PABU\u00c7CUO\u011eLU AKI\u015e, Dokuz Eyl\u00fcl University<\/li>\n      <li>Prof. Bahar BARAN, Dokuz Eyl\u00fcl University<\/li>\n      <li>Prof. Cansu \u00c7ELEB\u0130 EROL, Dokuz Eyl\u00fcl University<\/li>\n      <li>Prof. G\u00fcl \u00dcNAL \u00c7OBAN, Dokuz Eyl\u00fcl University<\/li>\n      <li>Prof. Hale SUCUO\u011eLU, Dokuz Eyl\u00fcl University<\/li>\n<li>Prof. Hatice AKKO\u00c7, Marmara University<\/li>\n      <li>Prof. \u0130rem \u00c7OMO\u011eLU, Dokuz Eyl\u00fcl University<\/li>\n      <li>Prof. M\u00fcmtaz Hakan SAKAR, Dokuz Eyl\u00fcl University<\/li>\n      <li>Prof. Se\u00e7kin AYDIN, Dokuz Eyl\u00fcl University<\/li>\n      <li>Assoc. Prof. Ahmet Murat ELLEZ, Dokuz Eyl\u00fcl University<\/li>\n      <li>Assoc. Prof. Ayten ERDURAN, Dokuz Eyl\u00fcl University<\/li>\n      <li>Assoc. Prof. Burak KARABEY, Dokuz Eyl\u00fcl University<\/li>\n      <li>Assoc. Prof. Ebru EREN, Dokuz Eyl\u00fcl University<\/li>\n<li>Assoc. Prof. Erol ESEN, Cel\u00e2l Bayar University<\/li>\n      <li>Assoc. Prof. G\u00fczin \u00d6ZYILMAZ, Dokuz Eyl\u00fcl University<\/li>\n      <li>Assoc. Prof. Nil\u00fcfer ATMAN USLU, Dokuz Eyl\u00fcl University<\/li>\n      <li>Assoc. Prof. Sait \u00c7\u00dcM, Dokuz Eyl\u00fcl University<\/li>\n      <li>Assoc. Prof. Ya\u011fmur SOYLU, Dokuz Eyl\u00fcl University<\/li>\n      <li>Asst. Prof. Mustafa \u00d6ZBA\u015e, Dokuz Eyl\u00fcl University<\/li>\n      <li>Asst. Prof. S\u0131la BALIM, Dokuz Eyl\u00fcl University<\/li>\n      <li>Asst. Prof. Yasemin KAHYAO\u011eLU ERDO\u011eMU\u015e, Dokuz Eyl\u00fcl University<\/li>\n      <li>Asst. Prof. Zekiye \u00d6ZG\u00dcR, Dokuz Eyl\u00fcl University<\/li>\n    <\/ul>\n    <\/div\n  <\/div>\n\n  <div style=\"margin-top: 1.5rem;\">\n    <h3 style=\"color: #192a56; font-size: 20px;\">Scientific Committee<\/h3>\n    <div style=\"background-color: #1e293b; color: white; padding: 20px; border-radius: 12px; margin-bottom: 2rem;\">\n  <ul style=\"list-style-type: disc; padding-left: 20px; line-height: 1.8;\">\n    <li>Prof. Adnan SEMENDERO\u011eLU, Dokuz Eyl\u00fcl University<\/li>\n    <li>Prof. Ali AKSU, Dokuz Eyl\u00fcl University<\/li>\n    <li>Prof. Ali Ekber G\u00dcLERSOY, Dokuz Eyl\u00fcl University<\/li>\n    <li>Prof. Ali G\u00fcnay BALIM, Dokuz Eyl\u00fcl University<\/li>\n    <li>Prof. Asl\u0131 AVCI AK\u00c7ALI, Dokuz Eyl\u00fcl University<\/li>\n    <li>Prof. Ayhan YILMAZ, Hacettepe University<\/li>\n    <li>Prof. Ay\u015fe Dolunay SARICA, Dokuz Eyl\u00fcl University<\/li>\n    <li>Prof. Bahar SO\u011eUKKUYU POYRAZ, Dokuz Eyl\u00fcl University<\/li>\n    <li>Prof. Banu \u00d6ZEV\u0130N, Dokuz Eyl\u00fcl University<\/li>\n    <li>Prof. Banu \u00c7ULHA \u00d6ZBA\u015e, Dokuz Eyl\u00fcl University<\/li>\n    <li>Prof. Berna CANT\u00dcRK G\u00dcNHAN, Dokuz Eyl\u00fcl University<\/li>\n    <li>Prof. B\u00fclent \u00c7AVA\u015e, Dokuz Eyl\u00fcl University<\/li>\n    <li>Prof. Caner KER\u0130MO\u011eLU, Dokuz Eyl\u00fcl University<\/li>\n    <li>Prof. Cenk KE\u015eAN, Dokuz Eyl\u00fcl University<\/li>\n    <li>Prof. David SZABO, Universit\u00e9 d\u2019ELTE, Hongrie<\/li>\n    <li>Prof. Didier TSALA-EFFA, Universit\u00e9 de Limoges, France<\/li>\n    <li>Prof. Di\u011fdem M\u00fcge S\u0130YEZ, Dokuz Eyl\u00fcl University<\/li>\n    <li>Prof. Do\u011fan DUMAN, Dokuz Eyl\u00fcl University<\/li>\n    <li>Prof. Duygu \u00d6ZT\u0130N PASSERAT, Dokuz Eyl\u00fcl University<\/li>\n    <li>Prof. E. Filiz Y\u0130\u011e\u0130T, Dokuz Eyl\u00fcl University<\/li>\n    <li>Prof. Elif T\u00dcRN\u00dcKL\u00dc, Dokuz Eyl\u00fcl University<\/li>\n    <li>Prof. Elvan \u015eAH\u0130N, Middle East Technical University<\/li>\n    <li>Prof. Ercan AKPINAR, Dokuz Eyl\u00fcl University<\/li>\n    <li>Prof. Ercan TOP, Bolu Abant \u0130zzet Baysal University<\/li>\n    <li>Prof. Ercan UYANIK, Dokuz Eyl\u00fcl University<\/li>\n    <li>Prof. Erdal ASLAN, Dokuz Eyl\u00fcl University<\/li>\n    <li>Prof. Esra BUKOVA G\u00dcZEL, Dokuz Eyl\u00fcl University<\/li>\n    <li>Prof. Fatma Ebru \u0130K\u0130Z, Dokuz Eyl\u00fcl University<\/li>\n    <li>Prof. Fatma Feryal \u00c7UBUK\u00c7U, Dokuz Eyl\u00fcl University<\/li>\n    <li>Prof. Fatma Selda \u00d6Z SOYSAL, Dokuz Eyl\u00fcl University<\/li>\n  <li>Prof. Gabriela Karin KONKOL, Akademy of Music in Gdansk, Poland<\/li>\n    <li>Prof. Gamze SEZG\u0130N SEL\u00c7UK, Dokuz Eyl\u00fcl University<\/li>\n    <li>Prof. Gr\u00e9gory MIRAS, Universit\u00e9 de Lorraine, France<\/li>\n    <li>Prof. G\u00fclten \u015eENDUR, Dokuz Eyl\u00fcl University<\/li>\n    <li>Prof. Hamid Reza SHAIRI, Universit\u00e9 de Tarbiat, Iran<\/li>\n    <li>Prof. Hasan \u00c7UKUR, Dokuz Eyl\u00fcl University<\/li>\n    <li>Prof. Hatice Zekavet KABASAKAL, Dokuz Eyl\u00fcl University<\/li>\n    <li>Prof. I\u015f\u0131khan U\u011eUREL, Dokuz Eyl\u00fcl University<\/li>\n    <li>Prof. \u0130brahim Se\u00e7kin AYDIN, Dokuz Eyl\u00fcl University<\/li>\n    <li>Prof. \u0130dris \u015eAH\u0130N, Dokuz Eyl\u00fcl University<\/li>\n    <li>Prof. \u0130lkay Ebru TUNCER G\u00dcLSEL\u0130, Dokuz Eyl\u00fcl University<\/li>\n    <li>Prof. \u0130lyas YAZAR, Dokuz Eyl\u00fcl University<\/li>\n    <li>Prof. \u0130rfan YURDABAKAN, Dokuz Eyl\u00fcl University<\/li>\n    <li>Prof. Kemal Y\u00dcR\u00dcMEZO\u011eLU, Dokuz Eyl\u00fcl University<\/li>\n    <li>Prof. Kenan D\u0130K\u0130L\u0130TA\u015e, University of Bergen, Norway<\/li>\n    <li>Prof. Kuthan KAHRAMANT\u00dcRK, Dokuz Eyl\u00fcl University<\/li>\n    <li>Prof. Leyla HARPUTLU, Dokuz Eyl\u00fcl University<\/li>\n    <li>Prof. Mehmet \u015eAH\u0130N, Dokuz Eyl\u00fcl University<\/li>\n    <li>Prof. Melike Y\u0130\u011e\u0130T KOYUNKAYA, Dokuz Eyl\u00fcl University<\/li>\n    <li>Prof. Melis Arzu UYULGAN, Dokuz Eyl\u00fcl University<\/li>\n    <li>Prof. Mustafa BAKA\u00c7, Dokuz Eyl\u00fcl University<\/li>\n    <li>Prof. Mustafa EROL, Dokuz Eyl\u00fcl University<\/li>\n    <li>Prof. Mustafa \u015eAH\u0130N, Dokuz Eyl\u00fcl University<\/li>\n    <li>Prof. Najate NERCI, Hassan II University, Morocco<\/li>\n    <li>Prof. Nalan AKKUZU G\u00dcVEN, Dokuz Eyl\u00fcl University<\/li>\n    <li>Prof. Necla \u015eAH\u0130N FIRAT, Dokuz Eyl\u00fcl University<\/li>\n    <li>Prof. Nevin AKKAYA, Dokuz Eyl\u00fcl University<\/li>\n    <li>Prof. Nevzat G\u00dcM\u00dc\u015e, Dokuz Eyl\u00fcl University<\/li>\n    <li>Prof. Pablo TINIO, Montclair State University, USA<\/li>\n    <li>Prof. P\u0131nar Seda \u00c7ET\u0130N, Bolu Abant \u0130zzet Baysal University<\/li>\n    <li>Prof. Rabia TANEL, Dokuz Eyl\u00fcl University<\/li>\n<li>Prof. Raziye \u00c7AKICIO\u011eLU OBAN, Dokuz Eyl\u00fcl University<\/li>\n    <li>Prof. Rukiye G\u00fcnseli YILDIRIM, Dokuz Eyl\u00fcl University<\/li>\n    <li>Prof. Salima KHATTARI, Mohammed V University, Morocco<\/li>\n    <li>Prof. S.Sunay YILDIRIM DO\u011eRU, Dokuz Eyl\u00fcl University<\/li>\n    <li>Prof. Semiha \u015eAH\u0130N, Dokuz Eyl\u00fcl University<\/li>\n    <li>Prof. Serap KAYA \u015eENG\u00d6REN, Dokuz Eyl\u00fcl University<\/li>\n    <li>Prof. Serkan NARLI, Dokuz Eyl\u00fcl University<\/li>\n    <li>Prof. Sevil AKAYG\u00dcN, Bo\u011fazi\u00e7i University<\/li>\n    <li>Prof. Sibel KILIN\u00c7 ALPAT, Dokuz Eyl\u00fcl University<\/li>\n    <li>Prof. Sibel ALMELEK \u0130\u015eMAN, Dokuz Eyl\u00fcl University<\/li>\n    <li>Prof. Sevgi AYDIN-G\u00dcNBATAR, Van Y\u00fcz\u00fcnc\u00fc Y\u0131l University<\/li>\n    <li>Prof. Suat T\u00dcRKO\u011eUZ, Dokuz Eyl\u00fcl University<\/li>\n    <li>Prof. S\u00fcha YILMAZ, Dokuz Eyl\u00fcl University<\/li>\n    <li>Prof. \u015eenol ALPAT, Dokuz Eyl\u00fcl University<\/li>\n    <li>Prof. \u015eerif Ali BOZKAPLAN, Dokuz Eyl\u00fcl University<\/li>\n    <li>Prof. Tarkan KA\u00c7MAZ, Dokuz Eyl\u00fcl University<\/li>\n    <li>Prof. Tolga G\u00d6K, Dokuz Eyl\u00fcl University<\/li>\n    <li>Prof. Tuba G\u00dcLTEK\u0130N, Dokuz Eyl\u00fcl University<\/li>\n    <li>Prof. Vesile YILDIZ DEM\u0130RTA\u015e, Dokuz Eyl\u00fcl University<\/li>\n    <li>Prof. Yahya ARAZ, Dokuz Eyl\u00fcl University<\/li>\n    <li>Prof. Ye\u015fim BEKTA\u015e \u00c7ET\u0130NKAYA, Dokuz Eyl\u00fcl University<\/li>\n    <li>Prof. Zafer TANEL, Dokuz Eyl\u00fcl University<\/li>\n    <li>Assoc. Prof. Ahmet ACAR, Dokuz Eyl\u00fcl University<\/li>\n    <li>Assoc. Prof. Ahmet Bilal \u00d6ZBEK, Dokuz Eyl\u00fcl University<\/li>\n    <li>Assoc. Prof. Ali T\u00dcRKEL, Dokuz Eyl\u00fcl University<\/li>\n    <li>Assoc. Prof. Amber WARREN, Vanderbilt University, USA<\/li>\n    <li>Assoc. Prof. Aysun N\u00fcket EL\u00c7\u0130, Dokuz Eyl\u00fcl University<\/li>\n    <li>Assoc. Prof. Ay\u015fe TEK\u0130N DEDE, Dokuz Eyl\u00fcl University<\/li>\n    <li>Assoc. Prof. Ay\u015fe YOLCU, Hacettepe University<\/li>\n    <li>Assoc. Prof. Aytu\u011f \u00d6ZALTUN \u00c7EL\u0130K, Dokuz Eyl\u00fcl University<\/li>\n    <li>Assoc. Prof. Bahad\u0131r NAMDAR, Ege University<\/li>\n<li>Assoc. Prof. Behl\u00fcl G\u00dcLER, Dokuz Eyl\u00fcl University<\/li>\n    <li>Assoc. Prof. Behsat SAVA\u015e, Dokuz Eyl\u00fcl University<\/li>\n    <li>Assoc. Prof. Berna TATARO\u011eLU TA\u015eDAN, Dokuz Eyl\u00fcl University<\/li>\n    <li>Assoc. Prof. Can DEN\u0130ZC\u0130, Dokuz Eyl\u00fcl University<\/li>\n    <li>Assoc. Prof. Cenan \u0130\u015eC\u0130 KARAME\u015eE, Dokuz Eyl\u00fcl University<\/li>\n    <li>Assoc. Prof. Coraline PRADEAU, University of Rouen, France<\/li>\n    <li>Assoc. Prof. Duygu \u00c7ET\u0130NG\u00d6Z, Dokuz Eyl\u00fcl University<\/li>\n    <li>Assoc. Prof. Duygu MET\u0130N PETEN, Ege University<\/li>\n    <li>Assoc. Prof. Elif G\u00fclfem KISTIR, Dokuz Eyl\u00fcl University<\/li>\n    <li>Assoc. Prof. Elif Bu\u011fra KUZU DEM\u0130R, Dokuz Eyl\u00fcl University<\/li>\n    <li>Assoc. Prof. Emilie Kasazian, Cergy Paris University, France<\/li>\n    <li>Assoc. Prof. Emily Phillips GALLOWAY, Vanderbilt University, USA<\/li>\n    <li>Assoc. Prof. Esin KUMLU, Dokuz Eyl\u00fcl University<\/li>\n    <li>Assoc. Prof. Esin U\u00c7AL CANAKAY, Dokuz Eyl\u00fcl University<\/li>\n    <li>Assoc. Prof. Estelle EPINOUX, Universit\u00e9 de Limoges, France<\/li>\n    <li>Assoc. Prof. Fatih \u00d6NDER, Dokuz Eyl\u00fcl University<\/li>\n    <li>Assoc. Prof. Filiz KARADA\u011e \u00dc\u00c7DAL, Dokuz Eyl\u00fcl University<\/li>\n    <li>Assoc. Prof. Irina POSTOLACHI-JOSAN, Jules Verne University of Picardy, France<\/li>\n    <li>Assoc. Prof. \u0130smail S\u00d6KMEN, Dokuz Eyl\u00fcl University<\/li>\n    <li>Assoc. Prof. Kemal AFACAN, Artvin \u00c7oruh University<\/li>\n    <li>Assoc. Prof. K\u00fcr\u015fat ARSLAN, Dokuz Eyl\u00fcl University<\/li>\n    <li>Assoc. Prof. Lindsay REITEN, University of Northern Colorado, USA<\/li>\n    <li>Assoc. Prof. Malika TEMMAR, Jules Verne University of Picardy, France<\/li>\n    <li>Assoc. Prof. Marie-H\u00e9l\u00e8ne SAUNER-LEROY, Galatasaray University, Turkey<\/li>\n    <li>Assoc. Prof. Meltem G\u00d6KDA\u011e BALTAO\u011eLU, Dokuz Eyl\u00fcl University<\/li>\n    <li>Assoc. Prof. Mehmet AKKAYA, Dokuz Eyl\u00fcl University<\/li>\n    <li>Assoc. Prof. Miren LACASSAGNE, University of Montaigne, France<\/li>\n    <li>Assoc. Prof. Muhammed Fatih DO\u011eAN, Ad\u0131yaman University<\/li>\n    <li>Assoc. Prof. \u00d6zge S\u00d6NMEZ, Dokuz Eyl\u00fcl University<\/li>\n    <li>Assoc. Prof. Ricardo V. LOZANO, Texas A&#038;M International University, USA<\/li>\n    <li>Assoc. Prof. Saliha BEN CHICK, Cergy Pontoise University, France<\/li>\n<li>Assoc. Prof. Semiha KULA \u00dcNVER, Dokuz Eyl\u00fcl University<\/li>\n    <li>Assoc. Prof. H. Sevgi MORALI, Dokuz Eyl\u00fcl University<\/li>\n    <li>Assoc. Prof. Sophie OTHMAN, Marie and Louis Pasteur University, France<\/li>\n    <li>Assoc. Prof. \u015eerife FAYDAO\u011eLU, Dokuz Eyl\u00fcl University<\/li>\n    <li>Assoc. Prof. Tuba BA\u011eATARHAN, Dokuz Eyl\u00fcl University<\/li>\n    <li>Assoc. Prof. Tuncay CANBULAT, Dokuz Eyl\u00fcl University<\/li>\n    <li>Assoc. Prof. T\u00fclay EK\u0130C\u0130, Dokuz Eyl\u00fcl University<\/li>\n    <li>Assoc. Prof. Yasemin \u00d6ZDEM YILMAZ, Mu\u011fla S\u0131tk\u0131 Ko\u00e7man University<\/li>\n    <li>Assoc. Prof. Yeliz \u00d6Z\u00dcDO\u011eRU, \u00c7anakkale Onsekiz Mart University<\/li>\n    <li>Assoc. Prof. Y\u0131ld\u0131z AYDIN, Dokuz Eyl\u00fcl University<\/li>\n    <li>Assoc. Prof. Yurdag\u00fcl KILI\u00c7 G\u00dcND\u00dcZ, Dokuz Eyl\u00fcl University<\/li>\n    <li>Asst. Prof. Asl\u0131 SADE MEM\u0130\u015eO\u011eLU, Dokuz Eyl\u00fcl University<\/li>\n    <li>Asst. Prof. Aylin Nadine KUL, Dokuz Eyl\u00fcl University<\/li>\n    <li>Asst. Prof. Bahar METE OTLU, Dokuz Eyl\u00fcl University<\/li>\n    <li>Asst. Prof. Berna \u00c7\u00d6KER, Dokuz Eyl\u00fcl University<\/li>\n    <li>Asst. Prof. Berna G\u00dcRYAY, Dokuz Eyl\u00fcl University<\/li>\n    <li>Asst. Prof. Canan AKYOL, Dokuz Eyl\u00fcl University<\/li>\n    <li>Asst. Prof. Ceren U\u00c7AN, Dokuz Eyl\u00fcl University<\/li>\n    <li>Asst. Prof. Deniz EK\u0130NC\u0130 VURAL, Dokuz Eyl\u00fcl University<\/li>\n    <li>Asst. Prof. Elif Gamze \u00d6ZCAN, Dokuz Eyl\u00fcl University<\/li>\n    <li>Asst. Prof. Erkan SERCE, Dokuz Eyl\u00fcl University<\/li>\n    <li>Asst. Prof. Erkan \u00d6ZCAN, Dokuz Eyl\u00fcl University<\/li>\n    <li>Asst. Prof. Esra BEYHAN, Dokuz Eyl\u00fcl University<\/li>\n    <li>Asst. Prof. Esra USLU, Dokuz Eyl\u00fcl University<\/li>\n    <li>Asst. Prof. F\u00fcsun \u00dcNAL, Dokuz Eyl\u00fcl University<\/li>\n    <li>Asst. Prof. G\u00fcl\u015fah K\u00dcLEK\u00c7\u0130, Dokuz Eyl\u00fcl University<\/li>\n    <li>Asst. Prof. H. Arzu G\u00d6K\u00c7E G\u00dcND\u00dcZO\u011eLU, Dokuz Eyl\u00fcl University<\/li>\n    <li>Asst. Prof. Halil \u0130brahim \u00c7AKIR, Giresun University<\/li>\n    <li>Asst. Prof. Hanife KESK\u0130N, Dokuz Eyl\u00fcl University<\/li>\n    <li>Asst. Prof. Hasan T\u00dcRKER, Dokuz Eyl\u00fcl University<\/li>\n    <li>Asst. Prof. I\u015f\u0131l \u0130\u015eLER-BAYKAL, Middle East Technical University<\/li>\n<li>Asst. Prof. Mehmet \u00d6ZER, Dokuz Eyl\u00fcl University<\/li>\n    <li>Asst. Prof. Nilay MUSLU K\u00d6M\u00dcRC\u00dc, Mu\u011fla S\u0131tk\u0131 Ko\u00e7man University<\/li>\n    <li>Asst. Prof. \u00d6zge \u00d6ZBAYRAK AZMAN, Dokuz Eyl\u00fcl University<\/li>\n    <li>Asst. Prof. \u00d6zgehan U\u015eTUK, The Hong Kong Polytechnic University, Hong Kong<\/li>\n    <li>Asst. Prof. Peyruze Rana \u00c7ET\u0130NKAYA, Dokuz Eyl\u00fcl University<\/li>\n    <li>Asst. Prof. Sebahat Sevgi UYGUR, Dokuz Eyl\u00fcl University<\/li>\n    <li>Asst. Prof. Simge KO\u00c7, Dokuz Eyl\u00fcl University<\/li>\n    <li>Asst. Prof. Tolga G\u00dcNDO\u011eDU, Dokuz Eyl\u00fcl University<\/li>\n    <li>Asst. Prof. Tu\u011fba \u015e\u0130M\u015eEK, Dokuz Eyl\u00fcl University<\/li>\n    <li>Asst. Prof. Ya\u015far YAVUZ, Dokuz Eyl\u00fcl University<\/li>\n    <li>Asst. Prof. Yusuf ERKU\u015e, Dokuz Eyl\u00fcl University<\/li>\n    <li>Asst. Prof. Z\u00fcbeyde DO\u011eAN, Dokuz Eyl\u00fcl University<\/li>\n    <li>Dr. Donald STAUB, Izmir University of Economics<\/li>\n    <li>Dr. Frances HASSETT, Manager at Limerick Mental Health Association, Limerick, Ireland<\/li>\n    <li>Dr. Galip Emre YILDIRIM, Catholic Institute of Paris, France<\/li>\n    <li>Dr. Kathleen M. GOODYEAR, PhD, USA Independent Scholar, USA<\/li>\n    <li>Dr. Olympia AGALIANOU, University of Macedonia, Democritus University of Thrace, Ionian University and N.K.U.A., Greece<\/li>\n    <li>Dr. Polina SAMOCHKINA, Director at Ruzy Gallery, Poland<\/li>\n    <li>Dr. Shirley SALMON, Orff-Institute, Mozarteum University Salzburg, Austria<\/li>\n    <li>Christa COOGAN, University of Music and Theatre Munich, Germany<\/li>\n    <li>Sandra TOMC, Jean Monnet University, France<\/li>\n    <li>Tivadar PALAGY, ELTE University, Hungary<\/li>\n<\/ul>\n<\/div>\n  <\/div>\n\n  <div style=\"margin-top: 2rem;\">\n    <h3 style=\"color: #192a56; font-size: 20px;\">Executive Committee<\/h3>\n       <div style=\"background-color: #1e293b; color: white; padding: 20px; border-radius: 12px; margin-bottom: 2rem;\">\n    <ul style=\"list-style-type: disc; padding-left: 20px;\">\n      <li>Res. Asst. Ali \u00d6ZL\u00dcSOY<\/li>\n      <li>Res. Asst. Ay\u015fenur Zeynep KAYA<\/li>\n      <li>Res. Asst. Bar\u0131\u015f B\u0130\u00c7\u0130ML\u0130<\/li>\n      <li>Res. Asst. Beste Selin KOCA<\/li>\n      <li>Res. Asst. Beyza K\u00d6KSAL<\/li>\n      <li>Res. Asst. B\u00fc\u015fra YAL\u00c7IN<\/li>\n      <li>Res. Asst. Ceren YE\u015e\u0130L<\/li>\n      <li>Res. Asst. Dilara Melis EREN<\/li>\n      <li>Res. Asst. Elif \u0130LHAN \u015e\u0130M\u015e\u0130R<\/li>\n      <li>Res. Asst. Elif MUTLU<\/li>\n      <li>Res. Asst. Elif Verda ERKAN<\/li>\n      <li>Res. Asst. Endam D\u00dcZYOL T\u00dcRK<\/li>\n      <li>Res. Asst. Ekin ALTIKARDE\u015e<\/li>\n      <li>Res. Asst. Erim CANT\u00dcRK<\/li>\n      <li>Res. Asst. Esat KUZU<\/li>\n      <li>Res. Asst. Hazal YAMAN<\/li>\n      <li>Res. Asst. Mustafa Rahman \u00d6ZDEN<\/li>\n      <li>Res. Asst. Nimet Hande TANK HONA\u00c7<\/li>\n      <li>Res. Asst. \u00d6zdemir D\u0130K\u0130C\u0130G\u0130L<\/li>\n      <li>Res. Asst. Tu\u011f\u00e7e Merve SA\u011eIR<\/li>\n      <li>Res. Asst. Sena SEZG\u0130N<\/li>\n      <li>Res. Asst. Ufuk D\u0130LEK<\/li>\n      <li>Res. Asst. U\u011furcan D\u0130LBER<\/li>\n      <li>Res. Asst. Umut CEYLAN<\/li>\n    <\/ul>\n    <\/div>\n  <\/div>\n\n<\/section>\n","protected":false},"excerpt":{"rendered":"<p>COMMITTEES Honor Board Prof. Bayram YILMAZ (Honorary Chair) \u2013 DEU Rector Prof. Dil\u015fen \u0130NCE ERDO\u011eAN \u2013 DEU Vice Rector Prof. D\u00fcndar YENER \u2013 DEU Deputy Gen. Secretary Chair of the Organizing Committee Prof. Sibel YE\u015e\u0130LDERE \u0130MRE \u2013 DEU Buca Faculty of Education Dean Organizing Committee Prof. Asl\u0131 UZ BA\u015e, Dokuz Eyl\u00fcl University Prof. Ayb\u00fcke PABU\u00c7CUO\u011eLU [&hellip;]<\/p>\n","protected":false},"author":1,"featured_media":0,"parent":0,"menu_order":0,"comment_status":"closed","ping_status":"closed","template":"","meta":{"footnotes":""},"_links":{"self":[{"href":"https:\/\/deubefevents.com\/ubest2025_en\/wp-json\/wp\/v2\/pages\/490"}],"collection":[{"href":"https:\/\/deubefevents.com\/ubest2025_en\/wp-json\/wp\/v2\/pages"}],"about":[{"href":"https:\/\/deubefevents.com\/ubest2025_en\/wp-json\/wp\/v2\/types\/page"}],"author":[{"embeddable":true,"href":"https:\/\/deubefevents.com\/ubest2025_en\/wp-json\/wp\/v2\/users\/1"}],"replies":[{"embeddable":true,"href":"https:\/\/deubefevents.com\/ubest2025_en\/wp-json\/wp\/v2\/comments?post=490"}],"version-history":[{"count":48,"href":"https:\/\/deubefevents.com\/ubest2025_en\/wp-json\/wp\/v2\/pages\/490\/revisions"}],"predecessor-version":[{"id":1070,"href":"https:\/\/deubefevents.com\/ubest2025_en\/wp-json\/wp\/v2\/pages\/490\/revisions\/1070"}],"wp:attachment":[{"href":"https:\/\/deubefevents.com\/ubest2025_en\/wp-json\/wp\/v2\/media?parent=490"}],"curies":[{"name":"wp","href":"https:\/\/api.w.org\/{rel}","templated":true}]}}