{"id":683,"date":"2025-07-24T09:44:55","date_gmt":"2025-07-24T09:44:55","guid":{"rendered":"https:\/\/deubefevents.com\/ubest2025_en\/?page_id=683"},"modified":"2025-09-04T15:03:04","modified_gmt":"2025-09-04T15:03:04","slug":"participation-fee-and-payment-information","status":"publish","type":"page","link":"https:\/\/deubefevents.com\/ubest2025_en\/participation-fee-and-payment-information\/","title":{"rendered":"Participation Fee and Payment Information"},"content":{"rendered":"\n<section style=\"background-color: #ffffff; color: #1b1b1b; padding: 40px 20px; font-family: 'Segoe UI', sans-serif;\">\n  <div style=\"max-width: 1000px; margin: auto;\">\n\n    <h2 style=\"color: #2d57c6; font-size: 32px; border-bottom: 2px solid #2d57c6; padding-bottom: 10px; margin-bottom: 30px;\">\n      Participation Fee and Payment Information\n    <\/h2>\n\n    <p style=\"font-size: 18px; margin-bottom: 10px;\"><strong>Deadline for Registration Fee Deposit:<\/strong> 22.09.2025<\/p>\n\n    <ul style=\"list-style: none; padding: 0; font-size: 18px; margin-top: 20px; margin-bottom: 30px;\">\n      <li><strong>Academic Presenting Paper:<\/strong> 100\u20ac<\/li>\n      <li><strong>Graduate Student Presenting Paper:<\/strong> 50\u20ac<\/li>\n      <li><strong>Listener:<\/strong> 40\u20ac (Daily attendance)<\/li>\n      <li><strong>Exhibition:<\/strong> 40\u20ac<\/li>\n      <li><strong>Gala Dinner:<\/strong> 1250TL<\/li>\n    <\/ul>\n\n    <p style=\"font-size: 18px; line-height: 1.6;\">The exhibition-only participation fee does not include lunch and refreshments.<\/p>\n    <p style=\"font-size: 18px; line-height: 1.6;\">Audience members can also pay at the symposium. Those who register as listeners will receive a badge and an electronic certificate of participation.<\/p>\n    <p style=\"font-size: 18px; line-height: 1.6;\">For an accepted paper to be included in the Symposium program, at least one author must pay a registration fee. For co-authored papers, each author who wishes to receive a participation certificate or will attend the symposium in person must pay a participation fee.<\/p>\n    <p style=\"font-size: 18px; line-height: 1.6;\">A maximum of two papers by the same author may be submitted with one participation fee. If more than two papers by the same author are submitted, an additional 40\u20ac must be paid for each paper in addition to the participation fee.<\/p>\n\n    <p style=\"font-size: 18px; line-height: 1.6;\">Participation fees will not be refunded.<\/p>\n    <p style=\"font-size: 18px; line-height: 1.6;\">A &#8220;Certificate of Participation&#8221; will be issued to those who register, pay the participation fee, and present their presentations.<\/p>\n\n    <h3 style=\"color: #2d57c6; font-size: 24px; margin-top: 40px; border-bottom: 1px solid #ccc; padding-bottom: 8px;\">Services Included in the Participation Fee:<\/h3>\n\n    <ul style=\"font-size: 18px; line-height: 1.8; margin-bottom: 30px;\">\n      <li>Participation in paper presentation sessions, panels, workshops and invited speaker sessions<\/li>\n      <li>Electronic participation certificate<\/li>\n      <li>Lunch, tea, coffee and refreshments on October 9-10, 2025<\/li>\n    <\/ul>\n\n    <h3 style=\"color: #2d57c6; font-size: 24px; margin-top: 40px; border-bottom: 1px solid #ccc; padding-bottom: 8px;\">Bank Details<\/h3>\n\n    <ul style=\"font-size: 18px; line-height: 1.8; list-style: none; padding: 0;\">\n      <li><strong>Bank Name:<\/strong> Ziraat Bankas\u0131<\/li>\n      <li><strong>Branch Name:<\/strong> 9 Eyl\u00fcl Branch<\/li>\n      <li><strong>Account Name:<\/strong> Dokuz Eyl\u00fcl \u00dcniversitesi D\u00f6ner Sermaye \u0130\u015fletmesi Buca E\u011fitim Fak\u00fcltesi Birimi<\/li>\n      <li><strong>IBAN:<\/strong> TR 6000 0100 1506 0679 9887 5047<\/li>\n    <\/ul>\n\n    <h3 style=\"color: #2d57c6; font-size: 24px; margin-top: 40px; border-bottom: 1px solid #ccc; padding-bottom: 8px;\">Payment Instructions<\/h3>\n\n    <ul style=\"font-size: 18px; line-height: 1.8;\">\n      <li>Each participant must pay the participation fee from their own account.<\/li>\n      <li>The participation fee must be paid for a single person.<\/li>\n      <li>The name of the presenter must be written in the \u201cDescription\u201d section of the transaction.<\/li>\n      <li>If it is a paper participant: <strong>[Name Surname]_Paper_UBEST2025<\/strong><\/li>\n      <li>If it is a performance\/exhibition participant: <strong>[Name Surname]_Performance\/Exhibition_UBEST2025<\/strong><\/li>\n      <li>If it is a listener: <strong>[Name Surname]_Listener_UBEST2025<\/strong><\/li>\n      <li>Gala Dinner: <strong>[Name Surname]_Gala_UBEST2025<\/strong><\/li>\n    <\/ul>\n\n\n\n    <ul style=\"font-size: 18px; line-height: 1.8; margin-top: 20px;\">Symposium registration fee payment receipts must be uploaded to the registration form.\n      <li>For paper presentation participation, receipts must be uploaded to the Presentation Submission &#038; Registration tab.<\/li>\n      <li>For exhibition\/performance participation, receipts must be uploaded to the Exhibition\/Performance Application and Registration tab.<\/li>\n      <li>For audience participation, receipts must be uploaded to the Audience Registration tab.<\/li>\n    <\/ul>\n  \n\n  <\/div>\n<\/section>\n","protected":false},"excerpt":{"rendered":"<p>Participation Fee and Payment Information Deadline for Registration Fee Deposit: 22.09.2025 Academic Presenting Paper: 100\u20ac Graduate Student Presenting Paper: 50\u20ac Listener: 40\u20ac (Daily attendance) Exhibition: 40\u20ac Gala Dinner: 1250TL The exhibition-only participation fee does not include lunch and refreshments. Audience members can also pay at the symposium. Those who register as listeners will receive a [&hellip;]<\/p>\n","protected":false},"author":1,"featured_media":0,"parent":0,"menu_order":0,"comment_status":"closed","ping_status":"closed","template":"","meta":{"footnotes":""},"_links":{"self":[{"href":"https:\/\/deubefevents.com\/ubest2025_en\/wp-json\/wp\/v2\/pages\/683"}],"collection":[{"href":"https:\/\/deubefevents.com\/ubest2025_en\/wp-json\/wp\/v2\/pages"}],"about":[{"href":"https:\/\/deubefevents.com\/ubest2025_en\/wp-json\/wp\/v2\/types\/page"}],"author":[{"embeddable":true,"href":"https:\/\/deubefevents.com\/ubest2025_en\/wp-json\/wp\/v2\/users\/1"}],"replies":[{"embeddable":true,"href":"https:\/\/deubefevents.com\/ubest2025_en\/wp-json\/wp\/v2\/comments?post=683"}],"version-history":[{"count":7,"href":"https:\/\/deubefevents.com\/ubest2025_en\/wp-json\/wp\/v2\/pages\/683\/revisions"}],"predecessor-version":[{"id":1063,"href":"https:\/\/deubefevents.com\/ubest2025_en\/wp-json\/wp\/v2\/pages\/683\/revisions\/1063"}],"wp:attachment":[{"href":"https:\/\/deubefevents.com\/ubest2025_en\/wp-json\/wp\/v2\/media?parent=683"}],"curies":[{"name":"wp","href":"https:\/\/api.w.org\/{rel}","templated":true}]}}