{"id":164,"date":"2022-12-07T13:43:21","date_gmt":"2022-12-07T13:43:21","guid":{"rendered":"https:\/\/deubefevents.com\/uebas\/?page_id=164"},"modified":"2023-03-23T16:29:07","modified_gmt":"2023-03-23T16:29:07","slug":"program","status":"publish","type":"page","link":"https:\/\/deubefevents.com\/uebas\/program\/","title":{"rendered":"Program"},"content":{"rendered":"\n<p><a href=\"https:\/\/drive.google.com\/file\/d\/1x9z9w5Bji54nBQoqmqvwNyina7H_OCyx\/view?usp=share_link\" data-type=\"URL\" data-id=\"https:\/\/drive.google.com\/file\/d\/1x9z9w5Bji54nBQoqmqvwNyina7H_OCyx\/view?usp=share_link\">UEBAS 2023 sempozyum program\u0131 i\u00e7in t\u0131klay\u0131n\u0131z.<\/a><\/p>\n","protected":false},"excerpt":{"rendered":"<p>UEBAS 2023 sempozyum program\u0131 i\u00e7in t\u0131klay\u0131n\u0131z.<\/p>\n","protected":false},"author":1,"featured_media":0,"parent":0,"menu_order":0,"comment_status":"closed","ping_status":"closed","template":"","meta":{"footnotes":""},"class_list":["post-164","page","type-page","status-publish","hentry"],"_links":{"self":[{"href":"https:\/\/deubefevents.com\/uebas\/wp-json\/wp\/v2\/pages\/164","targetHints":{"allow":["GET"]}}],"collection":[{"href":"https:\/\/deubefevents.com\/uebas\/wp-json\/wp\/v2\/pages"}],"about":[{"href":"https:\/\/deubefevents.com\/uebas\/wp-json\/wp\/v2\/types\/page"}],"author":[{"embeddable":true,"href":"https:\/\/deubefevents.com\/uebas\/wp-json\/wp\/v2\/users\/1"}],"replies":[{"embeddable":true,"href":"https:\/\/deubefevents.com\/uebas\/wp-json\/wp\/v2\/comments?post=164"}],"version-history":[{"count":13,"href":"https:\/\/deubefevents.com\/uebas\/wp-json\/wp\/v2\/pages\/164\/revisions"}],"predecessor-version":[{"id":299,"href":"https:\/\/deubefevents.com\/uebas\/wp-json\/wp\/v2\/pages\/164\/revisions\/299"}],"wp:attachment":[{"href":"https:\/\/deubefevents.com\/uebas\/wp-json\/wp\/v2\/media?parent=164"}],"curies":[{"name":"wp","href":"https:\/\/api.w.org\/{rel}","templated":true}]}}