{"id":179,"date":"2022-12-14T08:27:29","date_gmt":"2022-12-14T08:27:29","guid":{"rendered":"https:\/\/deubefevents.com\/uebas\/?page_id=179"},"modified":"2023-03-17T06:45:19","modified_gmt":"2023-03-17T06:45:19","slug":"davetli-konusmacilar","status":"publish","type":"page","link":"https:\/\/deubefevents.com\/uebas\/davetli-konusmacilar\/","title":{"rendered":"Davetli Konu\u015fmac\u0131lar"},"content":{"rendered":"\n<div class=\"wp-block-jetpack-layout-grid column1-desktop-grid__span-12 column1-desktop-grid__row-1 column1-tablet-grid__span-8 column1-tablet-grid__row-1 column1-mobile-grid__span-4 column1-mobile-grid__row-1\">\n<div class=\"wp-block-jetpack-layout-grid-column wp-block-jetpack-layout-grid__padding-none\"><div class=\"wp-block-image is-style-rounded\">\n<figure class=\"aligncenter size-full\"><img loading=\"lazy\" decoding=\"async\" width=\"259\" height=\"345\" src=\"https:\/\/deubefevents.com\/uebas\/wp-content\/uploads\/2023\/01\/Picture1.jpg\" alt=\"\" class=\"wp-image-225\" srcset=\"https:\/\/deubefevents.com\/uebas\/wp-content\/uploads\/2023\/01\/Picture1.jpg 259w, https:\/\/deubefevents.com\/uebas\/wp-content\/uploads\/2023\/01\/Picture1-225x300.jpg 225w\" sizes=\"auto, (max-width: 259px) 100vw, 259px\" \/><\/figure>\n<\/div>\n\n\n<p class=\"has-text-align-center has-medium-font-size\">Prof.Dr. Thomas C. Reeves, Ph.D<\/p>\n\n\n\n<p class=\"has-text-align-center has-medium-font-size\">Professor Emeritus of Learning, Design, and Technology, The University of Georgia, USA<\/p>\n<\/div>\n<\/div>\n\n\n\n<div class=\"wp-block-jetpack-layout-grid column1-desktop-grid__span-6 column1-desktop-grid__row-1 column2-desktop-grid__span-6 column2-desktop-grid__start-7 column2-desktop-grid__row-1 column1-tablet-grid__span-4 column1-tablet-grid__row-1 column2-tablet-grid__span-4 column2-tablet-grid__start-5 column2-tablet-grid__row-1 column1-mobile-grid__span-4 column1-mobile-grid__row-1 column2-mobile-grid__span-4 column2-mobile-grid__row-2\">\n<div class=\"wp-block-jetpack-layout-grid-column wp-block-jetpack-layout-grid__padding-none\"><div class=\"wp-block-image is-style-rounded\">\n<figure class=\"aligncenter size-medium\"><img loading=\"lazy\" decoding=\"async\" width=\"300\" height=\"300\" src=\"https:\/\/deubefevents.com\/uebas\/wp-content\/uploads\/2023\/01\/Picture2-300x300.jpg\" alt=\"\" class=\"wp-image-226\" srcset=\"https:\/\/deubefevents.com\/uebas\/wp-content\/uploads\/2023\/01\/Picture2.jpg 300w, https:\/\/deubefevents.com\/uebas\/wp-content\/uploads\/2023\/01\/Picture2-150x150.jpg 150w\" sizes=\"auto, (max-width: 300px) 100vw, 300px\" \/><figcaption class=\"wp-element-caption\">Do\u00e7.Dr. Arzu Leushuis , Florida State University, USA<\/figcaption><\/figure>\n<\/div><\/div>\n\n\n\n<div class=\"wp-block-jetpack-layout-grid-column wp-block-jetpack-layout-grid__padding-none\"><div class=\"wp-block-image is-style-rounded\">\n<figure class=\"aligncenter size-medium\"><img loading=\"lazy\" decoding=\"async\" width=\"300\" height=\"300\" src=\"https:\/\/deubefevents.com\/uebas\/wp-content\/uploads\/2023\/01\/Picture3-300x300.jpg\" alt=\"\" class=\"wp-image-227\" srcset=\"https:\/\/deubefevents.com\/uebas\/wp-content\/uploads\/2023\/01\/Picture3.jpg 300w, https:\/\/deubefevents.com\/uebas\/wp-content\/uploads\/2023\/01\/Picture3-150x150.jpg 150w\" sizes=\"auto, (max-width: 300px) 100vw, 300px\" \/><figcaption class=\"wp-element-caption\">Prof.Dr. Ithel Jones, Florida State University, USA<\/figcaption><\/figure>\n<\/div><\/div>\n<\/div>\n\n\n\n<div class=\"wp-block-jetpack-layout-grid column1-desktop-grid__span-6 column1-desktop-grid__row-1 column2-desktop-grid__span-6 column2-desktop-grid__start-7 column2-desktop-grid__row-1 column1-tablet-grid__span-4 column1-tablet-grid__row-1 column2-tablet-grid__span-4 column2-tablet-grid__start-5 column2-tablet-grid__row-1 column1-mobile-grid__span-4 column1-mobile-grid__row-1 column2-mobile-grid__span-4 column2-mobile-grid__row-2\">\n<div class=\"wp-block-jetpack-layout-grid-column wp-block-jetpack-layout-grid__padding-none\"><div class=\"wp-block-image is-style-rounded\">\n<figure class=\"aligncenter size-medium\"><img loading=\"lazy\" decoding=\"async\" width=\"233\" height=\"300\" src=\"https:\/\/deubefevents.com\/uebas\/wp-content\/uploads\/2023\/01\/Picture4-233x300.jpg\" alt=\"\" class=\"wp-image-228\" srcset=\"https:\/\/deubefevents.com\/uebas\/wp-content\/uploads\/2023\/01\/Picture4-233x300.jpg 233w, https:\/\/deubefevents.com\/uebas\/wp-content\/uploads\/2023\/01\/Picture4.jpg 264w\" sizes=\"auto, (max-width: 233px) 100vw, 233px\" \/><figcaption class=\"wp-element-caption\">Prof.Dr. Meral G\u00fcven, Anadolu \u00dcniversitesi, T\u00fcrkiye<\/figcaption><\/figure>\n<\/div><\/div>\n\n\n\n<div class=\"wp-block-jetpack-layout-grid-column wp-block-jetpack-layout-grid__padding-none\"><div class=\"wp-block-image is-style-rounded\">\n<figure class=\"aligncenter size-medium\"><img loading=\"lazy\" decoding=\"async\" width=\"239\" height=\"300\" src=\"https:\/\/deubefevents.com\/uebas\/wp-content\/uploads\/2023\/01\/Picture5-239x300.jpg\" alt=\"\" class=\"wp-image-229\" srcset=\"https:\/\/deubefevents.com\/uebas\/wp-content\/uploads\/2023\/01\/Picture5-239x300.jpg 239w, https:\/\/deubefevents.com\/uebas\/wp-content\/uploads\/2023\/01\/Picture5.jpg 512w\" sizes=\"auto, (max-width: 239px) 100vw, 239px\" \/><figcaption class=\"wp-element-caption\">Prof.Dr. David M. Anderson, Eastern Michigan University College of Education<\/figcaption><\/figure>\n<\/div><\/div>\n<\/div>\n","protected":false},"excerpt":{"rendered":"<p>Prof.Dr. Thomas C. Reeves, Ph.D Professor Emeritus of Learning, Design, and Technology, The University of Georgia, USA<\/p>\n","protected":false},"author":1,"featured_media":0,"parent":0,"menu_order":0,"comment_status":"closed","ping_status":"closed","template":"","meta":{"footnotes":""},"class_list":["post-179","page","type-page","status-publish","hentry"],"_links":{"self":[{"href":"https:\/\/deubefevents.com\/uebas\/wp-json\/wp\/v2\/pages\/179","targetHints":{"allow":["GET"]}}],"collection":[{"href":"https:\/\/deubefevents.com\/uebas\/wp-json\/wp\/v2\/pages"}],"about":[{"href":"https:\/\/deubefevents.com\/uebas\/wp-json\/wp\/v2\/types\/page"}],"author":[{"embeddable":true,"href":"https:\/\/deubefevents.com\/uebas\/wp-json\/wp\/v2\/users\/1"}],"replies":[{"embeddable":true,"href":"https:\/\/deubefevents.com\/uebas\/wp-json\/wp\/v2\/comments?post=179"}],"version-history":[{"count":6,"href":"https:\/\/deubefevents.com\/uebas\/wp-json\/wp\/v2\/pages\/179\/revisions"}],"predecessor-version":[{"id":286,"href":"https:\/\/deubefevents.com\/uebas\/wp-json\/wp\/v2\/pages\/179\/revisions\/286"}],"wp:attachment":[{"href":"https:\/\/deubefevents.com\/uebas\/wp-json\/wp\/v2\/media?parent=179"}],"curies":[{"name":"wp","href":"https:\/\/api.w.org\/{rel}","templated":true}]}}