{"id":306,"date":"2023-05-05T09:14:40","date_gmt":"2023-05-05T09:14:40","guid":{"rendered":"https:\/\/deubefevents.com\/uebas\/?page_id=306"},"modified":"2023-05-05T09:16:17","modified_gmt":"2023-05-05T09:16:17","slug":"ozet-bildiri-kitabi","status":"publish","type":"page","link":"https:\/\/deubefevents.com\/uebas\/ozet-bildiri-kitabi\/","title":{"rendered":"\u00d6zet Bildiri Kitab\u0131"},"content":{"rendered":"\n<p><a href=\"https:\/\/drive.google.com\/file\/d\/1PS8D3K8s_52SqXbIZQw6JA_wUgxrUTbQ\/view?usp=share_link\" data-type=\"URL\" data-id=\"https:\/\/drive.google.com\/file\/d\/1PS8D3K8s_52SqXbIZQw6JA_wUgxrUTbQ\/view?usp=share_link\">\u00d6zet Bildiri Kitab\u0131na Ula\u015fmak \u0130\u00e7in T\u0131klay\u0131n\u0131z.<\/a><\/p>\n","protected":false},"excerpt":{"rendered":"<p>\u00d6zet Bildiri Kitab\u0131na Ula\u015fmak \u0130\u00e7in T\u0131klay\u0131n\u0131z.<\/p>\n","protected":false},"author":1,"featured_media":0,"parent":0,"menu_order":0,"comment_status":"closed","ping_status":"closed","template":"","meta":{"footnotes":""},"class_list":["post-306","page","type-page","status-publish","hentry"],"_links":{"self":[{"href":"https:\/\/deubefevents.com\/uebas\/wp-json\/wp\/v2\/pages\/306","targetHints":{"allow":["GET"]}}],"collection":[{"href":"https:\/\/deubefevents.com\/uebas\/wp-json\/wp\/v2\/pages"}],"about":[{"href":"https:\/\/deubefevents.com\/uebas\/wp-json\/wp\/v2\/types\/page"}],"author":[{"embeddable":true,"href":"https:\/\/deubefevents.com\/uebas\/wp-json\/wp\/v2\/users\/1"}],"replies":[{"embeddable":true,"href":"https:\/\/deubefevents.com\/uebas\/wp-json\/wp\/v2\/comments?post=306"}],"version-history":[{"count":1,"href":"https:\/\/deubefevents.com\/uebas\/wp-json\/wp\/v2\/pages\/306\/revisions"}],"predecessor-version":[{"id":307,"href":"https:\/\/deubefevents.com\/uebas\/wp-json\/wp\/v2\/pages\/306\/revisions\/307"}],"wp:attachment":[{"href":"https:\/\/deubefevents.com\/uebas\/wp-json\/wp\/v2\/media?parent=306"}],"curies":[{"name":"wp","href":"https:\/\/api.w.org\/{rel}","templated":true}]}}