{"id":35,"date":"2022-11-18T13:09:35","date_gmt":"2022-11-18T13:09:35","guid":{"rendered":"https:\/\/deubefevents.com\/uebas\/?page_id=35"},"modified":"2023-01-25T12:41:24","modified_gmt":"2023-01-25T12:41:24","slug":"onemli-tarihler","status":"publish","type":"page","link":"https:\/\/deubefevents.com\/uebas\/tr\/onemli-tarihler\/","title":{"rendered":"\u00d6nemli Tarihler"},"content":{"rendered":"\n<figure class=\"wp-block-table\"><table><tbody><tr><td>Bildiri \u00d6zeti G\u00f6nderim Ba\u015flang\u0131\u00e7 Tarihi<\/td><td>24 OCAK 2023<\/td><\/tr><tr><td>Bildiri \u00d6zeti G\u00f6nderim Biti\u015f Tarihi<\/td><td>06 MART 2023<\/td><\/tr><tr><td>Kay\u0131t D\u00f6nemi Ba\u015flang\u0131\u00e7 Tarihi<\/td><td>15 OCAK 2023<\/td><\/tr><tr><td>Kesin Kay\u0131t \u0130\u015flemleri \u0130\u00e7in Son Tarih<\/td><td>16 MART 2023<\/td><\/tr><tr><td>Konferans tarihleri<\/td><td>24-25 MART 2023<\/td><\/tr><tr><td>Bildiri \u00d6zetleri Kitab\u0131 Yay\u0131n Tarihi &nbsp;&nbsp;<\/td><td>17 N\u0130SAN 2023<\/td><\/tr><\/tbody><\/table><\/figure>\n","protected":false},"excerpt":{"rendered":"<p>Bildiri \u00d6zeti G\u00f6nderim Ba\u015flang\u0131\u00e7 Tarihi 24 OCAK 2023 Bildiri \u00d6zeti G\u00f6nderim Biti\u015f Tarihi 06 MART 2023 Kay\u0131t D\u00f6nemi Ba\u015flang\u0131\u00e7 Tarihi 15 OCAK 2023 Kesin Kay\u0131t \u0130\u015flemleri \u0130\u00e7in Son Tarih 16 MART 2023 Konferans tarihleri 24-25 MART 2023 Bildiri \u00d6zetleri Kitab\u0131 Yay\u0131n Tarihi &nbsp;&nbsp; 17 N\u0130SAN 2023<\/p>\n","protected":false},"author":1,"featured_media":0,"parent":0,"menu_order":0,"comment_status":"closed","ping_status":"closed","template":"","meta":{"footnotes":""},"class_list":["post-35","page","type-page","status-publish","hentry"],"_links":{"self":[{"href":"https:\/\/deubefevents.com\/uebas\/wp-json\/wp\/v2\/pages\/35","targetHints":{"allow":["GET"]}}],"collection":[{"href":"https:\/\/deubefevents.com\/uebas\/wp-json\/wp\/v2\/pages"}],"about":[{"href":"https:\/\/deubefevents.com\/uebas\/wp-json\/wp\/v2\/types\/page"}],"author":[{"embeddable":true,"href":"https:\/\/deubefevents.com\/uebas\/wp-json\/wp\/v2\/users\/1"}],"replies":[{"embeddable":true,"href":"https:\/\/deubefevents.com\/uebas\/wp-json\/wp\/v2\/comments?post=35"}],"version-history":[{"count":6,"href":"https:\/\/deubefevents.com\/uebas\/wp-json\/wp\/v2\/pages\/35\/revisions"}],"predecessor-version":[{"id":258,"href":"https:\/\/deubefevents.com\/uebas\/wp-json\/wp\/v2\/pages\/35\/revisions\/258"}],"wp:attachment":[{"href":"https:\/\/deubefevents.com\/uebas\/wp-json\/wp\/v2\/media?parent=35"}],"curies":[{"name":"wp","href":"https:\/\/api.w.org\/{rel}","templated":true}]}}